{"id":10559,"date":"2019-10-10T13:26:00","date_gmt":"2021-03-07T17:14:23","guid":{"rendered":"https:\/\/www.folkland.lv\/?post_type=product&#038;p=10559"},"modified":"2021-04-14T11:04:05","modified_gmt":"2021-04-14T08:04:05","slug":"045-laste-kiik-uhele-lapsele-aeda-terrassile-valge-grafiit","status":"publish","type":"product","link":"https:\/\/www.folkland.lv\/et\/prece\/045-laste-kiik-uhele-lapsele-aeda-terrassile-valge-grafiit\/","title":{"rendered":"045 Laste kiik \u00fchele lapsele Aeda \/ Terrassile Valge\/Grafiit"},"content":{"rendered":"<p><span style=\"color: #ff0000;\">T\u00e4helepanu<\/span> \u2013 Kiik on valmistatud naturaalsest m\u00e4nnipuidust. Puit on looduslik materjal ja v\u00e4liste tegurite (p\u00e4ike, vihm, tuul, lumi)\u00a0otsene m\u00f5ju v\u00f5ib p\u00f5hjustada selle kuju, v\u00e4rvi ja tekstuuri muutumise ning vaigu ja mikrom\u00f5rade tekkimise. Puidust kiike tuleb hoida halva ilma eest vaatamata sellele, et kiik on t\u00f6\u00f6deldud mitme kihi kaitsevahendiga ja talub kerget vihma. Kui see pikaks ajaks L\u00e4ti ilma meelevalda j\u00e4tta, v\u00f5ib v\u00e4rv maha tulla ja seet\u00f5ttu tuleb puitm\u00f6\u00f6blit v\u00e4liste tegurite otsese m\u00f5ju eest kaitsta, kattes selle presendiga v\u00f5i t\u00f5stes varju alla.<\/p>\n<p>Hooldus \u2013 K\u00e4esoleval tootel on t\u00e4iendav puidukaitse ja erihooldust see ei vaja. Kasutamise k\u00e4igus tekkiva mustuse ja tolmu v\u00f5ib \u00e4ra p\u00fchkida niiske pehme lapiga.\u00a0Kaitsvat laki- ja v\u00e4rvikihti on soovitav aastas korra aiahooaja l\u00f5ppedes uuendada.<\/p>\n<p>Hoiustamine\u00a0\u2013 Kui te kiike pikka aega ei kasuta, v\u00f5ite selle kaitseks otsese p\u00e4ikesevalguse, vee ja tuule eest kattega katta. Talvel on soovitav kiike hoida\u00a0kuivas kohas. See pikendab m\u00f6\u00f6bli t\u00f6\u00f6iga ja j\u00e4rgmisel hooajal n\u00e4eb kiik v\u00e4lja nagu uus.<\/p>\n<p>Toote kirjeldus:<br \/>\nKiik 97cm x 123cm x 153cm (laius x pikkus x k\u00f5rgus);<br \/>\nIste reguleeritava k\u00f5rgusega (laius 30 x s\u00fcgavus 30 x seljatoe k\u00f5rgus 34cm)<br \/>\nTarnitakse osadeks v\u00f5etuna;<br \/>\nKomplektis \u2013 skemaatiline kokkupaneku juhend, kinnitusvahendid;<br \/>\nPakend \u2013 kartongkarp;<br \/>\nToote kaal \u2013 15kg;<br \/>\nMaterjal \u2013\u00a0M\u00e4nd\/kuusk;<br \/>\nT\u00e4iendav puidu kaitse \u2013\u00a0Vivacolor Villa Akva (modifitseeritud, veep\u00f5hine mattv\u00e4rv puitpindadele v\u00e4listingimustes. V\u00e4rv moodustab mustust ja vett h\u00fclgava pinna. Villa Akva tagab suurep\u00e4rase v\u00e4rvi ja l\u00e4ike p\u00fcsivuse. Puit j\u00e4tab siidise mattpinna mulje);<br \/>\nV\u00e4rv\u00a0\u2013 valge \/ grafiit;<\/p>\n","protected":false},"excerpt":{"rendered":"<p>Olulisemad andmed:<br \/>\nPuit on esteetiline, looduslik ja vastupidav materjal, mis vastupidiselt plastikust osadele ei kuumene p\u00e4ikese k\u00e4es;<br \/>\nK\u00e4esoleval mudelil on mugavamaks istumiseks k\u00e4e- ja seljatoed;<br \/>\nOn t\u00e4iendav puidukaitse;<br \/>\nKiik on valmistatud t\u00e4ispuidust m\u00e4nnist, v\u00e4ga kerge, h\u00f5lpsasti \u00fcmberpaigaldatav;<br \/>\nM\u00f5eldud lastele vanuses 2-7 aastat<\/p>\n","protected":false},"featured_media":10577,"template":"","meta":{"_acf_changed":false},"product_cat":[287],"product_tag":[],"acf":[],"yoast_head":"<!-- This site is optimized with the Yoast SEO plugin v23.0 - https:\/\/yoast.com\/wordpress\/plugins\/seo\/ -->\n<title>045 Laste kiik \u00fchele lapsele Aeda \/ Terrassile Valge\/Grafiit - Folkland<\/title>\n<meta name=\"robots\" content=\"index, follow, max-snippet:-1, max-image-preview:large, max-video-preview:-1\" \/>\n<link rel=\"canonical\" href=\"https:\/\/www.folkland.lv\/et\/prece\/045-laste-kiik-uhele-lapsele-aeda-terrassile-valge-grafiit\/\" \/>\n<meta property=\"og:locale\" content=\"et_EE\" \/>\n<meta property=\"og:type\" content=\"article\" \/>\n<meta property=\"og:title\" content=\"045 Laste kiik \u00fchele lapsele Aeda \/ Terrassile Valge\/Grafiit - Folkland\" \/>\n<meta property=\"og:description\" content=\"Olulisemad andmed: Puit on esteetiline, looduslik ja vastupidav materjal, mis vastupidiselt plastikust osadele ei kuumene p\u00e4ikese k\u00e4es; K\u00e4esoleval mudelil on mugavamaks istumiseks k\u00e4e- ja seljatoed; On t\u00e4iendav puidukaitse; Kiik on valmistatud t\u00e4ispuidust m\u00e4nnist, v\u00e4ga kerge, h\u00f5lpsasti \u00fcmberpaigaldatav; M\u00f5eldud lastele vanuses 2-7 aastat\" \/>\n<meta property=\"og:url\" content=\"https:\/\/www.folkland.lv\/et\/prece\/045-laste-kiik-uhele-lapsele-aeda-terrassile-valge-grafiit\/\" \/>\n<meta property=\"og:site_name\" content=\"Folkland\" \/>\n<meta property=\"article:modified_time\" content=\"2021-04-14T08:04:05+00:00\" \/>\n<meta property=\"og:image\" content=\"https:\/\/www.folkland.lv\/wp-content\/uploads\/2019\/10\/IMG_0653c.jpg\" \/>\n\t<meta property=\"og:image:width\" content=\"1100\" \/>\n\t<meta property=\"og:image:height\" content=\"1100\" \/>\n\t<meta property=\"og:image:type\" content=\"image\/jpeg\" \/>\n<meta name=\"twitter:card\" content=\"summary_large_image\" \/>\n<meta name=\"twitter:label1\" content=\"Est. reading time\" \/>\n\t<meta name=\"twitter:data1\" content=\"1 minut\" \/>\n<script type=\"application\/ld+json\" class=\"yoast-schema-graph\">{\"@context\":\"https:\/\/schema.org\",\"@graph\":[{\"@type\":\"WebPage\",\"@id\":\"https:\/\/www.folkland.lv\/et\/prece\/045-laste-kiik-uhele-lapsele-aeda-terrassile-valge-grafiit\/\",\"url\":\"https:\/\/www.folkland.lv\/et\/prece\/045-laste-kiik-uhele-lapsele-aeda-terrassile-valge-grafiit\/\",\"name\":\"045 Laste kiik \u00fchele lapsele Aeda \/ Terrassile Valge\/Grafiit - Folkland\",\"isPartOf\":{\"@id\":\"https:\/\/www.folkland.lv\/#website\"},\"primaryImageOfPage\":{\"@id\":\"https:\/\/www.folkland.lv\/et\/prece\/045-laste-kiik-uhele-lapsele-aeda-terrassile-valge-grafiit\/#primaryimage\"},\"image\":{\"@id\":\"https:\/\/www.folkland.lv\/et\/prece\/045-laste-kiik-uhele-lapsele-aeda-terrassile-valge-grafiit\/#primaryimage\"},\"thumbnailUrl\":\"https:\/\/www.folkland.lv\/wp-content\/uploads\/2019\/10\/IMG_0653c.jpg\",\"datePublished\":\"2021-03-07T17:14:23+00:00\",\"dateModified\":\"2021-04-14T08:04:05+00:00\",\"breadcrumb\":{\"@id\":\"https:\/\/www.folkland.lv\/et\/prece\/045-laste-kiik-uhele-lapsele-aeda-terrassile-valge-grafiit\/#breadcrumb\"},\"inLanguage\":\"et\",\"potentialAction\":[{\"@type\":\"ReadAction\",\"target\":[\"https:\/\/www.folkland.lv\/et\/prece\/045-laste-kiik-uhele-lapsele-aeda-terrassile-valge-grafiit\/\"]}]},{\"@type\":\"ImageObject\",\"inLanguage\":\"et\",\"@id\":\"https:\/\/www.folkland.lv\/et\/prece\/045-laste-kiik-uhele-lapsele-aeda-terrassile-valge-grafiit\/#primaryimage\",\"url\":\"https:\/\/www.folkland.lv\/wp-content\/uploads\/2019\/10\/IMG_0653c.jpg\",\"contentUrl\":\"https:\/\/www.folkland.lv\/wp-content\/uploads\/2019\/10\/IMG_0653c.jpg\",\"width\":1100,\"height\":1100},{\"@type\":\"BreadcrumbList\",\"@id\":\"https:\/\/www.folkland.lv\/et\/prece\/045-laste-kiik-uhele-lapsele-aeda-terrassile-valge-grafiit\/#breadcrumb\",\"itemListElement\":[{\"@type\":\"ListItem\",\"position\":1,\"name\":\"Algus\",\"item\":\"https:\/\/www.folkland.lv\/et\/\"},{\"@type\":\"ListItem\",\"position\":2,\"name\":\"Pood\",\"item\":\"https:\/\/www.folkland.lv\/et\/pood\/\"},{\"@type\":\"ListItem\",\"position\":3,\"name\":\"045 Laste kiik \u00fchele lapsele Aeda \/ Terrassile Valge\/Grafiit\"}]},{\"@type\":\"WebSite\",\"@id\":\"https:\/\/www.folkland.lv\/#website\",\"url\":\"https:\/\/www.folkland.lv\/\",\"name\":\"Folkland\",\"description\":\"\",\"potentialAction\":[{\"@type\":\"SearchAction\",\"target\":{\"@type\":\"EntryPoint\",\"urlTemplate\":\"https:\/\/www.folkland.lv\/?s={search_term_string}\"},\"query-input\":\"required name=search_term_string\"}],\"inLanguage\":\"et\"}]}<\/script>\n<!-- \/ Yoast SEO plugin. -->","yoast_head_json":{"title":"045 Laste kiik \u00fchele lapsele Aeda \/ Terrassile Valge\/Grafiit - Folkland","robots":{"index":"index","follow":"follow","max-snippet":"max-snippet:-1","max-image-preview":"max-image-preview:large","max-video-preview":"max-video-preview:-1"},"canonical":"https:\/\/www.folkland.lv\/et\/prece\/045-laste-kiik-uhele-lapsele-aeda-terrassile-valge-grafiit\/","og_locale":"et_EE","og_type":"article","og_title":"045 Laste kiik \u00fchele lapsele Aeda \/ Terrassile Valge\/Grafiit - Folkland","og_description":"Olulisemad andmed: Puit on esteetiline, looduslik ja vastupidav materjal, mis vastupidiselt plastikust osadele ei kuumene p\u00e4ikese k\u00e4es; K\u00e4esoleval mudelil on mugavamaks istumiseks k\u00e4e- ja seljatoed; On t\u00e4iendav puidukaitse; Kiik on valmistatud t\u00e4ispuidust m\u00e4nnist, v\u00e4ga kerge, h\u00f5lpsasti \u00fcmberpaigaldatav; M\u00f5eldud lastele vanuses 2-7 aastat","og_url":"https:\/\/www.folkland.lv\/et\/prece\/045-laste-kiik-uhele-lapsele-aeda-terrassile-valge-grafiit\/","og_site_name":"Folkland","article_modified_time":"2021-04-14T08:04:05+00:00","og_image":[{"width":1100,"height":1100,"url":"https:\/\/www.folkland.lv\/wp-content\/uploads\/2019\/10\/IMG_0653c.jpg","type":"image\/jpeg"}],"twitter_card":"summary_large_image","twitter_misc":{"Est. reading time":"1 minut"},"schema":{"@context":"https:\/\/schema.org","@graph":[{"@type":"WebPage","@id":"https:\/\/www.folkland.lv\/et\/prece\/045-laste-kiik-uhele-lapsele-aeda-terrassile-valge-grafiit\/","url":"https:\/\/www.folkland.lv\/et\/prece\/045-laste-kiik-uhele-lapsele-aeda-terrassile-valge-grafiit\/","name":"045 Laste kiik \u00fchele lapsele Aeda \/ Terrassile Valge\/Grafiit - Folkland","isPartOf":{"@id":"https:\/\/www.folkland.lv\/#website"},"primaryImageOfPage":{"@id":"https:\/\/www.folkland.lv\/et\/prece\/045-laste-kiik-uhele-lapsele-aeda-terrassile-valge-grafiit\/#primaryimage"},"image":{"@id":"https:\/\/www.folkland.lv\/et\/prece\/045-laste-kiik-uhele-lapsele-aeda-terrassile-valge-grafiit\/#primaryimage"},"thumbnailUrl":"https:\/\/www.folkland.lv\/wp-content\/uploads\/2019\/10\/IMG_0653c.jpg","datePublished":"2021-03-07T17:14:23+00:00","dateModified":"2021-04-14T08:04:05+00:00","breadcrumb":{"@id":"https:\/\/www.folkland.lv\/et\/prece\/045-laste-kiik-uhele-lapsele-aeda-terrassile-valge-grafiit\/#breadcrumb"},"inLanguage":"et","potentialAction":[{"@type":"ReadAction","target":["https:\/\/www.folkland.lv\/et\/prece\/045-laste-kiik-uhele-lapsele-aeda-terrassile-valge-grafiit\/"]}]},{"@type":"ImageObject","inLanguage":"et","@id":"https:\/\/www.folkland.lv\/et\/prece\/045-laste-kiik-uhele-lapsele-aeda-terrassile-valge-grafiit\/#primaryimage","url":"https:\/\/www.folkland.lv\/wp-content\/uploads\/2019\/10\/IMG_0653c.jpg","contentUrl":"https:\/\/www.folkland.lv\/wp-content\/uploads\/2019\/10\/IMG_0653c.jpg","width":1100,"height":1100},{"@type":"BreadcrumbList","@id":"https:\/\/www.folkland.lv\/et\/prece\/045-laste-kiik-uhele-lapsele-aeda-terrassile-valge-grafiit\/#breadcrumb","itemListElement":[{"@type":"ListItem","position":1,"name":"Algus","item":"https:\/\/www.folkland.lv\/et\/"},{"@type":"ListItem","position":2,"name":"Pood","item":"https:\/\/www.folkland.lv\/et\/pood\/"},{"@type":"ListItem","position":3,"name":"045 Laste kiik \u00fchele lapsele Aeda \/ Terrassile Valge\/Grafiit"}]},{"@type":"WebSite","@id":"https:\/\/www.folkland.lv\/#website","url":"https:\/\/www.folkland.lv\/","name":"Folkland","description":"","potentialAction":[{"@type":"SearchAction","target":{"@type":"EntryPoint","urlTemplate":"https:\/\/www.folkland.lv\/?s={search_term_string}"},"query-input":"required name=search_term_string"}],"inLanguage":"et"}]}},"_links":{"self":[{"href":"https:\/\/www.folkland.lv\/et\/wp-json\/wp\/v2\/product\/10559"}],"collection":[{"href":"https:\/\/www.folkland.lv\/et\/wp-json\/wp\/v2\/product"}],"about":[{"href":"https:\/\/www.folkland.lv\/et\/wp-json\/wp\/v2\/types\/product"}],"version-history":[{"count":1,"href":"https:\/\/www.folkland.lv\/et\/wp-json\/wp\/v2\/product\/10559\/revisions"}],"predecessor-version":[{"id":11104,"href":"https:\/\/www.folkland.lv\/et\/wp-json\/wp\/v2\/product\/10559\/revisions\/11104"}],"wp:featuredmedia":[{"embeddable":true,"href":"https:\/\/www.folkland.lv\/et\/wp-json\/wp\/v2\/media\/10577"}],"wp:attachment":[{"href":"https:\/\/www.folkland.lv\/et\/wp-json\/wp\/v2\/media?parent=10559"}],"wp:term":[{"taxonomy":"product_cat","embeddable":true,"href":"https:\/\/www.folkland.lv\/et\/wp-json\/wp\/v2\/product_cat?post=10559"},{"taxonomy":"product_tag","embeddable":true,"href":"https:\/\/www.folkland.lv\/et\/wp-json\/wp\/v2\/product_tag?post=10559"}],"curies":[{"name":"wp","href":"https:\/\/api.w.org\/{rel}","templated":true}]}}