{"id":10502,"date":"2019-01-10T18:58:21","date_gmt":"2021-03-07T17:06:35","guid":{"rendered":"https:\/\/www.folkland.lv\/?post_type=product&#038;p=10502"},"modified":"2021-04-14T10:59:00","modified_gmt":"2021-04-14T07:59:00","slug":"033-multifunktsionaalne-piknikulaud-lastele-mangukastiga-valge-grafiit","status":"publish","type":"product","link":"https:\/\/www.folkland.lv\/et\/prece\/033-multifunktsionaalne-piknikulaud-lastele-mangukastiga-valge-grafiit\/","title":{"rendered":"033 Multifunktsionaalne piknikulaud lastele m\u00e4ngukastiga \u2013 Valge\/Grafiit"},"content":{"rendered":"<p><span style=\"color: #ff0000;\">T\u00e4helepanu<\/span> \u2013 piknikulaud lastele on valmistatud naturaalsest m\u00e4nnipuidust. Puit on looduslik materjal ja v\u00e4liste tegurite (p\u00e4ike, vihm, tuul, lumi) \u00a0otsene\u00a0 m\u00f5ju v\u00f5ib p\u00f5hjustada selle kuju, v\u00e4rvi ja tekstuuri muutumise ning vaigu ja mikrom\u00f5rade tekkimise. Puidust piknikulauda lastele tuleb hoida halva ilma eest vaatamata sellele, et piknikulaud lastele on t\u00f6\u00f6deldud mitme kihi kaitsevahendiga ja talub kerget vihma. Kui see pikaks ajaks L\u00e4ti ilma meelevalda j\u00e4tta, v\u00f5ib v\u00e4rv maha tulla ja seet\u00f5ttu tuleb puitm\u00f6\u00f6blit v\u00e4liste tegurite otsese m\u00f5ju eest kaitsta, kattes selle presendiga v\u00f5i t\u00f5stes varju alla.<\/p>\n<p>Hooldus \u2013 K\u00e4esoleval tootel on t\u00e4iendav puidukaitse ja erihooldust see ei vaja. Kasutamise k\u00e4igus tekkiva mustuse ja tolmu v\u00f5ib \u00e4ra p\u00fchkida niiske pehme lapiga.\u00a0Kaitsvat laki- ja v\u00e4rvikihti on soovitav aastas korra aiahooaja l\u00f5ppedes uuendada.<\/p>\n<p>Hoiustamine \u2013 Kui te ei kasuta piknikulauda lastele pikemat aega, v\u00f5ite selle kaitseks otsese p\u00e4ikesevalguse, vee ja tuule eest kattega katta. Talvel on soovitav laste piknikulauda hoida\u00a0kuivas kohas. See pikendab m\u00f6\u00f6bli t\u00f6\u00f6iga ja j\u00e4rgmisel hooajal n\u00e4eb see v\u00e4lja nagu uus.<\/p>\n<p>Laua m\u00f5\u00f5dud:<br \/>\nPikkus \u2013 100cm<br \/>\nLaius \u2013 43 cm<br \/>\nK\u00f5rgus \u2013 51cm<br \/>\nPlastikust kasti m\u00f5\u00f5dud \u2013 30cm x 37cm s\u00fcgavus 12, 5cm (maht 11,0 liitrit)<br \/>\nKaal \u2013 14kg<br \/>\nTarnitakse osadeks v\u00f5etuna \/ vajab kokkupanekut<br \/>\nPakend PVC-kile, kartongkarp<br \/>\nKarbi v\u00e4lism\u00f5\u00f5tmed \u2013 44cm x 103cm x 39cm (laius x pikkus x k\u00f5rgus)<br \/>\nMaterjal\u00a0\u2013 M\u00e4nni\/kuuse t\u00e4ispuit<br \/>\nT\u00e4iendav puidu kaitse \u2013\u00a0Vivacolor Villa Akva (modifitseeritud, veep\u00f5hine mattv\u00e4rv puitpindadele v\u00e4listingimustes. V\u00e4rv moodustab mustust ja vett h\u00fclgava pinna. Villa Akva tagab suurep\u00e4rase v\u00e4rvi ja l\u00e4ike p\u00fcsivuse. Puit j\u00e4tab siidise mattpinna mulje);<br \/>\nV\u00e4rv\u00a0\u2013 valge \/ grafiit<\/p>\n","protected":false},"excerpt":{"rendered":"<p>Laud eemaldatava pealispinnaga, kahe m\u00e4ngukasti ja istmetega<br \/>\nOleme loonud veelgi fantastilisema multifunktsionaalse laste piknikulaua mudeli. Sobib ideaalselt p\u00e4ikese eest varjumiseks ja soojade suvep\u00e4evade nautimiseks, m\u00e4ngides Lego klotside ja muude m\u00e4nguasjadega. Pealepandav lauaplaat v\u00f5imaldab teie lapsel nautida koos s\u00f5pradega maitsvat toitu v\u00f5i limonaadi.<\/p>\n","protected":false},"featured_media":28607,"template":"","meta":{"_acf_changed":false},"product_cat":[537,279,280],"product_tag":[],"acf":[],"yoast_head":"<!-- This site is optimized with the Yoast SEO plugin v23.0 - https:\/\/yoast.com\/wordpress\/plugins\/seo\/ -->\n<title>033 Multifunktsionaalne piknikulaud lastele m\u00e4ngukastiga \u2013 Valge\/Grafiit - Folkland<\/title>\n<meta name=\"robots\" content=\"index, follow, max-snippet:-1, max-image-preview:large, max-video-preview:-1\" \/>\n<link rel=\"canonical\" href=\"https:\/\/www.folkland.lv\/et\/prece\/033-multifunktsionaalne-piknikulaud-lastele-mangukastiga-valge-grafiit\/\" \/>\n<meta property=\"og:locale\" content=\"et_EE\" \/>\n<meta property=\"og:type\" content=\"article\" \/>\n<meta property=\"og:title\" content=\"033 Multifunktsionaalne piknikulaud lastele m\u00e4ngukastiga \u2013 Valge\/Grafiit - Folkland\" \/>\n<meta property=\"og:description\" content=\"Laud eemaldatava pealispinnaga, kahe m\u00e4ngukasti ja istmetega Oleme loonud veelgi fantastilisema multifunktsionaalse laste piknikulaua mudeli. Sobib ideaalselt p\u00e4ikese eest varjumiseks ja soojade suvep\u00e4evade nautimiseks, m\u00e4ngides Lego klotside ja muude m\u00e4nguasjadega. Pealepandav lauaplaat v\u00f5imaldab teie lapsel nautida koos s\u00f5pradega maitsvat toitu v\u00f5i limonaadi.\" \/>\n<meta property=\"og:url\" content=\"https:\/\/www.folkland.lv\/et\/prece\/033-multifunktsionaalne-piknikulaud-lastele-mangukastiga-valge-grafiit\/\" \/>\n<meta property=\"og:site_name\" content=\"Folkland\" \/>\n<meta property=\"article:modified_time\" content=\"2021-04-14T07:59:00+00:00\" \/>\n<meta property=\"og:image\" content=\"https:\/\/www.folkland.lv\/wp-content\/uploads\/2019\/01\/IMG_4397cc-600x400_result.jpg\" \/>\n\t<meta property=\"og:image:width\" content=\"900\" \/>\n\t<meta property=\"og:image:height\" content=\"900\" \/>\n\t<meta property=\"og:image:type\" content=\"image\/jpeg\" \/>\n<meta name=\"twitter:card\" content=\"summary_large_image\" \/>\n<meta name=\"twitter:label1\" content=\"Est. reading time\" \/>\n\t<meta name=\"twitter:data1\" content=\"1 minut\" \/>\n<script type=\"application\/ld+json\" class=\"yoast-schema-graph\">{\"@context\":\"https:\/\/schema.org\",\"@graph\":[{\"@type\":\"WebPage\",\"@id\":\"https:\/\/www.folkland.lv\/et\/prece\/033-multifunktsionaalne-piknikulaud-lastele-mangukastiga-valge-grafiit\/\",\"url\":\"https:\/\/www.folkland.lv\/et\/prece\/033-multifunktsionaalne-piknikulaud-lastele-mangukastiga-valge-grafiit\/\",\"name\":\"033 Multifunktsionaalne piknikulaud lastele m\u00e4ngukastiga \u2013 Valge\/Grafiit - Folkland\",\"isPartOf\":{\"@id\":\"https:\/\/www.folkland.lv\/#website\"},\"primaryImageOfPage\":{\"@id\":\"https:\/\/www.folkland.lv\/et\/prece\/033-multifunktsionaalne-piknikulaud-lastele-mangukastiga-valge-grafiit\/#primaryimage\"},\"image\":{\"@id\":\"https:\/\/www.folkland.lv\/et\/prece\/033-multifunktsionaalne-piknikulaud-lastele-mangukastiga-valge-grafiit\/#primaryimage\"},\"thumbnailUrl\":\"https:\/\/www.folkland.lv\/wp-content\/uploads\/2019\/01\/IMG_4397cc-600x400_result.jpg\",\"datePublished\":\"2021-03-07T17:06:35+00:00\",\"dateModified\":\"2021-04-14T07:59:00+00:00\",\"breadcrumb\":{\"@id\":\"https:\/\/www.folkland.lv\/et\/prece\/033-multifunktsionaalne-piknikulaud-lastele-mangukastiga-valge-grafiit\/#breadcrumb\"},\"inLanguage\":\"et\",\"potentialAction\":[{\"@type\":\"ReadAction\",\"target\":[\"https:\/\/www.folkland.lv\/et\/prece\/033-multifunktsionaalne-piknikulaud-lastele-mangukastiga-valge-grafiit\/\"]}]},{\"@type\":\"ImageObject\",\"inLanguage\":\"et\",\"@id\":\"https:\/\/www.folkland.lv\/et\/prece\/033-multifunktsionaalne-piknikulaud-lastele-mangukastiga-valge-grafiit\/#primaryimage\",\"url\":\"https:\/\/www.folkland.lv\/wp-content\/uploads\/2019\/01\/IMG_4397cc-600x400_result.jpg\",\"contentUrl\":\"https:\/\/www.folkland.lv\/wp-content\/uploads\/2019\/01\/IMG_4397cc-600x400_result.jpg\",\"width\":900,\"height\":900},{\"@type\":\"BreadcrumbList\",\"@id\":\"https:\/\/www.folkland.lv\/et\/prece\/033-multifunktsionaalne-piknikulaud-lastele-mangukastiga-valge-grafiit\/#breadcrumb\",\"itemListElement\":[{\"@type\":\"ListItem\",\"position\":1,\"name\":\"Algus\",\"item\":\"https:\/\/www.folkland.lv\/et\/\"},{\"@type\":\"ListItem\",\"position\":2,\"name\":\"Pood\",\"item\":\"https:\/\/www.folkland.lv\/et\/pood\/\"},{\"@type\":\"ListItem\",\"position\":3,\"name\":\"033 Multifunktsionaalne piknikulaud lastele m\u00e4ngukastiga \u2013 Valge\/Grafiit\"}]},{\"@type\":\"WebSite\",\"@id\":\"https:\/\/www.folkland.lv\/#website\",\"url\":\"https:\/\/www.folkland.lv\/\",\"name\":\"Folkland\",\"description\":\"\",\"potentialAction\":[{\"@type\":\"SearchAction\",\"target\":{\"@type\":\"EntryPoint\",\"urlTemplate\":\"https:\/\/www.folkland.lv\/?s={search_term_string}\"},\"query-input\":\"required name=search_term_string\"}],\"inLanguage\":\"et\"}]}<\/script>\n<!-- \/ Yoast SEO plugin. -->","yoast_head_json":{"title":"033 Multifunktsionaalne piknikulaud lastele m\u00e4ngukastiga \u2013 Valge\/Grafiit - Folkland","robots":{"index":"index","follow":"follow","max-snippet":"max-snippet:-1","max-image-preview":"max-image-preview:large","max-video-preview":"max-video-preview:-1"},"canonical":"https:\/\/www.folkland.lv\/et\/prece\/033-multifunktsionaalne-piknikulaud-lastele-mangukastiga-valge-grafiit\/","og_locale":"et_EE","og_type":"article","og_title":"033 Multifunktsionaalne piknikulaud lastele m\u00e4ngukastiga \u2013 Valge\/Grafiit - Folkland","og_description":"Laud eemaldatava pealispinnaga, kahe m\u00e4ngukasti ja istmetega Oleme loonud veelgi fantastilisema multifunktsionaalse laste piknikulaua mudeli. Sobib ideaalselt p\u00e4ikese eest varjumiseks ja soojade suvep\u00e4evade nautimiseks, m\u00e4ngides Lego klotside ja muude m\u00e4nguasjadega. Pealepandav lauaplaat v\u00f5imaldab teie lapsel nautida koos s\u00f5pradega maitsvat toitu v\u00f5i limonaadi.","og_url":"https:\/\/www.folkland.lv\/et\/prece\/033-multifunktsionaalne-piknikulaud-lastele-mangukastiga-valge-grafiit\/","og_site_name":"Folkland","article_modified_time":"2021-04-14T07:59:00+00:00","og_image":[{"width":900,"height":900,"url":"https:\/\/www.folkland.lv\/wp-content\/uploads\/2019\/01\/IMG_4397cc-600x400_result.jpg","type":"image\/jpeg"}],"twitter_card":"summary_large_image","twitter_misc":{"Est. reading time":"1 minut"},"schema":{"@context":"https:\/\/schema.org","@graph":[{"@type":"WebPage","@id":"https:\/\/www.folkland.lv\/et\/prece\/033-multifunktsionaalne-piknikulaud-lastele-mangukastiga-valge-grafiit\/","url":"https:\/\/www.folkland.lv\/et\/prece\/033-multifunktsionaalne-piknikulaud-lastele-mangukastiga-valge-grafiit\/","name":"033 Multifunktsionaalne piknikulaud lastele m\u00e4ngukastiga \u2013 Valge\/Grafiit - Folkland","isPartOf":{"@id":"https:\/\/www.folkland.lv\/#website"},"primaryImageOfPage":{"@id":"https:\/\/www.folkland.lv\/et\/prece\/033-multifunktsionaalne-piknikulaud-lastele-mangukastiga-valge-grafiit\/#primaryimage"},"image":{"@id":"https:\/\/www.folkland.lv\/et\/prece\/033-multifunktsionaalne-piknikulaud-lastele-mangukastiga-valge-grafiit\/#primaryimage"},"thumbnailUrl":"https:\/\/www.folkland.lv\/wp-content\/uploads\/2019\/01\/IMG_4397cc-600x400_result.jpg","datePublished":"2021-03-07T17:06:35+00:00","dateModified":"2021-04-14T07:59:00+00:00","breadcrumb":{"@id":"https:\/\/www.folkland.lv\/et\/prece\/033-multifunktsionaalne-piknikulaud-lastele-mangukastiga-valge-grafiit\/#breadcrumb"},"inLanguage":"et","potentialAction":[{"@type":"ReadAction","target":["https:\/\/www.folkland.lv\/et\/prece\/033-multifunktsionaalne-piknikulaud-lastele-mangukastiga-valge-grafiit\/"]}]},{"@type":"ImageObject","inLanguage":"et","@id":"https:\/\/www.folkland.lv\/et\/prece\/033-multifunktsionaalne-piknikulaud-lastele-mangukastiga-valge-grafiit\/#primaryimage","url":"https:\/\/www.folkland.lv\/wp-content\/uploads\/2019\/01\/IMG_4397cc-600x400_result.jpg","contentUrl":"https:\/\/www.folkland.lv\/wp-content\/uploads\/2019\/01\/IMG_4397cc-600x400_result.jpg","width":900,"height":900},{"@type":"BreadcrumbList","@id":"https:\/\/www.folkland.lv\/et\/prece\/033-multifunktsionaalne-piknikulaud-lastele-mangukastiga-valge-grafiit\/#breadcrumb","itemListElement":[{"@type":"ListItem","position":1,"name":"Algus","item":"https:\/\/www.folkland.lv\/et\/"},{"@type":"ListItem","position":2,"name":"Pood","item":"https:\/\/www.folkland.lv\/et\/pood\/"},{"@type":"ListItem","position":3,"name":"033 Multifunktsionaalne piknikulaud lastele m\u00e4ngukastiga \u2013 Valge\/Grafiit"}]},{"@type":"WebSite","@id":"https:\/\/www.folkland.lv\/#website","url":"https:\/\/www.folkland.lv\/","name":"Folkland","description":"","potentialAction":[{"@type":"SearchAction","target":{"@type":"EntryPoint","urlTemplate":"https:\/\/www.folkland.lv\/?s={search_term_string}"},"query-input":"required name=search_term_string"}],"inLanguage":"et"}]}},"_links":{"self":[{"href":"https:\/\/www.folkland.lv\/et\/wp-json\/wp\/v2\/product\/10502"}],"collection":[{"href":"https:\/\/www.folkland.lv\/et\/wp-json\/wp\/v2\/product"}],"about":[{"href":"https:\/\/www.folkland.lv\/et\/wp-json\/wp\/v2\/types\/product"}],"version-history":[{"count":0,"href":"https:\/\/www.folkland.lv\/et\/wp-json\/wp\/v2\/product\/10502\/revisions"}],"wp:featuredmedia":[{"embeddable":true,"href":"https:\/\/www.folkland.lv\/et\/wp-json\/wp\/v2\/media\/28607"}],"wp:attachment":[{"href":"https:\/\/www.folkland.lv\/et\/wp-json\/wp\/v2\/media?parent=10502"}],"wp:term":[{"taxonomy":"product_cat","embeddable":true,"href":"https:\/\/www.folkland.lv\/et\/wp-json\/wp\/v2\/product_cat?post=10502"},{"taxonomy":"product_tag","embeddable":true,"href":"https:\/\/www.folkland.lv\/et\/wp-json\/wp\/v2\/product_tag?post=10502"}],"curies":[{"name":"wp","href":"https:\/\/api.w.org\/{rel}","templated":true}]}}