{"id":10501,"date":"2019-01-11T13:31:31","date_gmt":"2021-03-07T17:05:29","guid":{"rendered":"https:\/\/www.folkland.lv\/?post_type=product&#038;p=10501"},"modified":"2021-04-14T10:58:54","modified_gmt":"2021-04-14T07:58:54","slug":"032-laste-piknikulaud-pinkidega-natural","status":"publish","type":"product","link":"https:\/\/www.folkland.lv\/et\/prece\/032-laste-piknikulaud-pinkidega-natural\/","title":{"rendered":"032 Laste piknikulaud pinkidega \u2013 Natural"},"content":{"rendered":"<p>Laua m\u00f5\u00f5dud:<br \/>\nLaua v\u00e4lism\u00f5\u00f5tmed \u2013 44cm x 103cm x 8.0cm (laius x pikkus x k\u00f5rgus)<br \/>\nPikkus \u2013 100cm<br \/>\nLaius \u2013 43 cm<br \/>\nK\u00f5rgus laua pealispinnani\u2013 51cm<br \/>\nK\u00f5rgus istme pealispinnani\u2013 26cm;<br \/>\nKaal \u2013 12,5 kg<br \/>\nTarnitakse osadeks v\u00f5etuna \/ vajab kokkupanekut<br \/>\nPakend PVC-kile, kartongkarp<br \/>\nMaterjal\u00a0\u2013 M\u00e4nni\/kuuse t\u00e4ispuit<br \/>\nPuidu viimistlus \u2013 T\u00f6\u00f6tlemata<br \/>\nV\u00e4rv\u00a0\u2013 Looduslik puit<\/p>\n","protected":false},"excerpt":{"rendered":"<p>Laud istmetega lastele \u2013 Natural \/ Looduslik puit<br \/>\nOleme loonud veelgi fantastilisema multifunktsionaalse laste piknikulaua mudeli. K\u00e4esolev uudistoode sobib ideaalselt p\u00e4ikese eest varjumiseks ja soojade suvep\u00e4evade nautimiseks, m\u00e4ngides Lego klotside ja muude m\u00e4nguasjadega, samas saab Teie laps nautida koos s\u00f5pradega maitsvat toitu v\u00f5i limonaadi.<\/p>\n","protected":false},"featured_media":28627,"template":"","meta":{"_acf_changed":false},"product_cat":[537,279,280],"product_tag":[],"acf":[],"yoast_head":"<!-- This site is optimized with the Yoast SEO plugin v23.0 - https:\/\/yoast.com\/wordpress\/plugins\/seo\/ -->\n<title>032 Laste piknikulaud pinkidega \u2013 Natural - Folkland<\/title>\n<meta name=\"robots\" content=\"index, follow, max-snippet:-1, max-image-preview:large, max-video-preview:-1\" \/>\n<link rel=\"canonical\" href=\"https:\/\/www.folkland.lv\/et\/prece\/032-laste-piknikulaud-pinkidega-natural\/\" \/>\n<meta property=\"og:locale\" content=\"et_EE\" \/>\n<meta property=\"og:type\" content=\"article\" \/>\n<meta property=\"og:title\" content=\"032 Laste piknikulaud pinkidega \u2013 Natural - Folkland\" \/>\n<meta property=\"og:description\" content=\"Laud istmetega lastele \u2013 Natural \/ Looduslik puit Oleme loonud veelgi fantastilisema multifunktsionaalse laste piknikulaua mudeli. K\u00e4esolev uudistoode sobib ideaalselt p\u00e4ikese eest varjumiseks ja soojade suvep\u00e4evade nautimiseks, m\u00e4ngides Lego klotside ja muude m\u00e4nguasjadega, samas saab Teie laps nautida koos s\u00f5pradega maitsvat toitu v\u00f5i limonaadi.\" \/>\n<meta property=\"og:url\" content=\"https:\/\/www.folkland.lv\/et\/prece\/032-laste-piknikulaud-pinkidega-natural\/\" \/>\n<meta property=\"og:site_name\" content=\"Folkland\" \/>\n<meta property=\"article:modified_time\" content=\"2021-04-14T07:58:54+00:00\" \/>\n<meta property=\"og:image\" content=\"https:\/\/www.folkland.lv\/wp-content\/uploads\/2019\/01\/IMG_4948cc-600x400_result.jpg\" \/>\n\t<meta property=\"og:image:width\" content=\"900\" \/>\n\t<meta property=\"og:image:height\" content=\"900\" \/>\n\t<meta property=\"og:image:type\" content=\"image\/jpeg\" \/>\n<meta name=\"twitter:card\" content=\"summary_large_image\" \/>\n<script type=\"application\/ld+json\" class=\"yoast-schema-graph\">{\"@context\":\"https:\/\/schema.org\",\"@graph\":[{\"@type\":\"WebPage\",\"@id\":\"https:\/\/www.folkland.lv\/et\/prece\/032-laste-piknikulaud-pinkidega-natural\/\",\"url\":\"https:\/\/www.folkland.lv\/et\/prece\/032-laste-piknikulaud-pinkidega-natural\/\",\"name\":\"032 Laste piknikulaud pinkidega \u2013 Natural - Folkland\",\"isPartOf\":{\"@id\":\"https:\/\/www.folkland.lv\/#website\"},\"primaryImageOfPage\":{\"@id\":\"https:\/\/www.folkland.lv\/et\/prece\/032-laste-piknikulaud-pinkidega-natural\/#primaryimage\"},\"image\":{\"@id\":\"https:\/\/www.folkland.lv\/et\/prece\/032-laste-piknikulaud-pinkidega-natural\/#primaryimage\"},\"thumbnailUrl\":\"https:\/\/www.folkland.lv\/wp-content\/uploads\/2019\/01\/IMG_4948cc-600x400_result.jpg\",\"datePublished\":\"2021-03-07T17:05:29+00:00\",\"dateModified\":\"2021-04-14T07:58:54+00:00\",\"breadcrumb\":{\"@id\":\"https:\/\/www.folkland.lv\/et\/prece\/032-laste-piknikulaud-pinkidega-natural\/#breadcrumb\"},\"inLanguage\":\"et\",\"potentialAction\":[{\"@type\":\"ReadAction\",\"target\":[\"https:\/\/www.folkland.lv\/et\/prece\/032-laste-piknikulaud-pinkidega-natural\/\"]}]},{\"@type\":\"ImageObject\",\"inLanguage\":\"et\",\"@id\":\"https:\/\/www.folkland.lv\/et\/prece\/032-laste-piknikulaud-pinkidega-natural\/#primaryimage\",\"url\":\"https:\/\/www.folkland.lv\/wp-content\/uploads\/2019\/01\/IMG_4948cc-600x400_result.jpg\",\"contentUrl\":\"https:\/\/www.folkland.lv\/wp-content\/uploads\/2019\/01\/IMG_4948cc-600x400_result.jpg\",\"width\":900,\"height\":900},{\"@type\":\"BreadcrumbList\",\"@id\":\"https:\/\/www.folkland.lv\/et\/prece\/032-laste-piknikulaud-pinkidega-natural\/#breadcrumb\",\"itemListElement\":[{\"@type\":\"ListItem\",\"position\":1,\"name\":\"Algus\",\"item\":\"https:\/\/www.folkland.lv\/et\/\"},{\"@type\":\"ListItem\",\"position\":2,\"name\":\"Pood\",\"item\":\"https:\/\/www.folkland.lv\/et\/pood\/\"},{\"@type\":\"ListItem\",\"position\":3,\"name\":\"032 Laste piknikulaud pinkidega \u2013 Natural\"}]},{\"@type\":\"WebSite\",\"@id\":\"https:\/\/www.folkland.lv\/#website\",\"url\":\"https:\/\/www.folkland.lv\/\",\"name\":\"Folkland\",\"description\":\"\",\"potentialAction\":[{\"@type\":\"SearchAction\",\"target\":{\"@type\":\"EntryPoint\",\"urlTemplate\":\"https:\/\/www.folkland.lv\/?s={search_term_string}\"},\"query-input\":\"required name=search_term_string\"}],\"inLanguage\":\"et\"}]}<\/script>\n<!-- \/ Yoast SEO plugin. -->","yoast_head_json":{"title":"032 Laste piknikulaud pinkidega \u2013 Natural - Folkland","robots":{"index":"index","follow":"follow","max-snippet":"max-snippet:-1","max-image-preview":"max-image-preview:large","max-video-preview":"max-video-preview:-1"},"canonical":"https:\/\/www.folkland.lv\/et\/prece\/032-laste-piknikulaud-pinkidega-natural\/","og_locale":"et_EE","og_type":"article","og_title":"032 Laste piknikulaud pinkidega \u2013 Natural - Folkland","og_description":"Laud istmetega lastele \u2013 Natural \/ Looduslik puit Oleme loonud veelgi fantastilisema multifunktsionaalse laste piknikulaua mudeli. K\u00e4esolev uudistoode sobib ideaalselt p\u00e4ikese eest varjumiseks ja soojade suvep\u00e4evade nautimiseks, m\u00e4ngides Lego klotside ja muude m\u00e4nguasjadega, samas saab Teie laps nautida koos s\u00f5pradega maitsvat toitu v\u00f5i limonaadi.","og_url":"https:\/\/www.folkland.lv\/et\/prece\/032-laste-piknikulaud-pinkidega-natural\/","og_site_name":"Folkland","article_modified_time":"2021-04-14T07:58:54+00:00","og_image":[{"width":900,"height":900,"url":"https:\/\/www.folkland.lv\/wp-content\/uploads\/2019\/01\/IMG_4948cc-600x400_result.jpg","type":"image\/jpeg"}],"twitter_card":"summary_large_image","schema":{"@context":"https:\/\/schema.org","@graph":[{"@type":"WebPage","@id":"https:\/\/www.folkland.lv\/et\/prece\/032-laste-piknikulaud-pinkidega-natural\/","url":"https:\/\/www.folkland.lv\/et\/prece\/032-laste-piknikulaud-pinkidega-natural\/","name":"032 Laste piknikulaud pinkidega \u2013 Natural - Folkland","isPartOf":{"@id":"https:\/\/www.folkland.lv\/#website"},"primaryImageOfPage":{"@id":"https:\/\/www.folkland.lv\/et\/prece\/032-laste-piknikulaud-pinkidega-natural\/#primaryimage"},"image":{"@id":"https:\/\/www.folkland.lv\/et\/prece\/032-laste-piknikulaud-pinkidega-natural\/#primaryimage"},"thumbnailUrl":"https:\/\/www.folkland.lv\/wp-content\/uploads\/2019\/01\/IMG_4948cc-600x400_result.jpg","datePublished":"2021-03-07T17:05:29+00:00","dateModified":"2021-04-14T07:58:54+00:00","breadcrumb":{"@id":"https:\/\/www.folkland.lv\/et\/prece\/032-laste-piknikulaud-pinkidega-natural\/#breadcrumb"},"inLanguage":"et","potentialAction":[{"@type":"ReadAction","target":["https:\/\/www.folkland.lv\/et\/prece\/032-laste-piknikulaud-pinkidega-natural\/"]}]},{"@type":"ImageObject","inLanguage":"et","@id":"https:\/\/www.folkland.lv\/et\/prece\/032-laste-piknikulaud-pinkidega-natural\/#primaryimage","url":"https:\/\/www.folkland.lv\/wp-content\/uploads\/2019\/01\/IMG_4948cc-600x400_result.jpg","contentUrl":"https:\/\/www.folkland.lv\/wp-content\/uploads\/2019\/01\/IMG_4948cc-600x400_result.jpg","width":900,"height":900},{"@type":"BreadcrumbList","@id":"https:\/\/www.folkland.lv\/et\/prece\/032-laste-piknikulaud-pinkidega-natural\/#breadcrumb","itemListElement":[{"@type":"ListItem","position":1,"name":"Algus","item":"https:\/\/www.folkland.lv\/et\/"},{"@type":"ListItem","position":2,"name":"Pood","item":"https:\/\/www.folkland.lv\/et\/pood\/"},{"@type":"ListItem","position":3,"name":"032 Laste piknikulaud pinkidega \u2013 Natural"}]},{"@type":"WebSite","@id":"https:\/\/www.folkland.lv\/#website","url":"https:\/\/www.folkland.lv\/","name":"Folkland","description":"","potentialAction":[{"@type":"SearchAction","target":{"@type":"EntryPoint","urlTemplate":"https:\/\/www.folkland.lv\/?s={search_term_string}"},"query-input":"required name=search_term_string"}],"inLanguage":"et"}]}},"_links":{"self":[{"href":"https:\/\/www.folkland.lv\/et\/wp-json\/wp\/v2\/product\/10501"}],"collection":[{"href":"https:\/\/www.folkland.lv\/et\/wp-json\/wp\/v2\/product"}],"about":[{"href":"https:\/\/www.folkland.lv\/et\/wp-json\/wp\/v2\/types\/product"}],"version-history":[{"count":0,"href":"https:\/\/www.folkland.lv\/et\/wp-json\/wp\/v2\/product\/10501\/revisions"}],"wp:featuredmedia":[{"embeddable":true,"href":"https:\/\/www.folkland.lv\/et\/wp-json\/wp\/v2\/media\/28627"}],"wp:attachment":[{"href":"https:\/\/www.folkland.lv\/et\/wp-json\/wp\/v2\/media?parent=10501"}],"wp:term":[{"taxonomy":"product_cat","embeddable":true,"href":"https:\/\/www.folkland.lv\/et\/wp-json\/wp\/v2\/product_cat?post=10501"},{"taxonomy":"product_tag","embeddable":true,"href":"https:\/\/www.folkland.lv\/et\/wp-json\/wp\/v2\/product_tag?post=10501"}],"curies":[{"name":"wp","href":"https:\/\/api.w.org\/{rel}","templated":true}]}}