{"id":10403,"date":"2019-01-11T13:08:53","date_gmt":"2021-03-07T16:43:44","guid":{"rendered":"https:\/\/www.folkland.lv\/?post_type=product&#038;p=10403"},"modified":"2021-04-14T10:50:45","modified_gmt":"2021-04-14T07:50:45","slug":"005-liivakast-130-x-130-x-h20cm-eemaldatava-kaanega-pruun-kollane","status":"publish","type":"product","link":"https:\/\/www.folkland.lv\/et\/prece\/005-liivakast-130-x-130-x-h20cm-eemaldatava-kaanega-pruun-kollane\/","title":{"rendered":"005 Liivakast 130 x 130 x H20cm eemaldatava kaanega pruun\/kollane"},"content":{"rendered":"<p><span style=\"color: #ff0000;\">T\u00e4helepanu<\/span> \u2013 Liivakast on valmistatud naturaalsest m\u00e4nnipuidust. Puit on looduslik materjal ja v\u00e4liste tegurite (p\u00e4ike, vihm, tuul, lumi)\u00a0otsene m\u00f5ju v\u00f5ib p\u00f5hjustada selle kuju, v\u00e4rvi ja tekstuuri muutumise ning vaigu ja mikrom\u00f5rade tekkimise. Puidust liivakasti tuleb hoida halva ilma eest vaatamata sellele, et liivakast on t\u00f6\u00f6deldud mitme kihi kaitsevahendiga ja talub kerget vihma. Kui see pikaks ajaks L\u00e4ti ilma meelevalda j\u00e4tta, v\u00f5ib v\u00e4rv maha tulla ja seet\u00f5ttu tuleb puitm\u00f6\u00f6blit v\u00e4liste tegurite otsese m\u00f5ju eest kaitsta, kattes selle presendiga v\u00f5i t\u00f5stes varju alla.<\/p>\n<p>Hooldus \u2013 K\u00e4esoleval tootel on t\u00e4iendav puidukaitse ja erihooldust see ei vaja. Kasutamise k\u00e4igus tekkiva mustuse ja tolmu v\u00f5ib \u00e4ra p\u00fchkida niiske pehme lapiga.\u00a0Kaitsvat laki- ja v\u00e4rvikihti on soovitav aastas korra aiahooaja l\u00f5ppedes uuendada.<\/p>\n<p>Hoiustamine \u2013 Kui te liivakasti pikka aega ei kasuta, v\u00f5ite selle kaitseks otsese p\u00e4ikesevalguse, vee ja tuule eest kattega katta. Talvel on soovitav liivakasti hoida\u00a0kuivas kohas. See pikendab liivakasti t\u00f6\u00f6iga ja j\u00e4rgmisel hooajal n\u00e4eb see v\u00e4lja nagu uus.<\/p>\n<p>Tooteinfo:<br \/>\nLiivakast 130cm x 130cm x 20cm (laius x pikkus x k\u00f5rgus);<br \/>\nMaterjal: M\u00e4nd\/kuusk;<br \/>\nV\u00e4rv \u2013 pruun\/kollane;<br \/>\nPuidu kaitse \u2013\u00a0Vivacolor Villa Akva\u00a0(Modifitseeritud, veep\u00f5hine mattv\u00e4rv puitpindadele v\u00e4listingimustes. V\u00e4rv moodustab mustust ja vett h\u00fclgava pinna. Villa Akva tagab suurep\u00e4rase v\u00e4rvi ja l\u00e4ike p\u00fcsivuse, puit j\u00e4tab siidise mattpinna mulje);<br \/>\nTarne osadeks v\u00f5etuna;<br \/>\nKomplektis \u2013 skemaatiline kokkupaneku juhend, kinnitusvahendid;<br \/>\nPakend \u2013 kartongkarp;<br \/>\nToote kaal \u2013 21kg;<br \/>\nTranspordim\u00f5\u00f5dud \u2013 121cm \u00d7 84cm \u00d7 H9cm (pikkus x laius x k\u00f5rgus)<br \/>\nTranspordimaht \u2013 0,092m3;<\/p>\n","protected":false},"excerpt":{"rendered":"<p>Olulisemad andmed:<br \/>\nKlassikaline kuusnurkne liivakast eemaldatava kaanega;<br \/>\nKaan koosneb kahest osast;<br \/>\nV\u00e4iksemate laste turvalisuseks on liivakastil \u00fcmarad nurgad;<br \/>\nServa saab kasutada mugava ja turvalise pingina;<br \/>\nPuit on esteetiline, looduslik ja vastupidav materjal, mis vastupidiselt plastkarbile ei kuumene p\u00e4ikese k\u00e4es;<br \/>\nLiivakastil on liiva puhtana hoidmiseks eemaldatav kaas;<br \/>\nKaant saab kasutada m\u00e4nguasja t\u00e4iendava elemendina;<\/p>\n","protected":false},"featured_media":28367,"template":"","meta":{"_acf_changed":false},"product_cat":[537,279,286],"product_tag":[],"acf":[],"yoast_head":"<!-- This site is optimized with the Yoast SEO plugin v23.0 - https:\/\/yoast.com\/wordpress\/plugins\/seo\/ -->\n<title>005 Liivakast 130 x 130 x H20cm eemaldatava kaanega pruun\/kollane - Folkland<\/title>\n<meta name=\"robots\" content=\"index, follow, max-snippet:-1, max-image-preview:large, max-video-preview:-1\" \/>\n<link rel=\"canonical\" href=\"https:\/\/www.folkland.lv\/et\/prece\/005-liivakast-130-x-130-x-h20cm-eemaldatava-kaanega-pruun-kollane\/\" \/>\n<meta property=\"og:locale\" content=\"et_EE\" \/>\n<meta property=\"og:type\" content=\"article\" \/>\n<meta property=\"og:title\" content=\"005 Liivakast 130 x 130 x H20cm eemaldatava kaanega pruun\/kollane - Folkland\" \/>\n<meta property=\"og:description\" content=\"Olulisemad andmed: Klassikaline kuusnurkne liivakast eemaldatava kaanega; Kaan koosneb kahest osast; V\u00e4iksemate laste turvalisuseks on liivakastil \u00fcmarad nurgad; Serva saab kasutada mugava ja turvalise pingina; Puit on esteetiline, looduslik ja vastupidav materjal, mis vastupidiselt plastkarbile ei kuumene p\u00e4ikese k\u00e4es; Liivakastil on liiva puhtana hoidmiseks eemaldatav kaas; Kaant saab kasutada m\u00e4nguasja t\u00e4iendava elemendina;\" \/>\n<meta property=\"og:url\" content=\"https:\/\/www.folkland.lv\/et\/prece\/005-liivakast-130-x-130-x-h20cm-eemaldatava-kaanega-pruun-kollane\/\" \/>\n<meta property=\"og:site_name\" content=\"Folkland\" \/>\n<meta property=\"article:modified_time\" content=\"2021-04-14T07:50:45+00:00\" \/>\n<meta property=\"og:image\" content=\"https:\/\/www.folkland.lv\/wp-content\/uploads\/2019\/03\/IMG_1288cc-600x400_result.jpg\" \/>\n\t<meta property=\"og:image:width\" content=\"900\" \/>\n\t<meta property=\"og:image:height\" content=\"900\" \/>\n\t<meta property=\"og:image:type\" content=\"image\/jpeg\" \/>\n<meta name=\"twitter:card\" content=\"summary_large_image\" \/>\n<meta name=\"twitter:label1\" content=\"Est. reading time\" \/>\n\t<meta name=\"twitter:data1\" content=\"1 minut\" \/>\n<script type=\"application\/ld+json\" class=\"yoast-schema-graph\">{\"@context\":\"https:\/\/schema.org\",\"@graph\":[{\"@type\":\"WebPage\",\"@id\":\"https:\/\/www.folkland.lv\/et\/prece\/005-liivakast-130-x-130-x-h20cm-eemaldatava-kaanega-pruun-kollane\/\",\"url\":\"https:\/\/www.folkland.lv\/et\/prece\/005-liivakast-130-x-130-x-h20cm-eemaldatava-kaanega-pruun-kollane\/\",\"name\":\"005 Liivakast 130 x 130 x H20cm eemaldatava kaanega pruun\/kollane - Folkland\",\"isPartOf\":{\"@id\":\"https:\/\/www.folkland.lv\/#website\"},\"primaryImageOfPage\":{\"@id\":\"https:\/\/www.folkland.lv\/et\/prece\/005-liivakast-130-x-130-x-h20cm-eemaldatava-kaanega-pruun-kollane\/#primaryimage\"},\"image\":{\"@id\":\"https:\/\/www.folkland.lv\/et\/prece\/005-liivakast-130-x-130-x-h20cm-eemaldatava-kaanega-pruun-kollane\/#primaryimage\"},\"thumbnailUrl\":\"https:\/\/www.folkland.lv\/wp-content\/uploads\/2019\/03\/IMG_1288cc-600x400_result.jpg\",\"datePublished\":\"2021-03-07T16:43:44+00:00\",\"dateModified\":\"2021-04-14T07:50:45+00:00\",\"breadcrumb\":{\"@id\":\"https:\/\/www.folkland.lv\/et\/prece\/005-liivakast-130-x-130-x-h20cm-eemaldatava-kaanega-pruun-kollane\/#breadcrumb\"},\"inLanguage\":\"et\",\"potentialAction\":[{\"@type\":\"ReadAction\",\"target\":[\"https:\/\/www.folkland.lv\/et\/prece\/005-liivakast-130-x-130-x-h20cm-eemaldatava-kaanega-pruun-kollane\/\"]}]},{\"@type\":\"ImageObject\",\"inLanguage\":\"et\",\"@id\":\"https:\/\/www.folkland.lv\/et\/prece\/005-liivakast-130-x-130-x-h20cm-eemaldatava-kaanega-pruun-kollane\/#primaryimage\",\"url\":\"https:\/\/www.folkland.lv\/wp-content\/uploads\/2019\/03\/IMG_1288cc-600x400_result.jpg\",\"contentUrl\":\"https:\/\/www.folkland.lv\/wp-content\/uploads\/2019\/03\/IMG_1288cc-600x400_result.jpg\",\"width\":900,\"height\":900},{\"@type\":\"BreadcrumbList\",\"@id\":\"https:\/\/www.folkland.lv\/et\/prece\/005-liivakast-130-x-130-x-h20cm-eemaldatava-kaanega-pruun-kollane\/#breadcrumb\",\"itemListElement\":[{\"@type\":\"ListItem\",\"position\":1,\"name\":\"Algus\",\"item\":\"https:\/\/www.folkland.lv\/et\/\"},{\"@type\":\"ListItem\",\"position\":2,\"name\":\"Pood\",\"item\":\"https:\/\/www.folkland.lv\/et\/pood\/\"},{\"@type\":\"ListItem\",\"position\":3,\"name\":\"005 Liivakast 130 x 130 x H20cm eemaldatava kaanega pruun\/kollane\"}]},{\"@type\":\"WebSite\",\"@id\":\"https:\/\/www.folkland.lv\/#website\",\"url\":\"https:\/\/www.folkland.lv\/\",\"name\":\"Folkland\",\"description\":\"\",\"potentialAction\":[{\"@type\":\"SearchAction\",\"target\":{\"@type\":\"EntryPoint\",\"urlTemplate\":\"https:\/\/www.folkland.lv\/?s={search_term_string}\"},\"query-input\":\"required name=search_term_string\"}],\"inLanguage\":\"et\"}]}<\/script>\n<!-- \/ Yoast SEO plugin. -->","yoast_head_json":{"title":"005 Liivakast 130 x 130 x H20cm eemaldatava kaanega pruun\/kollane - Folkland","robots":{"index":"index","follow":"follow","max-snippet":"max-snippet:-1","max-image-preview":"max-image-preview:large","max-video-preview":"max-video-preview:-1"},"canonical":"https:\/\/www.folkland.lv\/et\/prece\/005-liivakast-130-x-130-x-h20cm-eemaldatava-kaanega-pruun-kollane\/","og_locale":"et_EE","og_type":"article","og_title":"005 Liivakast 130 x 130 x H20cm eemaldatava kaanega pruun\/kollane - Folkland","og_description":"Olulisemad andmed: Klassikaline kuusnurkne liivakast eemaldatava kaanega; Kaan koosneb kahest osast; V\u00e4iksemate laste turvalisuseks on liivakastil \u00fcmarad nurgad; Serva saab kasutada mugava ja turvalise pingina; Puit on esteetiline, looduslik ja vastupidav materjal, mis vastupidiselt plastkarbile ei kuumene p\u00e4ikese k\u00e4es; Liivakastil on liiva puhtana hoidmiseks eemaldatav kaas; Kaant saab kasutada m\u00e4nguasja t\u00e4iendava elemendina;","og_url":"https:\/\/www.folkland.lv\/et\/prece\/005-liivakast-130-x-130-x-h20cm-eemaldatava-kaanega-pruun-kollane\/","og_site_name":"Folkland","article_modified_time":"2021-04-14T07:50:45+00:00","og_image":[{"width":900,"height":900,"url":"https:\/\/www.folkland.lv\/wp-content\/uploads\/2019\/03\/IMG_1288cc-600x400_result.jpg","type":"image\/jpeg"}],"twitter_card":"summary_large_image","twitter_misc":{"Est. reading time":"1 minut"},"schema":{"@context":"https:\/\/schema.org","@graph":[{"@type":"WebPage","@id":"https:\/\/www.folkland.lv\/et\/prece\/005-liivakast-130-x-130-x-h20cm-eemaldatava-kaanega-pruun-kollane\/","url":"https:\/\/www.folkland.lv\/et\/prece\/005-liivakast-130-x-130-x-h20cm-eemaldatava-kaanega-pruun-kollane\/","name":"005 Liivakast 130 x 130 x H20cm eemaldatava kaanega pruun\/kollane - Folkland","isPartOf":{"@id":"https:\/\/www.folkland.lv\/#website"},"primaryImageOfPage":{"@id":"https:\/\/www.folkland.lv\/et\/prece\/005-liivakast-130-x-130-x-h20cm-eemaldatava-kaanega-pruun-kollane\/#primaryimage"},"image":{"@id":"https:\/\/www.folkland.lv\/et\/prece\/005-liivakast-130-x-130-x-h20cm-eemaldatava-kaanega-pruun-kollane\/#primaryimage"},"thumbnailUrl":"https:\/\/www.folkland.lv\/wp-content\/uploads\/2019\/03\/IMG_1288cc-600x400_result.jpg","datePublished":"2021-03-07T16:43:44+00:00","dateModified":"2021-04-14T07:50:45+00:00","breadcrumb":{"@id":"https:\/\/www.folkland.lv\/et\/prece\/005-liivakast-130-x-130-x-h20cm-eemaldatava-kaanega-pruun-kollane\/#breadcrumb"},"inLanguage":"et","potentialAction":[{"@type":"ReadAction","target":["https:\/\/www.folkland.lv\/et\/prece\/005-liivakast-130-x-130-x-h20cm-eemaldatava-kaanega-pruun-kollane\/"]}]},{"@type":"ImageObject","inLanguage":"et","@id":"https:\/\/www.folkland.lv\/et\/prece\/005-liivakast-130-x-130-x-h20cm-eemaldatava-kaanega-pruun-kollane\/#primaryimage","url":"https:\/\/www.folkland.lv\/wp-content\/uploads\/2019\/03\/IMG_1288cc-600x400_result.jpg","contentUrl":"https:\/\/www.folkland.lv\/wp-content\/uploads\/2019\/03\/IMG_1288cc-600x400_result.jpg","width":900,"height":900},{"@type":"BreadcrumbList","@id":"https:\/\/www.folkland.lv\/et\/prece\/005-liivakast-130-x-130-x-h20cm-eemaldatava-kaanega-pruun-kollane\/#breadcrumb","itemListElement":[{"@type":"ListItem","position":1,"name":"Algus","item":"https:\/\/www.folkland.lv\/et\/"},{"@type":"ListItem","position":2,"name":"Pood","item":"https:\/\/www.folkland.lv\/et\/pood\/"},{"@type":"ListItem","position":3,"name":"005 Liivakast 130 x 130 x H20cm eemaldatava kaanega pruun\/kollane"}]},{"@type":"WebSite","@id":"https:\/\/www.folkland.lv\/#website","url":"https:\/\/www.folkland.lv\/","name":"Folkland","description":"","potentialAction":[{"@type":"SearchAction","target":{"@type":"EntryPoint","urlTemplate":"https:\/\/www.folkland.lv\/?s={search_term_string}"},"query-input":"required name=search_term_string"}],"inLanguage":"et"}]}},"_links":{"self":[{"href":"https:\/\/www.folkland.lv\/et\/wp-json\/wp\/v2\/product\/10403"}],"collection":[{"href":"https:\/\/www.folkland.lv\/et\/wp-json\/wp\/v2\/product"}],"about":[{"href":"https:\/\/www.folkland.lv\/et\/wp-json\/wp\/v2\/types\/product"}],"version-history":[{"count":0,"href":"https:\/\/www.folkland.lv\/et\/wp-json\/wp\/v2\/product\/10403\/revisions"}],"wp:featuredmedia":[{"embeddable":true,"href":"https:\/\/www.folkland.lv\/et\/wp-json\/wp\/v2\/media\/28367"}],"wp:attachment":[{"href":"https:\/\/www.folkland.lv\/et\/wp-json\/wp\/v2\/media?parent=10403"}],"wp:term":[{"taxonomy":"product_cat","embeddable":true,"href":"https:\/\/www.folkland.lv\/et\/wp-json\/wp\/v2\/product_cat?post=10403"},{"taxonomy":"product_tag","embeddable":true,"href":"https:\/\/www.folkland.lv\/et\/wp-json\/wp\/v2\/product_tag?post=10403"}],"curies":[{"name":"wp","href":"https:\/\/api.w.org\/{rel}","templated":true}]}}