{"id":10401,"date":"2018-12-21T17:03:16","date_gmt":"2021-03-07T16:41:13","guid":{"rendered":"https:\/\/www.folkland.lv\/?post_type=product&#038;p=10401"},"modified":"2021-04-14T10:50:24","modified_gmt":"2021-04-14T07:50:24","slug":"003-liivakast-120-x-120-x-h20cm-eemaldatava-kaanega-natural","status":"publish","type":"product","link":"https:\/\/www.folkland.lv\/et\/prece\/003-liivakast-120-x-120-x-h20cm-eemaldatava-kaanega-natural\/","title":{"rendered":"003 Liivakast 120 x 120 x H20cm eemaldatava kaanega Natural"},"content":{"rendered":"<p>Tooteinfo:<br \/>\nLiivakast 120cm x 120cm x 20cm (laius x pikkus x k\u00f5rgus);<br \/>\nMaterjal: M\u00e4nd\/kuusk;<br \/>\nV\u00e4rv \u2013 naturaalne (keemiliselt t\u00f6\u00f6tlemata). Teil on v\u00f5imalus anda tootele isikup\u00e4rane v\u00e4lisilme;<br \/>\nTarnitakse osadeks v\u00f5etuna;<br \/>\nKinnitusvahendid ja skemaatiline paigaldusjuhend on komplektis;<br \/>\nPakend \u2013 kartongkarp, kile;<br \/>\nPakendi m\u00f5\u00f5dud \u2013 47 x 116 x 11cm (laius x pikkus x k\u00f5rgus);<br \/>\nToote kaal \u2013 21kg;<br \/>\nEAN kood \u2013 4751030920641;<br \/>\nT\u00e4helepanu \u2013 Liivakast on valmistatud naturaalsest m\u00e4nnipuidust, puit on looduslik materjal ja v\u00e4liste tegurite m\u00f5ju v\u00f5ib p\u00f5hjustada selle kuju, v\u00e4rvi ja tekstuuri muutumise ning vaigu ja mikrom\u00f5rade tekkimise.<br \/>\nHooldus \u2013 Kui olete soetanud loodusliku ehk keemiliselt t\u00f6\u00f6tlemata toote, on soovitatav toodet t\u00f6\u00f6delda, see pikendab kindlasti puu eluiga! Puitu on soovitatav t\u00f6\u00f6delda ainult lina\u00f5li v\u00f5i veep\u00f5histe v\u00e4rvidega, et kaitsta last allergiate eest, mis tekivad naha kokkupuutel valesti t\u00f6\u00f6deldud puiduga..<br \/>\nHoiustamine\u00a0\u2013 Kui te ei kasuta liivakasti pikemat aega, v\u00f5ite selle kaitseks otsese p\u00e4ikesevalguse ja vee eest kile v\u00f5i kattega katta. Talvel on soovitav liivakasti v\u00f5imalusel hoida kuivas kohas. See pikendab toote t\u00f6\u00f6iga ja j\u00e4rgmisel hooajal n\u00e4eb Teie liivakast v\u00e4lja nagu uus.<\/p>\n","protected":false},"excerpt":{"rendered":"<p>Olulisemad andmed:<br \/>\nT\u00e4histus Natural \u2013 t\u00e4hendab, et puitu pole keemiliselt t\u00f6\u00f6deldud. Klient saab puitu oma \u00e4ran\u00e4gemise j\u00e4rgi t\u00f6\u00f6delda ja anda liivakastile individuaalse ilme liivakastile individuaalse ilme;<br \/>\nLihtne, klassikaline nelinurkne liivakast eemaldatava kaanega;<br \/>\nV\u00e4iksemate laste turvalisuseks on liivakastil \u00fcmarad nurgad;<br \/>\nServa saab kasutada mugava ja turvalise pingina;<br \/>\nPuit on esteetiline, looduslik ja vastupidav materjal, mis vastupidiselt plastkarbile ei kuumene p\u00e4ikese k\u00e4es;<br \/>\nLiivakastil on liiva puhtana hoidmiseks eemaldatav kaas;<br \/>\nKaant saab kasutada m\u00e4nguasja t\u00e4iendava elemendina;<\/p>\n","protected":false},"featured_media":28447,"template":"","meta":{"_acf_changed":false},"product_cat":[537,279,286],"product_tag":[],"acf":[],"yoast_head":"<!-- This site is optimized with the Yoast SEO plugin v23.0 - https:\/\/yoast.com\/wordpress\/plugins\/seo\/ -->\n<title>003 Liivakast 120 x 120 x H20cm eemaldatava kaanega Natural - Folkland<\/title>\n<meta name=\"robots\" content=\"index, follow, max-snippet:-1, max-image-preview:large, max-video-preview:-1\" \/>\n<link rel=\"canonical\" href=\"https:\/\/www.folkland.lv\/et\/prece\/003-liivakast-120-x-120-x-h20cm-eemaldatava-kaanega-natural\/\" \/>\n<meta property=\"og:locale\" content=\"et_EE\" \/>\n<meta property=\"og:type\" content=\"article\" \/>\n<meta property=\"og:title\" content=\"003 Liivakast 120 x 120 x H20cm eemaldatava kaanega Natural - Folkland\" \/>\n<meta property=\"og:description\" content=\"Olulisemad andmed: T\u00e4histus Natural \u2013 t\u00e4hendab, et puitu pole keemiliselt t\u00f6\u00f6deldud. Klient saab puitu oma \u00e4ran\u00e4gemise j\u00e4rgi t\u00f6\u00f6delda ja anda liivakastile individuaalse ilme liivakastile individuaalse ilme; Lihtne, klassikaline nelinurkne liivakast eemaldatava kaanega; V\u00e4iksemate laste turvalisuseks on liivakastil \u00fcmarad nurgad; Serva saab kasutada mugava ja turvalise pingina; Puit on esteetiline, looduslik ja vastupidav materjal, mis vastupidiselt plastkarbile ei kuumene p\u00e4ikese k\u00e4es; Liivakastil on liiva puhtana hoidmiseks eemaldatav kaas; Kaant saab kasutada m\u00e4nguasja t\u00e4iendava elemendina;\" \/>\n<meta property=\"og:url\" content=\"https:\/\/www.folkland.lv\/et\/prece\/003-liivakast-120-x-120-x-h20cm-eemaldatava-kaanega-natural\/\" \/>\n<meta property=\"og:site_name\" content=\"Folkland\" \/>\n<meta property=\"article:modified_time\" content=\"2021-04-14T07:50:24+00:00\" \/>\n<meta property=\"og:image\" content=\"https:\/\/www.folkland.lv\/wp-content\/uploads\/2019\/03\/IMG_4929c-600x400_result.jpg\" \/>\n\t<meta property=\"og:image:width\" content=\"900\" \/>\n\t<meta property=\"og:image:height\" content=\"900\" \/>\n\t<meta property=\"og:image:type\" content=\"image\/jpeg\" \/>\n<meta name=\"twitter:card\" content=\"summary_large_image\" \/>\n<meta name=\"twitter:label1\" content=\"Est. reading time\" \/>\n\t<meta name=\"twitter:data1\" content=\"1 minut\" \/>\n<script type=\"application\/ld+json\" class=\"yoast-schema-graph\">{\"@context\":\"https:\/\/schema.org\",\"@graph\":[{\"@type\":\"WebPage\",\"@id\":\"https:\/\/www.folkland.lv\/et\/prece\/003-liivakast-120-x-120-x-h20cm-eemaldatava-kaanega-natural\/\",\"url\":\"https:\/\/www.folkland.lv\/et\/prece\/003-liivakast-120-x-120-x-h20cm-eemaldatava-kaanega-natural\/\",\"name\":\"003 Liivakast 120 x 120 x H20cm eemaldatava kaanega Natural - Folkland\",\"isPartOf\":{\"@id\":\"https:\/\/www.folkland.lv\/#website\"},\"primaryImageOfPage\":{\"@id\":\"https:\/\/www.folkland.lv\/et\/prece\/003-liivakast-120-x-120-x-h20cm-eemaldatava-kaanega-natural\/#primaryimage\"},\"image\":{\"@id\":\"https:\/\/www.folkland.lv\/et\/prece\/003-liivakast-120-x-120-x-h20cm-eemaldatava-kaanega-natural\/#primaryimage\"},\"thumbnailUrl\":\"https:\/\/www.folkland.lv\/wp-content\/uploads\/2019\/03\/IMG_4929c-600x400_result.jpg\",\"datePublished\":\"2021-03-07T16:41:13+00:00\",\"dateModified\":\"2021-04-14T07:50:24+00:00\",\"breadcrumb\":{\"@id\":\"https:\/\/www.folkland.lv\/et\/prece\/003-liivakast-120-x-120-x-h20cm-eemaldatava-kaanega-natural\/#breadcrumb\"},\"inLanguage\":\"et\",\"potentialAction\":[{\"@type\":\"ReadAction\",\"target\":[\"https:\/\/www.folkland.lv\/et\/prece\/003-liivakast-120-x-120-x-h20cm-eemaldatava-kaanega-natural\/\"]}]},{\"@type\":\"ImageObject\",\"inLanguage\":\"et\",\"@id\":\"https:\/\/www.folkland.lv\/et\/prece\/003-liivakast-120-x-120-x-h20cm-eemaldatava-kaanega-natural\/#primaryimage\",\"url\":\"https:\/\/www.folkland.lv\/wp-content\/uploads\/2019\/03\/IMG_4929c-600x400_result.jpg\",\"contentUrl\":\"https:\/\/www.folkland.lv\/wp-content\/uploads\/2019\/03\/IMG_4929c-600x400_result.jpg\",\"width\":900,\"height\":900},{\"@type\":\"BreadcrumbList\",\"@id\":\"https:\/\/www.folkland.lv\/et\/prece\/003-liivakast-120-x-120-x-h20cm-eemaldatava-kaanega-natural\/#breadcrumb\",\"itemListElement\":[{\"@type\":\"ListItem\",\"position\":1,\"name\":\"Algus\",\"item\":\"https:\/\/www.folkland.lv\/et\/\"},{\"@type\":\"ListItem\",\"position\":2,\"name\":\"Pood\",\"item\":\"https:\/\/www.folkland.lv\/et\/pood\/\"},{\"@type\":\"ListItem\",\"position\":3,\"name\":\"003 Liivakast 120 x 120 x H20cm eemaldatava kaanega Natural\"}]},{\"@type\":\"WebSite\",\"@id\":\"https:\/\/www.folkland.lv\/#website\",\"url\":\"https:\/\/www.folkland.lv\/\",\"name\":\"Folkland\",\"description\":\"\",\"potentialAction\":[{\"@type\":\"SearchAction\",\"target\":{\"@type\":\"EntryPoint\",\"urlTemplate\":\"https:\/\/www.folkland.lv\/?s={search_term_string}\"},\"query-input\":\"required name=search_term_string\"}],\"inLanguage\":\"et\"}]}<\/script>\n<!-- \/ Yoast SEO plugin. -->","yoast_head_json":{"title":"003 Liivakast 120 x 120 x H20cm eemaldatava kaanega Natural - Folkland","robots":{"index":"index","follow":"follow","max-snippet":"max-snippet:-1","max-image-preview":"max-image-preview:large","max-video-preview":"max-video-preview:-1"},"canonical":"https:\/\/www.folkland.lv\/et\/prece\/003-liivakast-120-x-120-x-h20cm-eemaldatava-kaanega-natural\/","og_locale":"et_EE","og_type":"article","og_title":"003 Liivakast 120 x 120 x H20cm eemaldatava kaanega Natural - Folkland","og_description":"Olulisemad andmed: T\u00e4histus Natural \u2013 t\u00e4hendab, et puitu pole keemiliselt t\u00f6\u00f6deldud. Klient saab puitu oma \u00e4ran\u00e4gemise j\u00e4rgi t\u00f6\u00f6delda ja anda liivakastile individuaalse ilme liivakastile individuaalse ilme; Lihtne, klassikaline nelinurkne liivakast eemaldatava kaanega; V\u00e4iksemate laste turvalisuseks on liivakastil \u00fcmarad nurgad; Serva saab kasutada mugava ja turvalise pingina; Puit on esteetiline, looduslik ja vastupidav materjal, mis vastupidiselt plastkarbile ei kuumene p\u00e4ikese k\u00e4es; Liivakastil on liiva puhtana hoidmiseks eemaldatav kaas; Kaant saab kasutada m\u00e4nguasja t\u00e4iendava elemendina;","og_url":"https:\/\/www.folkland.lv\/et\/prece\/003-liivakast-120-x-120-x-h20cm-eemaldatava-kaanega-natural\/","og_site_name":"Folkland","article_modified_time":"2021-04-14T07:50:24+00:00","og_image":[{"width":900,"height":900,"url":"https:\/\/www.folkland.lv\/wp-content\/uploads\/2019\/03\/IMG_4929c-600x400_result.jpg","type":"image\/jpeg"}],"twitter_card":"summary_large_image","twitter_misc":{"Est. reading time":"1 minut"},"schema":{"@context":"https:\/\/schema.org","@graph":[{"@type":"WebPage","@id":"https:\/\/www.folkland.lv\/et\/prece\/003-liivakast-120-x-120-x-h20cm-eemaldatava-kaanega-natural\/","url":"https:\/\/www.folkland.lv\/et\/prece\/003-liivakast-120-x-120-x-h20cm-eemaldatava-kaanega-natural\/","name":"003 Liivakast 120 x 120 x H20cm eemaldatava kaanega Natural - Folkland","isPartOf":{"@id":"https:\/\/www.folkland.lv\/#website"},"primaryImageOfPage":{"@id":"https:\/\/www.folkland.lv\/et\/prece\/003-liivakast-120-x-120-x-h20cm-eemaldatava-kaanega-natural\/#primaryimage"},"image":{"@id":"https:\/\/www.folkland.lv\/et\/prece\/003-liivakast-120-x-120-x-h20cm-eemaldatava-kaanega-natural\/#primaryimage"},"thumbnailUrl":"https:\/\/www.folkland.lv\/wp-content\/uploads\/2019\/03\/IMG_4929c-600x400_result.jpg","datePublished":"2021-03-07T16:41:13+00:00","dateModified":"2021-04-14T07:50:24+00:00","breadcrumb":{"@id":"https:\/\/www.folkland.lv\/et\/prece\/003-liivakast-120-x-120-x-h20cm-eemaldatava-kaanega-natural\/#breadcrumb"},"inLanguage":"et","potentialAction":[{"@type":"ReadAction","target":["https:\/\/www.folkland.lv\/et\/prece\/003-liivakast-120-x-120-x-h20cm-eemaldatava-kaanega-natural\/"]}]},{"@type":"ImageObject","inLanguage":"et","@id":"https:\/\/www.folkland.lv\/et\/prece\/003-liivakast-120-x-120-x-h20cm-eemaldatava-kaanega-natural\/#primaryimage","url":"https:\/\/www.folkland.lv\/wp-content\/uploads\/2019\/03\/IMG_4929c-600x400_result.jpg","contentUrl":"https:\/\/www.folkland.lv\/wp-content\/uploads\/2019\/03\/IMG_4929c-600x400_result.jpg","width":900,"height":900},{"@type":"BreadcrumbList","@id":"https:\/\/www.folkland.lv\/et\/prece\/003-liivakast-120-x-120-x-h20cm-eemaldatava-kaanega-natural\/#breadcrumb","itemListElement":[{"@type":"ListItem","position":1,"name":"Algus","item":"https:\/\/www.folkland.lv\/et\/"},{"@type":"ListItem","position":2,"name":"Pood","item":"https:\/\/www.folkland.lv\/et\/pood\/"},{"@type":"ListItem","position":3,"name":"003 Liivakast 120 x 120 x H20cm eemaldatava kaanega Natural"}]},{"@type":"WebSite","@id":"https:\/\/www.folkland.lv\/#website","url":"https:\/\/www.folkland.lv\/","name":"Folkland","description":"","potentialAction":[{"@type":"SearchAction","target":{"@type":"EntryPoint","urlTemplate":"https:\/\/www.folkland.lv\/?s={search_term_string}"},"query-input":"required name=search_term_string"}],"inLanguage":"et"}]}},"_links":{"self":[{"href":"https:\/\/www.folkland.lv\/et\/wp-json\/wp\/v2\/product\/10401"}],"collection":[{"href":"https:\/\/www.folkland.lv\/et\/wp-json\/wp\/v2\/product"}],"about":[{"href":"https:\/\/www.folkland.lv\/et\/wp-json\/wp\/v2\/types\/product"}],"version-history":[{"count":0,"href":"https:\/\/www.folkland.lv\/et\/wp-json\/wp\/v2\/product\/10401\/revisions"}],"wp:featuredmedia":[{"embeddable":true,"href":"https:\/\/www.folkland.lv\/et\/wp-json\/wp\/v2\/media\/28447"}],"wp:attachment":[{"href":"https:\/\/www.folkland.lv\/et\/wp-json\/wp\/v2\/media?parent=10401"}],"wp:term":[{"taxonomy":"product_cat","embeddable":true,"href":"https:\/\/www.folkland.lv\/et\/wp-json\/wp\/v2\/product_cat?post=10401"},{"taxonomy":"product_tag","embeddable":true,"href":"https:\/\/www.folkland.lv\/et\/wp-json\/wp\/v2\/product_tag?post=10401"}],"curies":[{"name":"wp","href":"https:\/\/api.w.org\/{rel}","templated":true}]}}