{"id":10400,"date":"2019-03-20T16:21:11","date_gmt":"2021-03-07T16:38:10","guid":{"rendered":"https:\/\/www.folkland.lv\/?post_type=product&#038;p=10400"},"modified":"2021-04-14T10:49:55","modified_gmt":"2021-04-14T07:49:55","slug":"001-liivakast-120-x-120-x-h20cm-eemaldatava-kaanega-valge-grafiit","status":"publish","type":"product","link":"https:\/\/www.folkland.lv\/et\/prece\/001-liivakast-120-x-120-x-h20cm-eemaldatava-kaanega-valge-grafiit\/","title":{"rendered":"001 Liivakast 120 x 120 x H20cm eemaldatava kaanega Valge\/Grafiit"},"content":{"rendered":"<p><span style=\"color: #ff0000;\">T\u00e4helepanu<\/span> \u2013 Liivakast on valmistatud naturaalsest m\u00e4nnipuidust. Puit on looduslik materjal ja v\u00e4liste tegurite (p\u00e4ike, vihm, tuul, lumi)\u00a0otsene m\u00f5ju v\u00f5ib p\u00f5hjustada selle kuju, v\u00e4rvi ja tekstuuri muutumise ning vaigu ja mikrom\u00f5rade tekkimise. Puidust liivakasti tuleb hoida halva ilma eest vaatamata sellele, et liivakast on t\u00f6\u00f6deldud mitme kihi kaitsevahendiga ja talub kerget vihma. Kui see pikaks ajaks L\u00e4ti ilma meelevalda j\u00e4tta, v\u00f5ib v\u00e4rv maha tulla ja seet\u00f5ttu tuleb puitm\u00f6\u00f6blit v\u00e4liste tegurite otsese m\u00f5ju eest kaitsta, kattes selle presendiga v\u00f5i t\u00f5stes varju alla.<\/p>\n<p>Hooldus \u2013 K\u00e4esoleval tootel on t\u00e4iendav puidukaitse ja erihooldust see ei vaja. Kasutamise k\u00e4igus tekkiva mustuse ja tolmu v\u00f5ib \u00e4ra p\u00fchkida niiske pehme lapiga.\u00a0Kaitsvat laki- ja v\u00e4rvikihti on soovitav aastas korra aiahooaja l\u00f5ppedes uuendada.<\/p>\n<p>Hoiustamine \u2013 Kui te liivakasti pikka aega ei kasuta, v\u00f5ite selle kaitseks otsese p\u00e4ikesevalguse, vee ja tuule eest kattega katta. Talvel on soovitav liivakasti hoida\u00a0kuivas kohas. See pikendab liivakasti t\u00f6\u00f6iga ja j\u00e4rgmisel hooajal n\u00e4eb see v\u00e4lja nagu uus.<br \/>\nTooteinfo:<\/p>\n<p>Liivakasti v\u00e4lism\u00f5\u00f5tmed 120cm x 120cm x 20cm (laius x pikkus x k\u00f5rgus);<br \/>\nMaterjal: M\u00e4nd\/kuusk;<br \/>\nV\u00e4rv \u2013 Valge\/Grafiit;<br \/>\nT\u00e4iendav puidu kaitse \u2013\u00a0Vivacolor Villa Akva (modifitseeritud, veep\u00f5hine mattv\u00e4rv puitpindadele v\u00e4listingimustes. V\u00e4rv moodustab mustust ja vett h\u00fclgava pinna. Villa Akva tagab suurep\u00e4rase v\u00e4rvi ja l\u00e4ike p\u00fcsivuse. Puit j\u00e4tab siidise mattpinna mulje);<br \/>\nTarne osadeks v\u00f5etuna;<br \/>\nKinnitusvahendid ja skemaatiline paigaldusjuhend on komplektis;<br \/>\nPakend \u2013 kartongkarp;<br \/>\nPakendi m\u00f5\u00f5dud \u2013 47 x 116 x 11cm (laius x pikkus x k\u00f5rgus);<br \/>\nPakendi maht \u2013 0,060 m3;<br \/>\nToote kaal \u2013 21kg;<\/p>\n","protected":false},"excerpt":{"rendered":"<p>Olulisemad andmed:<br \/>\nLihtne, klassikaline nelinurkne liivakast eemaldatava kaanega;<br \/>\nV\u00e4iksemate laste turvalisuseks on liivakastil \u00fcmarad nurgad;<br \/>\nServa saab kasutada mugava ja turvalise pingina;<br \/>\nPuit on esteetiline, looduslik ja vastupidav materjal, mis vastupidiselt plastkarbile ei kuumene p\u00e4ikese k\u00e4es;<br \/>\nLiivakastil on liiva puhtana hoidmiseks eemaldatav kaas;<br \/>\nKaant saab kasutada m\u00e4nguasja t\u00e4iendava elemendina;<\/p>\n","protected":false},"featured_media":28451,"template":"","meta":{"_acf_changed":false},"product_cat":[537,279,286],"product_tag":[],"acf":[],"yoast_head":"<!-- This site is optimized with the Yoast SEO plugin v23.0 - https:\/\/yoast.com\/wordpress\/plugins\/seo\/ -->\n<title>001 Liivakast 120 x 120 x H20cm eemaldatava kaanega Valge\/Grafiit - Folkland<\/title>\n<meta name=\"robots\" content=\"index, follow, max-snippet:-1, max-image-preview:large, max-video-preview:-1\" \/>\n<link rel=\"canonical\" href=\"https:\/\/www.folkland.lv\/et\/prece\/001-liivakast-120-x-120-x-h20cm-eemaldatava-kaanega-valge-grafiit\/\" \/>\n<meta property=\"og:locale\" content=\"et_EE\" \/>\n<meta property=\"og:type\" content=\"article\" \/>\n<meta property=\"og:title\" content=\"001 Liivakast 120 x 120 x H20cm eemaldatava kaanega Valge\/Grafiit - Folkland\" \/>\n<meta property=\"og:description\" content=\"Olulisemad andmed: Lihtne, klassikaline nelinurkne liivakast eemaldatava kaanega; V\u00e4iksemate laste turvalisuseks on liivakastil \u00fcmarad nurgad; Serva saab kasutada mugava ja turvalise pingina; Puit on esteetiline, looduslik ja vastupidav materjal, mis vastupidiselt plastkarbile ei kuumene p\u00e4ikese k\u00e4es; Liivakastil on liiva puhtana hoidmiseks eemaldatav kaas; Kaant saab kasutada m\u00e4nguasja t\u00e4iendava elemendina;\" \/>\n<meta property=\"og:url\" content=\"https:\/\/www.folkland.lv\/et\/prece\/001-liivakast-120-x-120-x-h20cm-eemaldatava-kaanega-valge-grafiit\/\" \/>\n<meta property=\"og:site_name\" content=\"Folkland\" \/>\n<meta property=\"article:modified_time\" content=\"2021-04-14T07:49:55+00:00\" \/>\n<meta property=\"og:image\" content=\"https:\/\/www.folkland.lv\/wp-content\/uploads\/2019\/03\/IMG_5470cc-600x400_result.jpg\" \/>\n\t<meta property=\"og:image:width\" content=\"900\" \/>\n\t<meta property=\"og:image:height\" content=\"900\" \/>\n\t<meta property=\"og:image:type\" content=\"image\/jpeg\" \/>\n<meta name=\"twitter:card\" content=\"summary_large_image\" \/>\n<meta name=\"twitter:label1\" content=\"Est. reading time\" \/>\n\t<meta name=\"twitter:data1\" content=\"1 minut\" \/>\n<script type=\"application\/ld+json\" class=\"yoast-schema-graph\">{\"@context\":\"https:\/\/schema.org\",\"@graph\":[{\"@type\":\"WebPage\",\"@id\":\"https:\/\/www.folkland.lv\/et\/prece\/001-liivakast-120-x-120-x-h20cm-eemaldatava-kaanega-valge-grafiit\/\",\"url\":\"https:\/\/www.folkland.lv\/et\/prece\/001-liivakast-120-x-120-x-h20cm-eemaldatava-kaanega-valge-grafiit\/\",\"name\":\"001 Liivakast 120 x 120 x H20cm eemaldatava kaanega Valge\/Grafiit - Folkland\",\"isPartOf\":{\"@id\":\"https:\/\/www.folkland.lv\/#website\"},\"primaryImageOfPage\":{\"@id\":\"https:\/\/www.folkland.lv\/et\/prece\/001-liivakast-120-x-120-x-h20cm-eemaldatava-kaanega-valge-grafiit\/#primaryimage\"},\"image\":{\"@id\":\"https:\/\/www.folkland.lv\/et\/prece\/001-liivakast-120-x-120-x-h20cm-eemaldatava-kaanega-valge-grafiit\/#primaryimage\"},\"thumbnailUrl\":\"https:\/\/www.folkland.lv\/wp-content\/uploads\/2019\/03\/IMG_5470cc-600x400_result.jpg\",\"datePublished\":\"2021-03-07T16:38:10+00:00\",\"dateModified\":\"2021-04-14T07:49:55+00:00\",\"breadcrumb\":{\"@id\":\"https:\/\/www.folkland.lv\/et\/prece\/001-liivakast-120-x-120-x-h20cm-eemaldatava-kaanega-valge-grafiit\/#breadcrumb\"},\"inLanguage\":\"et\",\"potentialAction\":[{\"@type\":\"ReadAction\",\"target\":[\"https:\/\/www.folkland.lv\/et\/prece\/001-liivakast-120-x-120-x-h20cm-eemaldatava-kaanega-valge-grafiit\/\"]}]},{\"@type\":\"ImageObject\",\"inLanguage\":\"et\",\"@id\":\"https:\/\/www.folkland.lv\/et\/prece\/001-liivakast-120-x-120-x-h20cm-eemaldatava-kaanega-valge-grafiit\/#primaryimage\",\"url\":\"https:\/\/www.folkland.lv\/wp-content\/uploads\/2019\/03\/IMG_5470cc-600x400_result.jpg\",\"contentUrl\":\"https:\/\/www.folkland.lv\/wp-content\/uploads\/2019\/03\/IMG_5470cc-600x400_result.jpg\",\"width\":900,\"height\":900,\"caption\":\"Smil\u0161u kaste ar v\u0101ku\"},{\"@type\":\"BreadcrumbList\",\"@id\":\"https:\/\/www.folkland.lv\/et\/prece\/001-liivakast-120-x-120-x-h20cm-eemaldatava-kaanega-valge-grafiit\/#breadcrumb\",\"itemListElement\":[{\"@type\":\"ListItem\",\"position\":1,\"name\":\"Algus\",\"item\":\"https:\/\/www.folkland.lv\/et\/\"},{\"@type\":\"ListItem\",\"position\":2,\"name\":\"Pood\",\"item\":\"https:\/\/www.folkland.lv\/et\/pood\/\"},{\"@type\":\"ListItem\",\"position\":3,\"name\":\"001 Liivakast 120 x 120 x H20cm eemaldatava kaanega Valge\/Grafiit\"}]},{\"@type\":\"WebSite\",\"@id\":\"https:\/\/www.folkland.lv\/#website\",\"url\":\"https:\/\/www.folkland.lv\/\",\"name\":\"Folkland\",\"description\":\"\",\"potentialAction\":[{\"@type\":\"SearchAction\",\"target\":{\"@type\":\"EntryPoint\",\"urlTemplate\":\"https:\/\/www.folkland.lv\/?s={search_term_string}\"},\"query-input\":\"required name=search_term_string\"}],\"inLanguage\":\"et\"}]}<\/script>\n<!-- \/ Yoast SEO plugin. -->","yoast_head_json":{"title":"001 Liivakast 120 x 120 x H20cm eemaldatava kaanega Valge\/Grafiit - Folkland","robots":{"index":"index","follow":"follow","max-snippet":"max-snippet:-1","max-image-preview":"max-image-preview:large","max-video-preview":"max-video-preview:-1"},"canonical":"https:\/\/www.folkland.lv\/et\/prece\/001-liivakast-120-x-120-x-h20cm-eemaldatava-kaanega-valge-grafiit\/","og_locale":"et_EE","og_type":"article","og_title":"001 Liivakast 120 x 120 x H20cm eemaldatava kaanega Valge\/Grafiit - Folkland","og_description":"Olulisemad andmed: Lihtne, klassikaline nelinurkne liivakast eemaldatava kaanega; V\u00e4iksemate laste turvalisuseks on liivakastil \u00fcmarad nurgad; Serva saab kasutada mugava ja turvalise pingina; Puit on esteetiline, looduslik ja vastupidav materjal, mis vastupidiselt plastkarbile ei kuumene p\u00e4ikese k\u00e4es; Liivakastil on liiva puhtana hoidmiseks eemaldatav kaas; Kaant saab kasutada m\u00e4nguasja t\u00e4iendava elemendina;","og_url":"https:\/\/www.folkland.lv\/et\/prece\/001-liivakast-120-x-120-x-h20cm-eemaldatava-kaanega-valge-grafiit\/","og_site_name":"Folkland","article_modified_time":"2021-04-14T07:49:55+00:00","og_image":[{"width":900,"height":900,"url":"https:\/\/www.folkland.lv\/wp-content\/uploads\/2019\/03\/IMG_5470cc-600x400_result.jpg","type":"image\/jpeg"}],"twitter_card":"summary_large_image","twitter_misc":{"Est. reading time":"1 minut"},"schema":{"@context":"https:\/\/schema.org","@graph":[{"@type":"WebPage","@id":"https:\/\/www.folkland.lv\/et\/prece\/001-liivakast-120-x-120-x-h20cm-eemaldatava-kaanega-valge-grafiit\/","url":"https:\/\/www.folkland.lv\/et\/prece\/001-liivakast-120-x-120-x-h20cm-eemaldatava-kaanega-valge-grafiit\/","name":"001 Liivakast 120 x 120 x H20cm eemaldatava kaanega Valge\/Grafiit - Folkland","isPartOf":{"@id":"https:\/\/www.folkland.lv\/#website"},"primaryImageOfPage":{"@id":"https:\/\/www.folkland.lv\/et\/prece\/001-liivakast-120-x-120-x-h20cm-eemaldatava-kaanega-valge-grafiit\/#primaryimage"},"image":{"@id":"https:\/\/www.folkland.lv\/et\/prece\/001-liivakast-120-x-120-x-h20cm-eemaldatava-kaanega-valge-grafiit\/#primaryimage"},"thumbnailUrl":"https:\/\/www.folkland.lv\/wp-content\/uploads\/2019\/03\/IMG_5470cc-600x400_result.jpg","datePublished":"2021-03-07T16:38:10+00:00","dateModified":"2021-04-14T07:49:55+00:00","breadcrumb":{"@id":"https:\/\/www.folkland.lv\/et\/prece\/001-liivakast-120-x-120-x-h20cm-eemaldatava-kaanega-valge-grafiit\/#breadcrumb"},"inLanguage":"et","potentialAction":[{"@type":"ReadAction","target":["https:\/\/www.folkland.lv\/et\/prece\/001-liivakast-120-x-120-x-h20cm-eemaldatava-kaanega-valge-grafiit\/"]}]},{"@type":"ImageObject","inLanguage":"et","@id":"https:\/\/www.folkland.lv\/et\/prece\/001-liivakast-120-x-120-x-h20cm-eemaldatava-kaanega-valge-grafiit\/#primaryimage","url":"https:\/\/www.folkland.lv\/wp-content\/uploads\/2019\/03\/IMG_5470cc-600x400_result.jpg","contentUrl":"https:\/\/www.folkland.lv\/wp-content\/uploads\/2019\/03\/IMG_5470cc-600x400_result.jpg","width":900,"height":900,"caption":"Smil\u0161u kaste ar v\u0101ku"},{"@type":"BreadcrumbList","@id":"https:\/\/www.folkland.lv\/et\/prece\/001-liivakast-120-x-120-x-h20cm-eemaldatava-kaanega-valge-grafiit\/#breadcrumb","itemListElement":[{"@type":"ListItem","position":1,"name":"Algus","item":"https:\/\/www.folkland.lv\/et\/"},{"@type":"ListItem","position":2,"name":"Pood","item":"https:\/\/www.folkland.lv\/et\/pood\/"},{"@type":"ListItem","position":3,"name":"001 Liivakast 120 x 120 x H20cm eemaldatava kaanega Valge\/Grafiit"}]},{"@type":"WebSite","@id":"https:\/\/www.folkland.lv\/#website","url":"https:\/\/www.folkland.lv\/","name":"Folkland","description":"","potentialAction":[{"@type":"SearchAction","target":{"@type":"EntryPoint","urlTemplate":"https:\/\/www.folkland.lv\/?s={search_term_string}"},"query-input":"required name=search_term_string"}],"inLanguage":"et"}]}},"_links":{"self":[{"href":"https:\/\/www.folkland.lv\/et\/wp-json\/wp\/v2\/product\/10400"}],"collection":[{"href":"https:\/\/www.folkland.lv\/et\/wp-json\/wp\/v2\/product"}],"about":[{"href":"https:\/\/www.folkland.lv\/et\/wp-json\/wp\/v2\/types\/product"}],"version-history":[{"count":0,"href":"https:\/\/www.folkland.lv\/et\/wp-json\/wp\/v2\/product\/10400\/revisions"}],"wp:featuredmedia":[{"embeddable":true,"href":"https:\/\/www.folkland.lv\/et\/wp-json\/wp\/v2\/media\/28451"}],"wp:attachment":[{"href":"https:\/\/www.folkland.lv\/et\/wp-json\/wp\/v2\/media?parent=10400"}],"wp:term":[{"taxonomy":"product_cat","embeddable":true,"href":"https:\/\/www.folkland.lv\/et\/wp-json\/wp\/v2\/product_cat?post=10400"},{"taxonomy":"product_tag","embeddable":true,"href":"https:\/\/www.folkland.lv\/et\/wp-json\/wp\/v2\/product_tag?post=10400"}],"curies":[{"name":"wp","href":"https:\/\/api.w.org\/{rel}","templated":true}]}}