{"id":10320,"date":"2020-10-29T08:38:54","date_gmt":"2020-12-27T10:19:32","guid":{"rendered":"https:\/\/www.folkland.lv\/?post_type=product&#038;p=10320"},"modified":"2021-04-13T09:36:45","modified_gmt":"2021-04-13T06:36:45","slug":"088-laud-aeda-terrassile-garda-valge-grafiit","status":"publish","type":"product","link":"https:\/\/www.folkland.lv\/et\/prece\/088-laud-aeda-terrassile-garda-valge-grafiit\/","title":{"rendered":"088 Laud aeda\/terrassile \u201cGARDA\u201d VALGE GRAFIIT"},"content":{"rendered":"<p><span style=\"color: #ff0000;\"><strong>T\u00e4helepanu<\/strong><\/span> \u2013 laud on valmistatud naturaalsest m\u00e4nnipuidust. Puit on looduslik materjal ja v\u00e4liste tegurite (p\u00e4ike, vihm, tuul, lumi) otsene m\u00f5ju v\u00f5ib p\u00f5hjustada selle kuju, v\u00e4rvi ja tekstuuri muutumise ning vaigu ja mikrom\u00f5rade tekkimise. Puidust lauda ja toole tuleb hoida halva ilma eest vaatamata sellele, et m\u00f6\u00f6bel on t\u00f6\u00f6deldud mitme kihi kaitsevahendiga ja talub kerget vihma. Kui see pikaks ajaks L\u00e4ti ilma meelevalda j\u00e4tta, v\u00f5ib v\u00e4rv maha tulla ja seet\u00f5ttu tuleb puitm\u00f6\u00f6blit v\u00e4liste tegurite otsese m\u00f5ju eest kaitsta, kattes selle presendiga v\u00f5i t\u00f5stes varju alla.<\/p>\n<p><strong>Hooldus \u2013 <\/strong>tootel on t\u00e4iendav puidukaitse ja erihooldust see ei vaja. Kasutamise k\u00e4igus tekkiva mustuse ja tolmu v\u00f5ib \u00e4ra p\u00fchkida niiske pehme lapiga.\u00a0Kaitsvat laki- ja v\u00e4rvikihti on soovitav aastas korra aiahooaja l\u00f5ppedes uuendada.<\/p>\n<p><strong>Hoiustamine \u2013 <\/strong>kui te lauda pikka aega ei kasuta, v\u00f5ite selle kaitseks otsese p\u00e4ikesevalguse ja vee eest kattega katta. Talvel on soovitav m\u00f6\u00f6blit hoida <strong>kuivas kohas<\/strong>. See pikendab teie m\u00f6\u00f6bliese t\u00f6\u00f6iga ja j\u00e4rgmisel hooajal n\u00e4eb see v\u00e4lja nagu uus.<\/p>\n<h3>Laua m\u00f5\u00f5dud:<\/h3>\n<ul>\n<li>Pikkus \u2013 140 cm;<\/li>\n<li>Laius \u2013 79 cm;<\/li>\n<li>K\u00f5rgus \u2013 68cm;<\/li>\n<li>Kaal \u2013 24,0kg;<\/li>\n<li>Transpordim\u00f5\u00f5dud \u2013 140cm x 79cm x H13cm (laius x pikkus x k\u00f5rgus);<\/li>\n<li>Transpordimaht \u2013 0,144m<sup>3<\/sup>;<\/li>\n<li>Tarnitakse lahtiv\u00f5etud kujul \/ vajab kokkupanekut;<\/li>\n<li>Pakend PVC-kile, kartongkarp;<\/li>\n<li>Transpordim\u00f5\u00f5dud \u2013 80cm x 140cm x 13cm (laius x pikkus x k\u00f5rgus);<\/li>\n<\/ul>\n<p><strong>Materjal \u2013 t\u00e4ispuit m\u00e4nd<\/strong>;<\/p>\n<p><strong>Puidu t\u00f6\u00f6tlemine \u2013\u00a0<\/strong><u>Vivacolor Villa Akva<\/u>\u00a0(modifitseeritud, veep\u00f5hine mattv\u00e4rv puitpindadele v\u00e4listingimustes. V\u00e4rv moodustab mustust ja vett h\u00fclgava pinna. Villa Akva tagab suurep\u00e4rase v\u00e4rvi ja l\u00e4ike p\u00fcsivuse, puit j\u00e4tab siidise mattpinna mulje);<\/p>\n<p><strong>V\u00e4rvitoon \u2013 <\/strong>valge grafiit;<\/p>\n","protected":false},"excerpt":{"rendered":"<p><strong>Stabiilne statsionaarne laud \u201cGARDA\u201d<\/strong><\/p>\n<p>Korralik ja kvaliteetne aia- ja terrassim\u00f6\u00f6bel on investeering teie mugavusse ja esteetilisse keskkonda pikkadeks aastaks ja seep\u00e4rast tuleb m\u00f6\u00f6bli valimisse suhtuda kaalutletult.<\/p>\n<ul>\n<li>Praktiline, pikaealine, n\u00e4gus ning eriti mugav;<\/li>\n<li>Kergesti kohandatav v\u00e4iksemate ja suuremate pidustuste tarvis;<\/li>\n<li>Puit\u2013 enesestm\u00f5istetav looduse ilu, soojus ning hubasus Teie aiakujunduses.;<\/li>\n<li>Skandinaavia stiil ja kvaliteet;<\/li>\n<\/ul>\n","protected":false},"featured_media":27793,"template":"","meta":{"_acf_changed":false},"product_cat":[288,289,537,304,305],"product_tag":[],"acf":[],"yoast_head":"<!-- This site is optimized with the Yoast SEO plugin v23.0 - https:\/\/yoast.com\/wordpress\/plugins\/seo\/ -->\n<title>088 Laud aeda\/terrassile \u201cGARDA\u201d VALGE GRAFIIT - Folkland<\/title>\n<meta name=\"robots\" content=\"index, follow, max-snippet:-1, max-image-preview:large, max-video-preview:-1\" \/>\n<link rel=\"canonical\" href=\"https:\/\/www.folkland.lv\/et\/prece\/088-laud-aeda-terrassile-garda-valge-grafiit\/\" \/>\n<meta property=\"og:locale\" content=\"et_EE\" \/>\n<meta property=\"og:type\" content=\"article\" \/>\n<meta property=\"og:title\" content=\"088 Laud aeda\/terrassile \u201cGARDA\u201d VALGE GRAFIIT - Folkland\" \/>\n<meta property=\"og:description\" content=\"Stabiilne statsionaarne laud \u201cGARDA\u201d  Korralik ja kvaliteetne aia- ja terrassim\u00f6\u00f6bel on investeering teie mugavusse ja esteetilisse keskkonda pikkadeks aastaks ja seep\u00e4rast tuleb m\u00f6\u00f6bli valimisse suhtuda kaalutletult.   Praktiline, pikaealine, n\u00e4gus ning eriti mugav;  Kergesti kohandatav v\u00e4iksemate ja suuremate pidustuste tarvis;  Puit\u2013 enesestm\u00f5istetav looduse ilu, soojus ning hubasus Teie aiakujunduses.;  Skandinaavia stiil ja kvaliteet;\" \/>\n<meta property=\"og:url\" content=\"https:\/\/www.folkland.lv\/et\/prece\/088-laud-aeda-terrassile-garda-valge-grafiit\/\" \/>\n<meta property=\"og:site_name\" content=\"Folkland\" \/>\n<meta property=\"article:modified_time\" content=\"2021-04-13T06:36:45+00:00\" \/>\n<meta property=\"og:image\" content=\"https:\/\/www.folkland.lv\/wp-content\/uploads\/2018\/12\/G11-600x400_result.jpg\" \/>\n\t<meta property=\"og:image:width\" content=\"900\" \/>\n\t<meta property=\"og:image:height\" content=\"900\" \/>\n\t<meta property=\"og:image:type\" content=\"image\/jpeg\" \/>\n<meta name=\"twitter:card\" content=\"summary_large_image\" \/>\n<meta name=\"twitter:label1\" content=\"Est. reading time\" \/>\n\t<meta name=\"twitter:data1\" content=\"1 minut\" \/>\n<script type=\"application\/ld+json\" class=\"yoast-schema-graph\">{\"@context\":\"https:\/\/schema.org\",\"@graph\":[{\"@type\":\"WebPage\",\"@id\":\"https:\/\/www.folkland.lv\/et\/prece\/088-laud-aeda-terrassile-garda-valge-grafiit\/\",\"url\":\"https:\/\/www.folkland.lv\/et\/prece\/088-laud-aeda-terrassile-garda-valge-grafiit\/\",\"name\":\"088 Laud aeda\/terrassile \u201cGARDA\u201d VALGE GRAFIIT - Folkland\",\"isPartOf\":{\"@id\":\"https:\/\/www.folkland.lv\/#website\"},\"primaryImageOfPage\":{\"@id\":\"https:\/\/www.folkland.lv\/et\/prece\/088-laud-aeda-terrassile-garda-valge-grafiit\/#primaryimage\"},\"image\":{\"@id\":\"https:\/\/www.folkland.lv\/et\/prece\/088-laud-aeda-terrassile-garda-valge-grafiit\/#primaryimage\"},\"thumbnailUrl\":\"https:\/\/www.folkland.lv\/wp-content\/uploads\/2018\/12\/G11-600x400_result.jpg\",\"datePublished\":\"2020-12-27T10:19:32+00:00\",\"dateModified\":\"2021-04-13T06:36:45+00:00\",\"breadcrumb\":{\"@id\":\"https:\/\/www.folkland.lv\/et\/prece\/088-laud-aeda-terrassile-garda-valge-grafiit\/#breadcrumb\"},\"inLanguage\":\"et\",\"potentialAction\":[{\"@type\":\"ReadAction\",\"target\":[\"https:\/\/www.folkland.lv\/et\/prece\/088-laud-aeda-terrassile-garda-valge-grafiit\/\"]}]},{\"@type\":\"ImageObject\",\"inLanguage\":\"et\",\"@id\":\"https:\/\/www.folkland.lv\/et\/prece\/088-laud-aeda-terrassile-garda-valge-grafiit\/#primaryimage\",\"url\":\"https:\/\/www.folkland.lv\/wp-content\/uploads\/2018\/12\/G11-600x400_result.jpg\",\"contentUrl\":\"https:\/\/www.folkland.lv\/wp-content\/uploads\/2018\/12\/G11-600x400_result.jpg\",\"width\":900,\"height\":900},{\"@type\":\"BreadcrumbList\",\"@id\":\"https:\/\/www.folkland.lv\/et\/prece\/088-laud-aeda-terrassile-garda-valge-grafiit\/#breadcrumb\",\"itemListElement\":[{\"@type\":\"ListItem\",\"position\":1,\"name\":\"Algus\",\"item\":\"https:\/\/www.folkland.lv\/et\/\"},{\"@type\":\"ListItem\",\"position\":2,\"name\":\"Pood\",\"item\":\"https:\/\/www.folkland.lv\/et\/pood\/\"},{\"@type\":\"ListItem\",\"position\":3,\"name\":\"088 Laud aeda\/terrassile \u201cGARDA\u201d VALGE GRAFIIT\"}]},{\"@type\":\"WebSite\",\"@id\":\"https:\/\/www.folkland.lv\/#website\",\"url\":\"https:\/\/www.folkland.lv\/\",\"name\":\"Folkland\",\"description\":\"\",\"potentialAction\":[{\"@type\":\"SearchAction\",\"target\":{\"@type\":\"EntryPoint\",\"urlTemplate\":\"https:\/\/www.folkland.lv\/?s={search_term_string}\"},\"query-input\":\"required name=search_term_string\"}],\"inLanguage\":\"et\"}]}<\/script>\n<!-- \/ Yoast SEO plugin. -->","yoast_head_json":{"title":"088 Laud aeda\/terrassile \u201cGARDA\u201d VALGE GRAFIIT - Folkland","robots":{"index":"index","follow":"follow","max-snippet":"max-snippet:-1","max-image-preview":"max-image-preview:large","max-video-preview":"max-video-preview:-1"},"canonical":"https:\/\/www.folkland.lv\/et\/prece\/088-laud-aeda-terrassile-garda-valge-grafiit\/","og_locale":"et_EE","og_type":"article","og_title":"088 Laud aeda\/terrassile \u201cGARDA\u201d VALGE GRAFIIT - Folkland","og_description":"Stabiilne statsionaarne laud \u201cGARDA\u201d  Korralik ja kvaliteetne aia- ja terrassim\u00f6\u00f6bel on investeering teie mugavusse ja esteetilisse keskkonda pikkadeks aastaks ja seep\u00e4rast tuleb m\u00f6\u00f6bli valimisse suhtuda kaalutletult.   Praktiline, pikaealine, n\u00e4gus ning eriti mugav;  Kergesti kohandatav v\u00e4iksemate ja suuremate pidustuste tarvis;  Puit\u2013 enesestm\u00f5istetav looduse ilu, soojus ning hubasus Teie aiakujunduses.;  Skandinaavia stiil ja kvaliteet;","og_url":"https:\/\/www.folkland.lv\/et\/prece\/088-laud-aeda-terrassile-garda-valge-grafiit\/","og_site_name":"Folkland","article_modified_time":"2021-04-13T06:36:45+00:00","og_image":[{"width":900,"height":900,"url":"https:\/\/www.folkland.lv\/wp-content\/uploads\/2018\/12\/G11-600x400_result.jpg","type":"image\/jpeg"}],"twitter_card":"summary_large_image","twitter_misc":{"Est. reading time":"1 minut"},"schema":{"@context":"https:\/\/schema.org","@graph":[{"@type":"WebPage","@id":"https:\/\/www.folkland.lv\/et\/prece\/088-laud-aeda-terrassile-garda-valge-grafiit\/","url":"https:\/\/www.folkland.lv\/et\/prece\/088-laud-aeda-terrassile-garda-valge-grafiit\/","name":"088 Laud aeda\/terrassile \u201cGARDA\u201d VALGE GRAFIIT - Folkland","isPartOf":{"@id":"https:\/\/www.folkland.lv\/#website"},"primaryImageOfPage":{"@id":"https:\/\/www.folkland.lv\/et\/prece\/088-laud-aeda-terrassile-garda-valge-grafiit\/#primaryimage"},"image":{"@id":"https:\/\/www.folkland.lv\/et\/prece\/088-laud-aeda-terrassile-garda-valge-grafiit\/#primaryimage"},"thumbnailUrl":"https:\/\/www.folkland.lv\/wp-content\/uploads\/2018\/12\/G11-600x400_result.jpg","datePublished":"2020-12-27T10:19:32+00:00","dateModified":"2021-04-13T06:36:45+00:00","breadcrumb":{"@id":"https:\/\/www.folkland.lv\/et\/prece\/088-laud-aeda-terrassile-garda-valge-grafiit\/#breadcrumb"},"inLanguage":"et","potentialAction":[{"@type":"ReadAction","target":["https:\/\/www.folkland.lv\/et\/prece\/088-laud-aeda-terrassile-garda-valge-grafiit\/"]}]},{"@type":"ImageObject","inLanguage":"et","@id":"https:\/\/www.folkland.lv\/et\/prece\/088-laud-aeda-terrassile-garda-valge-grafiit\/#primaryimage","url":"https:\/\/www.folkland.lv\/wp-content\/uploads\/2018\/12\/G11-600x400_result.jpg","contentUrl":"https:\/\/www.folkland.lv\/wp-content\/uploads\/2018\/12\/G11-600x400_result.jpg","width":900,"height":900},{"@type":"BreadcrumbList","@id":"https:\/\/www.folkland.lv\/et\/prece\/088-laud-aeda-terrassile-garda-valge-grafiit\/#breadcrumb","itemListElement":[{"@type":"ListItem","position":1,"name":"Algus","item":"https:\/\/www.folkland.lv\/et\/"},{"@type":"ListItem","position":2,"name":"Pood","item":"https:\/\/www.folkland.lv\/et\/pood\/"},{"@type":"ListItem","position":3,"name":"088 Laud aeda\/terrassile \u201cGARDA\u201d VALGE GRAFIIT"}]},{"@type":"WebSite","@id":"https:\/\/www.folkland.lv\/#website","url":"https:\/\/www.folkland.lv\/","name":"Folkland","description":"","potentialAction":[{"@type":"SearchAction","target":{"@type":"EntryPoint","urlTemplate":"https:\/\/www.folkland.lv\/?s={search_term_string}"},"query-input":"required name=search_term_string"}],"inLanguage":"et"}]}},"_links":{"self":[{"href":"https:\/\/www.folkland.lv\/et\/wp-json\/wp\/v2\/product\/10320"}],"collection":[{"href":"https:\/\/www.folkland.lv\/et\/wp-json\/wp\/v2\/product"}],"about":[{"href":"https:\/\/www.folkland.lv\/et\/wp-json\/wp\/v2\/types\/product"}],"version-history":[{"count":0,"href":"https:\/\/www.folkland.lv\/et\/wp-json\/wp\/v2\/product\/10320\/revisions"}],"wp:featuredmedia":[{"embeddable":true,"href":"https:\/\/www.folkland.lv\/et\/wp-json\/wp\/v2\/media\/27793"}],"wp:attachment":[{"href":"https:\/\/www.folkland.lv\/et\/wp-json\/wp\/v2\/media?parent=10320"}],"wp:term":[{"taxonomy":"product_cat","embeddable":true,"href":"https:\/\/www.folkland.lv\/et\/wp-json\/wp\/v2\/product_cat?post=10320"},{"taxonomy":"product_tag","embeddable":true,"href":"https:\/\/www.folkland.lv\/et\/wp-json\/wp\/v2\/product_tag?post=10320"}],"curies":[{"name":"wp","href":"https:\/\/api.w.org\/{rel}","templated":true}]}}