{"id":10301,"date":"2020-09-28T12:14:57","date_gmt":"2020-12-27T10:00:26","guid":{"rendered":"https:\/\/www.folkland.lv\/?post_type=product&#038;p=10301"},"modified":"2021-04-13T09:35:09","modified_gmt":"2021-04-13T06:35:09","slug":"078-kokkupandav-laud-picnic-valge","status":"publish","type":"product","link":"https:\/\/www.folkland.lv\/et\/prece\/078-kokkupandav-laud-picnic-valge\/","title":{"rendered":"078 Kokkupandav laud \u201cPicnic\u201d VALGE"},"content":{"rendered":"<h3>Laua m\u00f5\u00f5dud:<\/h3>\n<ul>\n<li>Pikkus \u2013 63 cm;<\/li>\n<li>Laius \u2013 63 cm;<\/li>\n<li>K\u00f5rgus \u2013 72cm;<\/li>\n<li>Kaal \u2013 9,0kg;<\/li>\n<li>Transpordim\u00f5\u00f5dud \u2013 89cm x 64cm x H8,5cm (laius x pikkus x k\u00f5rgus);<\/li>\n<li>Transpordimaht \u2013 0,047m<sup>3<\/sup>;<\/li>\n<li>Tarnitakse kokkupandud kujul \/ ei vaja kokkupanekut<\/li>\n<li>Pakend PVC-kile, kartongkarp<\/li>\n<\/ul>\n<p><strong>Materjal \u2013 t\u00e4ispuit m\u00e4nd<\/strong>;<\/p>\n<p><strong>Puidu t\u00f6\u00f6tlemine \u2013\u00a0<\/strong><u>Vivacolor Villa Akva<\/u>\u00a0(modifitseeritud, veep\u00f5hine mattv\u00e4rv puitpindadele v\u00e4listingimustes. V\u00e4rv moodustab mustust ja vett h\u00fclgava pinna. Villa Akva tagab suurep\u00e4rase v\u00e4rvi ja l\u00e4ike p\u00fcsivuse, puit j\u00e4tab siidise mattpinna mulje);<\/p>\n<p><strong>V\u00e4rvitoon \u2013 Valge<\/strong>;<\/p>\n","protected":false},"excerpt":{"rendered":"<p><strong>Kokkupandav laud \u201cPICNIC\u201d<\/strong><\/p>\n<ul>\n<li>Materjal \u2013 t\u00e4ispuit m\u00e4nd \u2013\u00a0see on elus ja soe materjal, mis sobib suurep\u00e4raselt igasse aia alasse;<\/li>\n<li>Peen skandinaavia stiil ja kvaliteet;<\/li>\n<li>K\u00e4esolev laud on loodud Teie aja ja ruumi s\u00e4\u00e4stmiseks;<\/li>\n<li>Sobib ideaalselt terrassile, r\u00f5dule, v\u00e4iksema maja hoovi;<\/li>\n<li>T\u00e4nu kergekaalulisusele saab seda kiiresti paigaldada ja kompaktselt kokku panna;<\/li>\n<li>Leiab kergesti koha auto pakiruumis, ning v\u00f5ib teiega piknikule kaasa s\u00f5ita;<\/li>\n<li>Laud \u2013\u00a0 kokkupandav, ei v\u00f5ta palju ruumi;<\/li>\n<li>M\u00f5eldud kasutamiseks kaubanduses, messidel, esitlustel, bankettidel, kalaretkedel, v\u00e4ljas\u00f5itudel loodusesse jne..;<\/li>\n<\/ul>\n","protected":false},"featured_media":28161,"template":"","meta":{"_acf_changed":false},"product_cat":[288,289,304,305],"product_tag":[],"acf":[],"yoast_head":"<!-- This site is optimized with the Yoast SEO plugin v23.0 - https:\/\/yoast.com\/wordpress\/plugins\/seo\/ -->\n<title>078 Kokkupandav laud \u201cPicnic\u201d VALGE - Folkland<\/title>\n<meta name=\"robots\" content=\"index, follow, max-snippet:-1, max-image-preview:large, max-video-preview:-1\" \/>\n<link rel=\"canonical\" href=\"https:\/\/www.folkland.lv\/et\/prece\/078-kokkupandav-laud-picnic-valge\/\" \/>\n<meta property=\"og:locale\" content=\"et_EE\" \/>\n<meta property=\"og:type\" content=\"article\" \/>\n<meta property=\"og:title\" content=\"078 Kokkupandav laud \u201cPicnic\u201d VALGE - Folkland\" \/>\n<meta property=\"og:description\" content=\"Kokkupandav laud \u201cPICNIC\u201d   Materjal \u2013 t\u00e4ispuit m\u00e4nd \u2013\u00a0see on elus ja soe materjal, mis sobib suurep\u00e4raselt igasse aia alasse;  Peen skandinaavia stiil ja kvaliteet;  K\u00e4esolev laud on loodud Teie aja ja ruumi s\u00e4\u00e4stmiseks;  Sobib ideaalselt terrassile, r\u00f5dule, v\u00e4iksema maja hoovi;  T\u00e4nu kergekaalulisusele saab seda kiiresti paigaldada ja kompaktselt kokku panna;  Leiab kergesti koha auto pakiruumis, ning v\u00f5ib teiega piknikule kaasa s\u00f5ita;  Laud \u2013\u00a0 kokkupandav, ei v\u00f5ta palju ruumi;  M\u00f5eldud kasutamiseks kaubanduses, messidel, esitlustel, bankettidel, kalaretkedel, v\u00e4ljas\u00f5itudel loodusesse jne..;\" \/>\n<meta property=\"og:url\" content=\"https:\/\/www.folkland.lv\/et\/prece\/078-kokkupandav-laud-picnic-valge\/\" \/>\n<meta property=\"og:site_name\" content=\"Folkland\" \/>\n<meta property=\"article:modified_time\" content=\"2021-04-13T06:35:09+00:00\" \/>\n<meta property=\"og:image\" content=\"https:\/\/www.folkland.lv\/wp-content\/uploads\/2018\/12\/v8-600x400_result.jpg\" \/>\n\t<meta property=\"og:image:width\" content=\"900\" \/>\n\t<meta property=\"og:image:height\" content=\"900\" \/>\n\t<meta property=\"og:image:type\" content=\"image\/jpeg\" \/>\n<meta name=\"twitter:card\" content=\"summary_large_image\" \/>\n<script type=\"application\/ld+json\" class=\"yoast-schema-graph\">{\"@context\":\"https:\/\/schema.org\",\"@graph\":[{\"@type\":\"WebPage\",\"@id\":\"https:\/\/www.folkland.lv\/et\/prece\/078-kokkupandav-laud-picnic-valge\/\",\"url\":\"https:\/\/www.folkland.lv\/et\/prece\/078-kokkupandav-laud-picnic-valge\/\",\"name\":\"078 Kokkupandav laud \u201cPicnic\u201d VALGE - Folkland\",\"isPartOf\":{\"@id\":\"https:\/\/www.folkland.lv\/#website\"},\"primaryImageOfPage\":{\"@id\":\"https:\/\/www.folkland.lv\/et\/prece\/078-kokkupandav-laud-picnic-valge\/#primaryimage\"},\"image\":{\"@id\":\"https:\/\/www.folkland.lv\/et\/prece\/078-kokkupandav-laud-picnic-valge\/#primaryimage\"},\"thumbnailUrl\":\"https:\/\/www.folkland.lv\/wp-content\/uploads\/2018\/12\/v8-600x400_result.jpg\",\"datePublished\":\"2020-12-27T10:00:26+00:00\",\"dateModified\":\"2021-04-13T06:35:09+00:00\",\"breadcrumb\":{\"@id\":\"https:\/\/www.folkland.lv\/et\/prece\/078-kokkupandav-laud-picnic-valge\/#breadcrumb\"},\"inLanguage\":\"et\",\"potentialAction\":[{\"@type\":\"ReadAction\",\"target\":[\"https:\/\/www.folkland.lv\/et\/prece\/078-kokkupandav-laud-picnic-valge\/\"]}]},{\"@type\":\"ImageObject\",\"inLanguage\":\"et\",\"@id\":\"https:\/\/www.folkland.lv\/et\/prece\/078-kokkupandav-laud-picnic-valge\/#primaryimage\",\"url\":\"https:\/\/www.folkland.lv\/wp-content\/uploads\/2018\/12\/v8-600x400_result.jpg\",\"contentUrl\":\"https:\/\/www.folkland.lv\/wp-content\/uploads\/2018\/12\/v8-600x400_result.jpg\",\"width\":900,\"height\":900},{\"@type\":\"BreadcrumbList\",\"@id\":\"https:\/\/www.folkland.lv\/et\/prece\/078-kokkupandav-laud-picnic-valge\/#breadcrumb\",\"itemListElement\":[{\"@type\":\"ListItem\",\"position\":1,\"name\":\"Algus\",\"item\":\"https:\/\/www.folkland.lv\/et\/\"},{\"@type\":\"ListItem\",\"position\":2,\"name\":\"Pood\",\"item\":\"https:\/\/www.folkland.lv\/et\/pood\/\"},{\"@type\":\"ListItem\",\"position\":3,\"name\":\"078 Kokkupandav laud \u201cPicnic\u201d VALGE\"}]},{\"@type\":\"WebSite\",\"@id\":\"https:\/\/www.folkland.lv\/#website\",\"url\":\"https:\/\/www.folkland.lv\/\",\"name\":\"Folkland\",\"description\":\"\",\"potentialAction\":[{\"@type\":\"SearchAction\",\"target\":{\"@type\":\"EntryPoint\",\"urlTemplate\":\"https:\/\/www.folkland.lv\/?s={search_term_string}\"},\"query-input\":\"required name=search_term_string\"}],\"inLanguage\":\"et\"}]}<\/script>\n<!-- \/ Yoast SEO plugin. -->","yoast_head_json":{"title":"078 Kokkupandav laud \u201cPicnic\u201d VALGE - Folkland","robots":{"index":"index","follow":"follow","max-snippet":"max-snippet:-1","max-image-preview":"max-image-preview:large","max-video-preview":"max-video-preview:-1"},"canonical":"https:\/\/www.folkland.lv\/et\/prece\/078-kokkupandav-laud-picnic-valge\/","og_locale":"et_EE","og_type":"article","og_title":"078 Kokkupandav laud \u201cPicnic\u201d VALGE - Folkland","og_description":"Kokkupandav laud \u201cPICNIC\u201d   Materjal \u2013 t\u00e4ispuit m\u00e4nd \u2013\u00a0see on elus ja soe materjal, mis sobib suurep\u00e4raselt igasse aia alasse;  Peen skandinaavia stiil ja kvaliteet;  K\u00e4esolev laud on loodud Teie aja ja ruumi s\u00e4\u00e4stmiseks;  Sobib ideaalselt terrassile, r\u00f5dule, v\u00e4iksema maja hoovi;  T\u00e4nu kergekaalulisusele saab seda kiiresti paigaldada ja kompaktselt kokku panna;  Leiab kergesti koha auto pakiruumis, ning v\u00f5ib teiega piknikule kaasa s\u00f5ita;  Laud \u2013\u00a0 kokkupandav, ei v\u00f5ta palju ruumi;  M\u00f5eldud kasutamiseks kaubanduses, messidel, esitlustel, bankettidel, kalaretkedel, v\u00e4ljas\u00f5itudel loodusesse jne..;","og_url":"https:\/\/www.folkland.lv\/et\/prece\/078-kokkupandav-laud-picnic-valge\/","og_site_name":"Folkland","article_modified_time":"2021-04-13T06:35:09+00:00","og_image":[{"width":900,"height":900,"url":"https:\/\/www.folkland.lv\/wp-content\/uploads\/2018\/12\/v8-600x400_result.jpg","type":"image\/jpeg"}],"twitter_card":"summary_large_image","schema":{"@context":"https:\/\/schema.org","@graph":[{"@type":"WebPage","@id":"https:\/\/www.folkland.lv\/et\/prece\/078-kokkupandav-laud-picnic-valge\/","url":"https:\/\/www.folkland.lv\/et\/prece\/078-kokkupandav-laud-picnic-valge\/","name":"078 Kokkupandav laud \u201cPicnic\u201d VALGE - Folkland","isPartOf":{"@id":"https:\/\/www.folkland.lv\/#website"},"primaryImageOfPage":{"@id":"https:\/\/www.folkland.lv\/et\/prece\/078-kokkupandav-laud-picnic-valge\/#primaryimage"},"image":{"@id":"https:\/\/www.folkland.lv\/et\/prece\/078-kokkupandav-laud-picnic-valge\/#primaryimage"},"thumbnailUrl":"https:\/\/www.folkland.lv\/wp-content\/uploads\/2018\/12\/v8-600x400_result.jpg","datePublished":"2020-12-27T10:00:26+00:00","dateModified":"2021-04-13T06:35:09+00:00","breadcrumb":{"@id":"https:\/\/www.folkland.lv\/et\/prece\/078-kokkupandav-laud-picnic-valge\/#breadcrumb"},"inLanguage":"et","potentialAction":[{"@type":"ReadAction","target":["https:\/\/www.folkland.lv\/et\/prece\/078-kokkupandav-laud-picnic-valge\/"]}]},{"@type":"ImageObject","inLanguage":"et","@id":"https:\/\/www.folkland.lv\/et\/prece\/078-kokkupandav-laud-picnic-valge\/#primaryimage","url":"https:\/\/www.folkland.lv\/wp-content\/uploads\/2018\/12\/v8-600x400_result.jpg","contentUrl":"https:\/\/www.folkland.lv\/wp-content\/uploads\/2018\/12\/v8-600x400_result.jpg","width":900,"height":900},{"@type":"BreadcrumbList","@id":"https:\/\/www.folkland.lv\/et\/prece\/078-kokkupandav-laud-picnic-valge\/#breadcrumb","itemListElement":[{"@type":"ListItem","position":1,"name":"Algus","item":"https:\/\/www.folkland.lv\/et\/"},{"@type":"ListItem","position":2,"name":"Pood","item":"https:\/\/www.folkland.lv\/et\/pood\/"},{"@type":"ListItem","position":3,"name":"078 Kokkupandav laud \u201cPicnic\u201d VALGE"}]},{"@type":"WebSite","@id":"https:\/\/www.folkland.lv\/#website","url":"https:\/\/www.folkland.lv\/","name":"Folkland","description":"","potentialAction":[{"@type":"SearchAction","target":{"@type":"EntryPoint","urlTemplate":"https:\/\/www.folkland.lv\/?s={search_term_string}"},"query-input":"required name=search_term_string"}],"inLanguage":"et"}]}},"_links":{"self":[{"href":"https:\/\/www.folkland.lv\/et\/wp-json\/wp\/v2\/product\/10301"}],"collection":[{"href":"https:\/\/www.folkland.lv\/et\/wp-json\/wp\/v2\/product"}],"about":[{"href":"https:\/\/www.folkland.lv\/et\/wp-json\/wp\/v2\/types\/product"}],"version-history":[{"count":0,"href":"https:\/\/www.folkland.lv\/et\/wp-json\/wp\/v2\/product\/10301\/revisions"}],"wp:featuredmedia":[{"embeddable":true,"href":"https:\/\/www.folkland.lv\/et\/wp-json\/wp\/v2\/media\/28161"}],"wp:attachment":[{"href":"https:\/\/www.folkland.lv\/et\/wp-json\/wp\/v2\/media?parent=10301"}],"wp:term":[{"taxonomy":"product_cat","embeddable":true,"href":"https:\/\/www.folkland.lv\/et\/wp-json\/wp\/v2\/product_cat?post=10301"},{"taxonomy":"product_tag","embeddable":true,"href":"https:\/\/www.folkland.lv\/et\/wp-json\/wp\/v2\/product_tag?post=10301"}],"curies":[{"name":"wp","href":"https:\/\/api.w.org\/{rel}","templated":true}]}}