{"id":10142,"date":"2018-12-21T14:25:47","date_gmt":"2020-11-25T10:04:07","guid":{"rendered":"https:\/\/www.folkland.lv\/?post_type=product&#038;p=10142"},"modified":"2020-11-25T12:04:07","modified_gmt":"2020-11-25T10:04:07","slug":"037-loredo-pruun","status":"publish","type":"product","link":"https:\/\/www.folkland.lv\/et\/prece\/037-loredo-pruun\/","title":{"rendered":"037 LOREDO PRUUN"},"content":{"rendered":"<p><span style=\"color: #ff0000;\">T\u00e4helepanu<\/span> \u2013 aiam\u00f6\u00f6bel on valmistatud naturaalsest m\u00e4nnipuidust. Puit on looduslik materjal ja v\u00e4liste tegurite (p\u00e4ike, vihm, tuul, lumi) otsene m\u00f5ju v\u00f5ib p\u00f5hjustada selle kuju, v\u00e4rvi ja tekstuuri muutumise ning vaigu tekkimise. Puidust lauda ja toole tuleb hoida halva ilma eest vaatamata sellele, et m\u00f6\u00f6bel on t\u00f6\u00f6deldud mitme kihi kaitsevahendiga ja talub kerget vihma. Kui see pikaks ajaks L\u00e4ti ilma meelevalda j\u00e4tta, v\u00f5ib v\u00e4rv maha tulla ja seet\u00f5ttu tuleb puitm\u00f6\u00f6blit v\u00e4liste tegurite otsese m\u00f5ju eest kaitsta, kattes selle presendiga v\u00f5i t\u00f5stes varju alla.<\/p>\n<p>Hooldus \u2013 tootel on t\u00e4iendav puidukaitse ja erihooldust see ei vaja. Kasutamise k\u00e4igus tekkiva mustuse ja tolmu v\u00f5ib \u00e4ra p\u00fchkida niiske pehme lapiga. Kaitsvat laki- ja v\u00e4rvikihti on soovitav aastas korra aiahooaja l\u00f5ppedes uuendada.<\/p>\n<p>Hoiustamine \u2013 kui te komplekti pikka aega ei kasuta, v\u00f5ite selle kaitseks otsese p\u00e4ikesevalguse ja vee eest kattega katta. Kui v\u00f5imalik, oleks komplekti talvel soovitav hoida kuivas kohas. See pikendab selle t\u00f6\u00f6iga ja j\u00e4rgmisel hooajal n\u00e4eb teie m\u00f6\u00f6bel v\u00e4lja nagu uus.<\/p>\n<p>Laua m\u00f5\u00f5dud :<br \/>\nPikkus \u2013 180 cm;<br \/>\nLaius \u2013 85 cm;<br \/>\nK\u00f5rgus \u2013 77cm;<br \/>\nKaal \u2013 19,0kg;<br \/>\nTarnitakse lahtiv\u00f5etud kujul \/ vajab kokkupanekut;<br \/>\nPakend PVC-kile, kartongkarp;<\/p>\n<p>Pinkide m\u00f5\u00f5dud:<br \/>\nPikkus \u2013 180 cm;<br \/>\nLaius \u2013 40 cm;<br \/>\nTarnitakse lahtiv\u00f5etud kujul \/ vajab kokkupanekut;<br \/>\nKaal \u2013 14kg;<br \/>\nTarnitakse kokkupandud kujul (Pakend PVC-kile, kartongkarp);<br \/>\nMaterjal \u2013 T\u00e4ispuidust m\u00e4nd;<br \/>\nPuidu t\u00f6\u00f6tlemine \u2013\u00a0Vivacolor Villa Akva\u00a0(modifitseeritud, veep\u00f5hine mattv\u00e4rv puitpindadele v\u00e4listingimustes. V\u00e4rv moodustab mustust ja vett h\u00fclgava pinna. Villa Akva tagab p\u00fcsiva v\u00e4rvi ja l\u00e4ike. Puit j\u00e4tab siidise mattpinna mulje);<br \/>\nV\u00e4rvitoon \u2013 Pruun;<\/p>\n","protected":false},"excerpt":{"rendered":"<p>Komplekt \u201cLoredo\u201d<br \/>\nStabiilne statsionaarne laud + kaks pinki seljatoega<br \/>\nLapsep\u00f5lvest saati oleme tundnud, et suvine p\u00f6\u00f6rip\u00e4ev on eriline aeg. V\u00f5ib julgelt \u00f6elda, et see on aasta k\u00f5ige ilusam p\u00fcha ja ei olegi v\u00e4ga oluline, mis p\u00e4eval seda t\u00e4histada. Rikkalikult kaetud laud pole peo \u00f5nnestumiseks k\u00f5ige olulisem. Palju olulisem on edasi anda erilist tunnet, mis on iga peo ja inimese jaoks ainulaadne. Seda on raske s\u00f5nadega kirjeldada, kuid see on kindlasti olemas.<\/p>\n","protected":false},"featured_media":27917,"template":"","meta":{"_acf_changed":false},"product_cat":[290,537],"product_tag":[],"acf":[],"yoast_head":"<!-- This site is optimized with the Yoast SEO plugin v23.0 - https:\/\/yoast.com\/wordpress\/plugins\/seo\/ -->\n<title>037 LOREDO PRUUN - Folkland<\/title>\n<meta name=\"robots\" content=\"index, follow, max-snippet:-1, max-image-preview:large, max-video-preview:-1\" \/>\n<link rel=\"canonical\" href=\"https:\/\/www.folkland.lv\/et\/prece\/037-loredo-pruun\/\" \/>\n<meta property=\"og:locale\" content=\"et_EE\" \/>\n<meta property=\"og:type\" content=\"article\" \/>\n<meta property=\"og:title\" content=\"037 LOREDO PRUUN - Folkland\" \/>\n<meta property=\"og:description\" content=\"Komplekt \u201cLoredo\u201d Stabiilne statsionaarne laud + kaks pinki seljatoega Lapsep\u00f5lvest saati oleme tundnud, et suvine p\u00f6\u00f6rip\u00e4ev on eriline aeg. V\u00f5ib julgelt \u00f6elda, et see on aasta k\u00f5ige ilusam p\u00fcha ja ei olegi v\u00e4ga oluline, mis p\u00e4eval seda t\u00e4histada. Rikkalikult kaetud laud pole peo \u00f5nnestumiseks k\u00f5ige olulisem. Palju olulisem on edasi anda erilist tunnet, mis on iga peo ja inimese jaoks ainulaadne. Seda on raske s\u00f5nadega kirjeldada, kuid see on kindlasti olemas.\" \/>\n<meta property=\"og:url\" content=\"https:\/\/www.folkland.lv\/et\/prece\/037-loredo-pruun\/\" \/>\n<meta property=\"og:site_name\" content=\"Folkland\" \/>\n<meta property=\"og:image\" content=\"https:\/\/www.folkland.lv\/wp-content\/uploads\/2018\/12\/IMG_6756cc-600x400_result.jpg\" \/>\n\t<meta property=\"og:image:width\" content=\"900\" \/>\n\t<meta property=\"og:image:height\" content=\"900\" \/>\n\t<meta property=\"og:image:type\" content=\"image\/jpeg\" \/>\n<meta name=\"twitter:card\" content=\"summary_large_image\" \/>\n<meta name=\"twitter:label1\" content=\"Est. reading time\" \/>\n\t<meta name=\"twitter:data1\" content=\"1 minut\" \/>\n<script type=\"application\/ld+json\" class=\"yoast-schema-graph\">{\"@context\":\"https:\/\/schema.org\",\"@graph\":[{\"@type\":\"WebPage\",\"@id\":\"https:\/\/www.folkland.lv\/et\/prece\/037-loredo-pruun\/\",\"url\":\"https:\/\/www.folkland.lv\/et\/prece\/037-loredo-pruun\/\",\"name\":\"037 LOREDO PRUUN - Folkland\",\"isPartOf\":{\"@id\":\"https:\/\/www.folkland.lv\/#website\"},\"primaryImageOfPage\":{\"@id\":\"https:\/\/www.folkland.lv\/et\/prece\/037-loredo-pruun\/#primaryimage\"},\"image\":{\"@id\":\"https:\/\/www.folkland.lv\/et\/prece\/037-loredo-pruun\/#primaryimage\"},\"thumbnailUrl\":\"https:\/\/www.folkland.lv\/wp-content\/uploads\/2018\/12\/IMG_6756cc-600x400_result.jpg\",\"datePublished\":\"2020-11-25T10:04:07+00:00\",\"dateModified\":\"2020-11-25T10:04:07+00:00\",\"breadcrumb\":{\"@id\":\"https:\/\/www.folkland.lv\/et\/prece\/037-loredo-pruun\/#breadcrumb\"},\"inLanguage\":\"et\",\"potentialAction\":[{\"@type\":\"ReadAction\",\"target\":[\"https:\/\/www.folkland.lv\/et\/prece\/037-loredo-pruun\/\"]}]},{\"@type\":\"ImageObject\",\"inLanguage\":\"et\",\"@id\":\"https:\/\/www.folkland.lv\/et\/prece\/037-loredo-pruun\/#primaryimage\",\"url\":\"https:\/\/www.folkland.lv\/wp-content\/uploads\/2018\/12\/IMG_6756cc-600x400_result.jpg\",\"contentUrl\":\"https:\/\/www.folkland.lv\/wp-content\/uploads\/2018\/12\/IMG_6756cc-600x400_result.jpg\",\"width\":900,\"height\":900},{\"@type\":\"BreadcrumbList\",\"@id\":\"https:\/\/www.folkland.lv\/et\/prece\/037-loredo-pruun\/#breadcrumb\",\"itemListElement\":[{\"@type\":\"ListItem\",\"position\":1,\"name\":\"Algus\",\"item\":\"https:\/\/www.folkland.lv\/et\/\"},{\"@type\":\"ListItem\",\"position\":2,\"name\":\"Pood\",\"item\":\"https:\/\/www.folkland.lv\/et\/pood\/\"},{\"@type\":\"ListItem\",\"position\":3,\"name\":\"037 LOREDO PRUUN\"}]},{\"@type\":\"WebSite\",\"@id\":\"https:\/\/www.folkland.lv\/#website\",\"url\":\"https:\/\/www.folkland.lv\/\",\"name\":\"Folkland\",\"description\":\"\",\"potentialAction\":[{\"@type\":\"SearchAction\",\"target\":{\"@type\":\"EntryPoint\",\"urlTemplate\":\"https:\/\/www.folkland.lv\/?s={search_term_string}\"},\"query-input\":\"required name=search_term_string\"}],\"inLanguage\":\"et\"}]}<\/script>\n<!-- \/ Yoast SEO plugin. -->","yoast_head_json":{"title":"037 LOREDO PRUUN - Folkland","robots":{"index":"index","follow":"follow","max-snippet":"max-snippet:-1","max-image-preview":"max-image-preview:large","max-video-preview":"max-video-preview:-1"},"canonical":"https:\/\/www.folkland.lv\/et\/prece\/037-loredo-pruun\/","og_locale":"et_EE","og_type":"article","og_title":"037 LOREDO PRUUN - Folkland","og_description":"Komplekt \u201cLoredo\u201d Stabiilne statsionaarne laud + kaks pinki seljatoega Lapsep\u00f5lvest saati oleme tundnud, et suvine p\u00f6\u00f6rip\u00e4ev on eriline aeg. V\u00f5ib julgelt \u00f6elda, et see on aasta k\u00f5ige ilusam p\u00fcha ja ei olegi v\u00e4ga oluline, mis p\u00e4eval seda t\u00e4histada. Rikkalikult kaetud laud pole peo \u00f5nnestumiseks k\u00f5ige olulisem. Palju olulisem on edasi anda erilist tunnet, mis on iga peo ja inimese jaoks ainulaadne. Seda on raske s\u00f5nadega kirjeldada, kuid see on kindlasti olemas.","og_url":"https:\/\/www.folkland.lv\/et\/prece\/037-loredo-pruun\/","og_site_name":"Folkland","og_image":[{"width":900,"height":900,"url":"https:\/\/www.folkland.lv\/wp-content\/uploads\/2018\/12\/IMG_6756cc-600x400_result.jpg","type":"image\/jpeg"}],"twitter_card":"summary_large_image","twitter_misc":{"Est. reading time":"1 minut"},"schema":{"@context":"https:\/\/schema.org","@graph":[{"@type":"WebPage","@id":"https:\/\/www.folkland.lv\/et\/prece\/037-loredo-pruun\/","url":"https:\/\/www.folkland.lv\/et\/prece\/037-loredo-pruun\/","name":"037 LOREDO PRUUN - Folkland","isPartOf":{"@id":"https:\/\/www.folkland.lv\/#website"},"primaryImageOfPage":{"@id":"https:\/\/www.folkland.lv\/et\/prece\/037-loredo-pruun\/#primaryimage"},"image":{"@id":"https:\/\/www.folkland.lv\/et\/prece\/037-loredo-pruun\/#primaryimage"},"thumbnailUrl":"https:\/\/www.folkland.lv\/wp-content\/uploads\/2018\/12\/IMG_6756cc-600x400_result.jpg","datePublished":"2020-11-25T10:04:07+00:00","dateModified":"2020-11-25T10:04:07+00:00","breadcrumb":{"@id":"https:\/\/www.folkland.lv\/et\/prece\/037-loredo-pruun\/#breadcrumb"},"inLanguage":"et","potentialAction":[{"@type":"ReadAction","target":["https:\/\/www.folkland.lv\/et\/prece\/037-loredo-pruun\/"]}]},{"@type":"ImageObject","inLanguage":"et","@id":"https:\/\/www.folkland.lv\/et\/prece\/037-loredo-pruun\/#primaryimage","url":"https:\/\/www.folkland.lv\/wp-content\/uploads\/2018\/12\/IMG_6756cc-600x400_result.jpg","contentUrl":"https:\/\/www.folkland.lv\/wp-content\/uploads\/2018\/12\/IMG_6756cc-600x400_result.jpg","width":900,"height":900},{"@type":"BreadcrumbList","@id":"https:\/\/www.folkland.lv\/et\/prece\/037-loredo-pruun\/#breadcrumb","itemListElement":[{"@type":"ListItem","position":1,"name":"Algus","item":"https:\/\/www.folkland.lv\/et\/"},{"@type":"ListItem","position":2,"name":"Pood","item":"https:\/\/www.folkland.lv\/et\/pood\/"},{"@type":"ListItem","position":3,"name":"037 LOREDO PRUUN"}]},{"@type":"WebSite","@id":"https:\/\/www.folkland.lv\/#website","url":"https:\/\/www.folkland.lv\/","name":"Folkland","description":"","potentialAction":[{"@type":"SearchAction","target":{"@type":"EntryPoint","urlTemplate":"https:\/\/www.folkland.lv\/?s={search_term_string}"},"query-input":"required name=search_term_string"}],"inLanguage":"et"}]}},"_links":{"self":[{"href":"https:\/\/www.folkland.lv\/et\/wp-json\/wp\/v2\/product\/10142"}],"collection":[{"href":"https:\/\/www.folkland.lv\/et\/wp-json\/wp\/v2\/product"}],"about":[{"href":"https:\/\/www.folkland.lv\/et\/wp-json\/wp\/v2\/types\/product"}],"version-history":[{"count":0,"href":"https:\/\/www.folkland.lv\/et\/wp-json\/wp\/v2\/product\/10142\/revisions"}],"wp:featuredmedia":[{"embeddable":true,"href":"https:\/\/www.folkland.lv\/et\/wp-json\/wp\/v2\/media\/27917"}],"wp:attachment":[{"href":"https:\/\/www.folkland.lv\/et\/wp-json\/wp\/v2\/media?parent=10142"}],"wp:term":[{"taxonomy":"product_cat","embeddable":true,"href":"https:\/\/www.folkland.lv\/et\/wp-json\/wp\/v2\/product_cat?post=10142"},{"taxonomy":"product_tag","embeddable":true,"href":"https:\/\/www.folkland.lv\/et\/wp-json\/wp\/v2\/product_tag?post=10142"}],"curies":[{"name":"wp","href":"https:\/\/api.w.org\/{rel}","templated":true}]}}