{"id":10140,"date":"2020-01-09T12:26:11","date_gmt":"2020-11-25T10:06:24","guid":{"rendered":"https:\/\/www.folkland.lv\/?post_type=product&#038;p=10140"},"modified":"2021-03-21T21:23:55","modified_gmt":"2021-03-21T19:23:55","slug":"039-turku-valge","status":"publish","type":"product","link":"https:\/\/www.folkland.lv\/et\/prece\/039-turku-valge\/","title":{"rendered":"039 TURKU VALGE"},"content":{"rendered":"<p><span style=\"color: #ff0000;\">T\u00e4helepanu<\/span> \u2013 aiam\u00f6\u00f6bel on valmistatud naturaalsest m\u00e4nnipuidust. Puit on looduslik materjal ja v\u00e4liste tegurite (p\u00e4ike, vihm, tuul, lumi) otsene m\u00f5ju v\u00f5ib p\u00f5hjustada selle kuju, v\u00e4rvi ja tekstuuri muutumise ning vaigu tekkimise. Puidust lauda ja toole tuleb hoida halva ilma eest vaatamata sellele, et m\u00f6\u00f6bel on t\u00f6\u00f6deldud mitme kihi kaitsevahendiga ja talub kerget vihma. Kui see pikaks ajaks L\u00e4ti ilma meelevalda j\u00e4tta, v\u00f5ib v\u00e4rv maha tulla ja seet\u00f5ttu tuleb puitm\u00f6\u00f6blit v\u00e4liste tegurite otsese m\u00f5ju eest kaitsta, kattes selle presendiga v\u00f5i t\u00f5stes varju alla.<\/p>\n<p>Hooldus \u2013 tootel on t\u00e4iendav puidukaitse ja erihooldust see ei vaja. Kasutamise k\u00e4igus tekkiva mustuse ja tolmu v\u00f5ib \u00e4ra p\u00fchkida niiske pehme lapiga. Kaitsvat laki- ja v\u00e4rvikihti on soovitav aastas korra aiahooaja l\u00f5ppedes uuendada.<\/p>\n<p>Hoiustamine \u2013 kui te komplekti pikka aega ei kasuta, v\u00f5ite selle kaitseks otsese p\u00e4ikesevalguse ja vee eest kattega katta. Kui v\u00f5imalik, oleks komplekti talvel soovitav hoida kuivas kohas. See pikendab selle t\u00f6\u00f6iga ja j\u00e4rgmisel hooajal n\u00e4eb teie m\u00f6\u00f6bel v\u00e4lja nagu uus.<\/p>\n<p>Laua m\u00f5\u00f5dud :<br \/>\nPikkus \u2013 110 cm;<br \/>\nLaius \u2013 110 cm;<br \/>\nK\u00f5rgus \u2013 68cm;<br \/>\nKaal \u2013 18,0kg;<br \/>\nPuidust elementide paksus 18mm;<br \/>\nTarnitakse kokkupandud kujul \/ ei vaja kokkupanekut;<br \/>\nPakend PVC-kile, kartongkarp;<br \/>\nTranspordim\u00f5\u00f5dud\u2013 110cm x 110cm x 10cm (laius x pikkus x k\u00f5rgus);;<\/p>\n<p>Tooli m\u00f5\u00f5dud:<br \/>\nLaius \u2013 62 cm;<br \/>\nK\u00e4etugede vaheline laius\u2013 50 cm;<br \/>\nS\u00fcgavus \u2013 42 cm;<br \/>\nK\u00f5rgus \u2013 90 cm;<br \/>\nIstme k\u00f5rgus \u2013 44 cm;<br \/>\nSeljatoe k\u00f5rgus \u2013 46cm;<br \/>\nKaal \u2013 13kg;<br \/>\nPuidust elementide paksus \u2013 18mm;<br \/>\nTarnitakse kokkupandud kujul (Pakend PVC-kile, kartongkarp);<br \/>\nTranspordim\u00f5\u00f5dud\u2013 31cm x 105cm x 20cm (laius x pikkus x k\u00f5rgus);<br \/>\nT\u00f6\u00f6tlemine\u2013\u00a0Vivacolor Villa Akva\u00a0(modifitseeritud, veep\u00f5hine mattv\u00e4rv puitpindadele v\u00e4listingimustes. V\u00e4rv moodustab mustust ja vett h\u00fclgava pinna. Villa Akva tagab p\u00fcsiva v\u00e4rvi ja l\u00e4ike. Puit j\u00e4tab siidise mattpinna mulje);<br \/>\nV\u00e4rvitoon \u2013 Valge;<\/p>\n","protected":false},"excerpt":{"rendered":"<p>2020 aasta uudistoode!<br \/>\nKokkupandav laud metallist karkassiga + neli tooli metallist karkassiga, k\u00e4etugede ja seljatoega. Selle komplekti puitelemendid on valmistatud kvaliteetsest m\u00e4nnipuidust, mis annab mudelile erilise v\u00e4limuse.<br \/>\nKas oled valmis v\u00f5\u00f5rustama k\u00fclalisi ja s\u00f5pru mugavas ja meeldivas milj\u00f6\u00f6s? T\u00e4nu kurvilistele vormidele on see t\u00e4nap\u00e4evane ja kvaliteetne komplekt aeda\/terrassile v\u00e4ga mugav ja vastupidav mudel, mis sobib nii aeda kui siseruumi. See on meie ettev\u00f5tte \u00fcks v\u00e4rskemaid tooteid.<\/p>\n","protected":false},"featured_media":10156,"template":"","meta":{"_acf_changed":false},"product_cat":[288,290,537],"product_tag":[],"acf":[],"yoast_head":"<!-- This site is optimized with the Yoast SEO plugin v23.0 - https:\/\/yoast.com\/wordpress\/plugins\/seo\/ -->\n<title>039 TURKU VALGE - Folkland<\/title>\n<meta name=\"robots\" content=\"index, follow, max-snippet:-1, max-image-preview:large, max-video-preview:-1\" \/>\n<link rel=\"canonical\" href=\"https:\/\/www.folkland.lv\/et\/prece\/039-turku-valge\/\" \/>\n<meta property=\"og:locale\" content=\"et_EE\" \/>\n<meta property=\"og:type\" content=\"article\" \/>\n<meta property=\"og:title\" content=\"039 TURKU VALGE - Folkland\" \/>\n<meta property=\"og:description\" content=\"2020 aasta uudistoode! Kokkupandav laud metallist karkassiga + neli tooli metallist karkassiga, k\u00e4etugede ja seljatoega. Selle komplekti puitelemendid on valmistatud kvaliteetsest m\u00e4nnipuidust, mis annab mudelile erilise v\u00e4limuse. Kas oled valmis v\u00f5\u00f5rustama k\u00fclalisi ja s\u00f5pru mugavas ja meeldivas milj\u00f6\u00f6s? T\u00e4nu kurvilistele vormidele on see t\u00e4nap\u00e4evane ja kvaliteetne komplekt aeda\/terrassile v\u00e4ga mugav ja vastupidav mudel, mis sobib nii aeda kui siseruumi. See on meie ettev\u00f5tte \u00fcks v\u00e4rskemaid tooteid.\" \/>\n<meta property=\"og:url\" content=\"https:\/\/www.folkland.lv\/et\/prece\/039-turku-valge\/\" \/>\n<meta property=\"og:site_name\" content=\"Folkland\" \/>\n<meta property=\"article:modified_time\" content=\"2021-03-21T19:23:55+00:00\" \/>\n<meta property=\"og:image\" content=\"https:\/\/www.folkland.lv\/wp-content\/uploads\/2020\/01\/Sandhamn_219613_219713-476x476.jpg\" \/>\n\t<meta property=\"og:image:width\" content=\"476\" \/>\n\t<meta property=\"og:image:height\" content=\"476\" \/>\n\t<meta property=\"og:image:type\" content=\"image\/jpeg\" \/>\n<meta name=\"twitter:card\" content=\"summary_large_image\" \/>\n<meta name=\"twitter:label1\" content=\"Est. reading time\" \/>\n\t<meta name=\"twitter:data1\" content=\"2 minutit\" \/>\n<script type=\"application\/ld+json\" class=\"yoast-schema-graph\">{\"@context\":\"https:\/\/schema.org\",\"@graph\":[{\"@type\":\"WebPage\",\"@id\":\"https:\/\/www.folkland.lv\/et\/prece\/039-turku-valge\/\",\"url\":\"https:\/\/www.folkland.lv\/et\/prece\/039-turku-valge\/\",\"name\":\"039 TURKU VALGE - Folkland\",\"isPartOf\":{\"@id\":\"https:\/\/www.folkland.lv\/#website\"},\"primaryImageOfPage\":{\"@id\":\"https:\/\/www.folkland.lv\/et\/prece\/039-turku-valge\/#primaryimage\"},\"image\":{\"@id\":\"https:\/\/www.folkland.lv\/et\/prece\/039-turku-valge\/#primaryimage\"},\"thumbnailUrl\":\"https:\/\/www.folkland.lv\/wp-content\/uploads\/2020\/01\/Sandhamn_219613_219713-476x476.jpg\",\"datePublished\":\"2020-11-25T10:06:24+00:00\",\"dateModified\":\"2021-03-21T19:23:55+00:00\",\"breadcrumb\":{\"@id\":\"https:\/\/www.folkland.lv\/et\/prece\/039-turku-valge\/#breadcrumb\"},\"inLanguage\":\"et\",\"potentialAction\":[{\"@type\":\"ReadAction\",\"target\":[\"https:\/\/www.folkland.lv\/et\/prece\/039-turku-valge\/\"]}]},{\"@type\":\"ImageObject\",\"inLanguage\":\"et\",\"@id\":\"https:\/\/www.folkland.lv\/et\/prece\/039-turku-valge\/#primaryimage\",\"url\":\"https:\/\/www.folkland.lv\/wp-content\/uploads\/2020\/01\/Sandhamn_219613_219713-476x476.jpg\",\"contentUrl\":\"https:\/\/www.folkland.lv\/wp-content\/uploads\/2020\/01\/Sandhamn_219613_219713-476x476.jpg\",\"width\":476,\"height\":476},{\"@type\":\"BreadcrumbList\",\"@id\":\"https:\/\/www.folkland.lv\/et\/prece\/039-turku-valge\/#breadcrumb\",\"itemListElement\":[{\"@type\":\"ListItem\",\"position\":1,\"name\":\"Algus\",\"item\":\"https:\/\/www.folkland.lv\/et\/\"},{\"@type\":\"ListItem\",\"position\":2,\"name\":\"Pood\",\"item\":\"https:\/\/www.folkland.lv\/et\/pood\/\"},{\"@type\":\"ListItem\",\"position\":3,\"name\":\"039 TURKU VALGE\"}]},{\"@type\":\"WebSite\",\"@id\":\"https:\/\/www.folkland.lv\/#website\",\"url\":\"https:\/\/www.folkland.lv\/\",\"name\":\"Folkland\",\"description\":\"\",\"potentialAction\":[{\"@type\":\"SearchAction\",\"target\":{\"@type\":\"EntryPoint\",\"urlTemplate\":\"https:\/\/www.folkland.lv\/?s={search_term_string}\"},\"query-input\":\"required name=search_term_string\"}],\"inLanguage\":\"et\"}]}<\/script>\n<!-- \/ Yoast SEO plugin. -->","yoast_head_json":{"title":"039 TURKU VALGE - Folkland","robots":{"index":"index","follow":"follow","max-snippet":"max-snippet:-1","max-image-preview":"max-image-preview:large","max-video-preview":"max-video-preview:-1"},"canonical":"https:\/\/www.folkland.lv\/et\/prece\/039-turku-valge\/","og_locale":"et_EE","og_type":"article","og_title":"039 TURKU VALGE - Folkland","og_description":"2020 aasta uudistoode! Kokkupandav laud metallist karkassiga + neli tooli metallist karkassiga, k\u00e4etugede ja seljatoega. Selle komplekti puitelemendid on valmistatud kvaliteetsest m\u00e4nnipuidust, mis annab mudelile erilise v\u00e4limuse. Kas oled valmis v\u00f5\u00f5rustama k\u00fclalisi ja s\u00f5pru mugavas ja meeldivas milj\u00f6\u00f6s? T\u00e4nu kurvilistele vormidele on see t\u00e4nap\u00e4evane ja kvaliteetne komplekt aeda\/terrassile v\u00e4ga mugav ja vastupidav mudel, mis sobib nii aeda kui siseruumi. See on meie ettev\u00f5tte \u00fcks v\u00e4rskemaid tooteid.","og_url":"https:\/\/www.folkland.lv\/et\/prece\/039-turku-valge\/","og_site_name":"Folkland","article_modified_time":"2021-03-21T19:23:55+00:00","og_image":[{"width":476,"height":476,"url":"https:\/\/www.folkland.lv\/wp-content\/uploads\/2020\/01\/Sandhamn_219613_219713-476x476.jpg","type":"image\/jpeg"}],"twitter_card":"summary_large_image","twitter_misc":{"Est. reading time":"2 minutit"},"schema":{"@context":"https:\/\/schema.org","@graph":[{"@type":"WebPage","@id":"https:\/\/www.folkland.lv\/et\/prece\/039-turku-valge\/","url":"https:\/\/www.folkland.lv\/et\/prece\/039-turku-valge\/","name":"039 TURKU VALGE - Folkland","isPartOf":{"@id":"https:\/\/www.folkland.lv\/#website"},"primaryImageOfPage":{"@id":"https:\/\/www.folkland.lv\/et\/prece\/039-turku-valge\/#primaryimage"},"image":{"@id":"https:\/\/www.folkland.lv\/et\/prece\/039-turku-valge\/#primaryimage"},"thumbnailUrl":"https:\/\/www.folkland.lv\/wp-content\/uploads\/2020\/01\/Sandhamn_219613_219713-476x476.jpg","datePublished":"2020-11-25T10:06:24+00:00","dateModified":"2021-03-21T19:23:55+00:00","breadcrumb":{"@id":"https:\/\/www.folkland.lv\/et\/prece\/039-turku-valge\/#breadcrumb"},"inLanguage":"et","potentialAction":[{"@type":"ReadAction","target":["https:\/\/www.folkland.lv\/et\/prece\/039-turku-valge\/"]}]},{"@type":"ImageObject","inLanguage":"et","@id":"https:\/\/www.folkland.lv\/et\/prece\/039-turku-valge\/#primaryimage","url":"https:\/\/www.folkland.lv\/wp-content\/uploads\/2020\/01\/Sandhamn_219613_219713-476x476.jpg","contentUrl":"https:\/\/www.folkland.lv\/wp-content\/uploads\/2020\/01\/Sandhamn_219613_219713-476x476.jpg","width":476,"height":476},{"@type":"BreadcrumbList","@id":"https:\/\/www.folkland.lv\/et\/prece\/039-turku-valge\/#breadcrumb","itemListElement":[{"@type":"ListItem","position":1,"name":"Algus","item":"https:\/\/www.folkland.lv\/et\/"},{"@type":"ListItem","position":2,"name":"Pood","item":"https:\/\/www.folkland.lv\/et\/pood\/"},{"@type":"ListItem","position":3,"name":"039 TURKU VALGE"}]},{"@type":"WebSite","@id":"https:\/\/www.folkland.lv\/#website","url":"https:\/\/www.folkland.lv\/","name":"Folkland","description":"","potentialAction":[{"@type":"SearchAction","target":{"@type":"EntryPoint","urlTemplate":"https:\/\/www.folkland.lv\/?s={search_term_string}"},"query-input":"required name=search_term_string"}],"inLanguage":"et"}]}},"_links":{"self":[{"href":"https:\/\/www.folkland.lv\/et\/wp-json\/wp\/v2\/product\/10140"}],"collection":[{"href":"https:\/\/www.folkland.lv\/et\/wp-json\/wp\/v2\/product"}],"about":[{"href":"https:\/\/www.folkland.lv\/et\/wp-json\/wp\/v2\/types\/product"}],"version-history":[{"count":0,"href":"https:\/\/www.folkland.lv\/et\/wp-json\/wp\/v2\/product\/10140\/revisions"}],"wp:featuredmedia":[{"embeddable":true,"href":"https:\/\/www.folkland.lv\/et\/wp-json\/wp\/v2\/media\/10156"}],"wp:attachment":[{"href":"https:\/\/www.folkland.lv\/et\/wp-json\/wp\/v2\/media?parent=10140"}],"wp:term":[{"taxonomy":"product_cat","embeddable":true,"href":"https:\/\/www.folkland.lv\/et\/wp-json\/wp\/v2\/product_cat?post=10140"},{"taxonomy":"product_tag","embeddable":true,"href":"https:\/\/www.folkland.lv\/et\/wp-json\/wp\/v2\/product_tag?post=10140"}],"curies":[{"name":"wp","href":"https:\/\/api.w.org\/{rel}","templated":true}]}}