{"id":10104,"date":"2018-12-21T14:36:01","date_gmt":"2020-11-25T10:00:47","guid":{"rendered":"https:\/\/www.folkland.lv\/?post_type=product&#038;p=10104"},"modified":"2025-02-28T14:41:58","modified_gmt":"2025-02-28T12:41:58","slug":"035-garda-valge-grafiit","status":"publish","type":"product","link":"https:\/\/www.folkland.lv\/et\/prece\/035-garda-valge-grafiit\/","title":{"rendered":"035.Aiam\u00f6\u00f6bli komplekt \u201cGarda&#8221; Valge\/Grafiit"},"content":{"rendered":"<h3 data-start=\"0\" data-end=\"33\"><span style=\"color: #000000;\">\ud83d\udccc <strong data-start=\"3\" data-end=\"31\">Materjal ja vastupidavus<\/strong><\/span><\/h3>\n<p data-start=\"35\" data-end=\"553\"><span style=\"color: #000000;\">See laud ja toolid on valmistatud <strong data-start=\"69\" data-end=\"125\">k\u00f5rgekvaliteedilisest naturaalsest m\u00e4nni t\u00e4ispuidust<\/strong>. Kuna puit on looduslik materjal, v\u00f5ivad ilmastikutingimuste (p\u00e4ike, vihm, tuul, lumi) m\u00f5jul tekkida v\u00e4ikesed muutused selle <strong data-start=\"251\" data-end=\"285\">struktuuris, v\u00e4rvuses ja kujus<\/strong>. Aja jooksul v\u00f5ivad ilmneda ka <strong data-start=\"317\" data-end=\"348\">vaigueritused ja mikropraod<\/strong>, mis on loomulik protsess. Et m\u00f6\u00f6bel s\u00e4ilitaks oma ilu ja vastupidavuse, on soovitatav seda kaitsta muutlike ilmastikutingimuste eest \u2013 <strong data-start=\"485\" data-end=\"513\">kattes m\u00f6\u00f6bli presendiga<\/strong> v\u00f5i <strong data-start=\"518\" data-end=\"550\">paigutades selle katuse alla<\/strong>.<\/span><\/p>\n<p data-start=\"555\" data-end=\"733\"><span style=\"color: #000000;\">Kuigi m\u00f6\u00f6bel on t\u00f6\u00f6deldud <strong data-start=\"581\" data-end=\"601\">mitme kaitsekihi<\/strong> abil, on see m\u00f5eldud taluma <strong data-start=\"630\" data-end=\"646\">kerget vihma<\/strong>, kuid pikaajaline kokkupuude niiskuse ja UV-kiirgusega v\u00f5ib m\u00f5jutada selle v\u00e4limust.<\/span><\/p>\n<h3 data-start=\"735\" data-end=\"766\"><span style=\"color: #000000;\">\ud83e\uddfc <strong data-start=\"738\" data-end=\"764\">Hooldus ja hoiustamine<\/strong><\/span><\/h3>\n<p data-start=\"768\" data-end=\"1048\"><span style=\"color: #000000;\">\u2714 <strong data-start=\"770\" data-end=\"781\">Hooldus<\/strong> \u2013 T\u00e4nu spetsiaalsele puidu kaitset\u00f6\u00f6tlusele ei vaja see toode keerukat hooldust. <strong data-start=\"863\" data-end=\"883\">Tolmu ja mustuse<\/strong> saab h\u00f5lpsasti eemaldada <strong data-start=\"909\" data-end=\"933\">niiske lapi ja veega<\/strong>. Soovitav on <strong data-start=\"947\" data-end=\"962\">kord aastas<\/strong> enne aiandushooaja l\u00f5ppu uuendada <strong data-start=\"997\" data-end=\"1017\">kaitsev\u00e4rvikihti<\/strong>, et pikendada m\u00f6\u00f6bli eluiga.<\/span><\/p>\n<p data-start=\"1050\" data-end=\"1355\"><span style=\"color: #000000;\">\u2714 <strong data-start=\"1052\" data-end=\"1067\">Hoiustamine<\/strong> \u2013 Kui m\u00f6\u00f6blit <strong data-start=\"1082\" data-end=\"1110\">ei kasutata pikemat aega<\/strong>, on soovitatav see katta <strong data-start=\"1136\" data-end=\"1153\">kaitsekattega<\/strong>, et v\u00e4ltida p\u00e4ikese, vihma ja tuule kahjulikku m\u00f5ju. <strong data-start=\"1207\" data-end=\"1223\">Talvehooajal<\/strong> on m\u00f6\u00f6blit parim hoiustada <strong data-start=\"1251\" data-end=\"1267\">kuivas kohas<\/strong>, mis tagab selle pikaealisuse ja s\u00e4ilitab <strong data-start=\"1310\" data-end=\"1332\">t\u00e4iusliku v\u00e4limuse<\/strong> j\u00e4rgmiseks hooajaks.<\/span><\/p>\n<h3 data-start=\"1357\" data-end=\"1400\"><span style=\"color: #000000;\">\ud83d\udccf <strong data-start=\"1360\" data-end=\"1398\">Toote m\u00f5\u00f5dud ja spetsifikatsioonid<\/strong><\/span><\/h3>\n<h4 data-start=\"1402\" data-end=\"1492\"><span style=\"color: #000000;\"><strong data-start=\"1402\" data-end=\"1418\">Laua m\u00f5\u00f5dud:<\/strong><\/span><\/h4>\n<p data-start=\"1402\" data-end=\"1492\"><span style=\"color: #000000;\"><strong>Pikkus<\/strong> \u2013 140 cm;<\/span><\/p>\n<p data-start=\"1402\" data-end=\"1492\"><span style=\"color: #000000;\"><strong>Laius<\/strong> \u2013 79 cm;<\/span><\/p>\n<p data-start=\"1402\" data-end=\"1492\"><span style=\"color: #000000;\"><strong>K\u00f5rgus<\/strong> \u2013 68 cm;<\/span><\/p>\n<p data-start=\"1402\" data-end=\"1492\"><span style=\"color: #000000;\"><strong>Kaal<\/strong> \u2013 24,0 kg;<\/span><\/p>\n<p data-start=\"1402\" data-end=\"1492\"><span style=\"color: #000000;\"><strong>Transpordim\u00f5\u00f5dud<\/strong> \u2013 140 cm x 79 cm x 13 cm (laius x pikkus x k\u00f5rgus);<\/span><br data-start=\"1562\" data-end=\"1565\" \/><span style=\"color: #000000;\">Transpordimaht \u2013 0,144 m\u00b3;<\/span><\/p>\n<p data-start=\"1595\" data-end=\"1663\"><span style=\"color: #000000;\"><strong data-start=\"1595\" data-end=\"1631\">Tarnitakse kokkupanekuks osadena<\/strong> (pakend: PVC-kile, pappkarp).<\/span><\/p>\n<hr data-start=\"1665\" data-end=\"1668\" \/>\n<h4 data-start=\"1670\" data-end=\"1818\"><span style=\"color: #000000;\"><strong data-start=\"1670\" data-end=\"1687\">Tooli m\u00f5\u00f5dud:<\/strong><\/span><\/h4>\n<p data-start=\"1670\" data-end=\"1818\"><span style=\"color: #000000;\"><strong>Laius<\/strong> \u2013 54 cm;<\/span><\/p>\n<p data-start=\"1670\" data-end=\"1818\"><span style=\"color: #000000;\"><strong>Laius k\u00e4etugede vahel<\/strong> \u2013 49 cm;<\/span><\/p>\n<p data-start=\"1670\" data-end=\"1818\"><span style=\"color: #000000;\"><strong>S\u00fcgavus<\/strong> \u2013 42 cm;<\/span><\/p>\n<p data-start=\"1670\" data-end=\"1818\"><br data-start=\"1756\" data-end=\"1759\" \/><span style=\"color: #000000;\"><strong>K\u00f5rgus<\/strong> \u2013 90 cm;<\/span><\/p>\n<p data-start=\"1670\" data-end=\"1818\"><br data-start=\"1774\" data-end=\"1777\" \/><span style=\"color: #000000;\"><strong>Isteosa k\u00f5rgus<\/strong> \u2013 41 cm;<\/span><\/p>\n<p data-start=\"1670\" data-end=\"1818\"><br data-start=\"1800\" data-end=\"1803\" \/><span style=\"color: #000000;\"><strong>Kaal<\/strong> \u2013 13 kg;<\/span><\/p>\n<p data-start=\"1820\" data-end=\"1919\"><span style=\"color: #000000;\"><strong>Transpordim\u00f5\u00f5dud<\/strong> \u2013 105 cm x 31 cm x 20 cm (laius x pikkus x k\u00f5rgus);<\/span><\/p>\n<p data-start=\"1820\" data-end=\"1919\"><br data-start=\"1888\" data-end=\"1891\" \/><span style=\"color: #000000;\"><strong>Transpordimaht<\/strong> \u2013 0,065 m\u00b3;<\/span><\/p>\n<p data-start=\"1921\" data-end=\"1989\"><span style=\"color: #000000;\"><strong data-start=\"1921\" data-end=\"1957\">Tarnitakse kokkupanekuks osadena<\/strong> (pakend: PVC-kile, pappkarp);<\/span><\/p>\n<hr data-start=\"1991\" data-end=\"1994\" \/>\n<h4 data-start=\"1996\" data-end=\"2087\"><span style=\"color: #000000;\"><strong data-start=\"1996\" data-end=\"2013\">Pingi m\u00f5\u00f5dud:<\/strong><\/span><\/h4>\n<p data-start=\"1996\" data-end=\"2087\"><span style=\"color: #000000;\"><strong>Pikkus<\/strong> \u2013 140 cm;<\/span><\/p>\n<p data-start=\"1996\" data-end=\"2087\"><span style=\"color: #000000;\"><strong>K\u00f5rgus<\/strong> \u2013 90 cm;<\/span><\/p>\n<p data-start=\"1996\" data-end=\"2087\"><span style=\"color: #000000;\"><strong>S\u00fcgavus<\/strong> \u2013 42 cm;<\/span><\/p>\n<p data-start=\"1996\" data-end=\"2087\"><span style=\"color: #000000;\"><strong>Kaal<\/strong> \u2013 19 kg;<\/span><\/p>\n<p data-start=\"2089\" data-end=\"2188\"><span style=\"color: #000000;\"><strong>Transpordim\u00f5\u00f5dud<\/strong> \u2013 140 cm x 36 cm x 13 cm (laius x pikkus x k\u00f5rgus);<\/span><\/p>\n<p data-start=\"2089\" data-end=\"2188\"><span style=\"color: #000000;\"><strong>Transpordimaht<\/strong> \u2013 0,061 m\u00b3;<\/span><\/p>\n<p data-start=\"2190\" data-end=\"2229\"><span style=\"color: #000000;\"><strong data-start=\"2190\" data-end=\"2226\">Tarnitakse kokkupanekuks osadena<\/strong>.<\/span><\/p>\n<hr data-start=\"2231\" data-end=\"2234\" \/>\n<h4 data-start=\"2236\" data-end=\"2266\"><span style=\"color: #000000;\">\ud83d\udce6 <strong data-start=\"2239\" data-end=\"2264\">Komplekti kogum\u00f5\u00f5dud:<\/strong><\/span><\/h4>\n<p data-start=\"2268\" data-end=\"2395\"><span style=\"color: #000000;\"><strong>Komplekti transpordim\u00f5\u00f5dud<\/strong> \u2013 140 cm x 79 cm x 45 cm (pikkus x laius x k\u00f5rgus);<\/span><\/p>\n<p data-start=\"2268\" data-end=\"2395\"><span style=\"color: #000000;\"><strong>Komplekti transpordimaht<\/strong> \u2013 0,270 m\u00b3 \/ 56 kg.<\/span><\/p>\n<p data-start=\"2397\" data-end=\"2428\"><span style=\"color: #000000;\">\ud83c\udfa8 <strong data-start=\"2400\" data-end=\"2426\">Materjal ja viimistlus<\/strong><\/span><\/p>\n<p data-start=\"2430\" data-end=\"2461\"><span style=\"color: #000000;\"><strong>Materjal<\/strong>: <strong data-start=\"2440\" data-end=\"2458\">M\u00e4nni t\u00e4ispuit<\/strong>;<\/span><\/p>\n<p data-start=\"2463\" data-end=\"2715\"><span style=\"color: #000000;\"><strong>Puidu t\u00f6\u00f6tlemine<\/strong>: <strong data-start=\"2481\" data-end=\"2505\">Vivacolor Villa Akva<\/strong> \u2013 <strong data-start=\"2508\" data-end=\"2551\">k\u00f5rgekvaliteediline matt veep\u00f5hine v\u00e4rv<\/strong>, mis tagab <strong data-start=\"2563\" data-end=\"2607\">suurep\u00e4rase v\u00e4rvitooni ja l\u00e4ike p\u00fcsivuse<\/strong>. V\u00e4rv moodustab <strong data-start=\"2624\" data-end=\"2654\">musta ja vee h\u00fclgava pinna<\/strong>, andes m\u00f6\u00f6blile <strong data-start=\"2671\" data-end=\"2712\">elegantse, siidiselt mati viimistluse<\/strong>.<\/span><\/p>\n<p data-start=\"2717\" data-end=\"2740\"><span style=\"color: #000000;\"><strong>V\u00e4rvitoon<\/strong>: <strong data-start=\"2728\" data-end=\"2737\">Valge\/Grafiit<\/strong>.<\/span><\/p>\n<p data-start=\"2742\" data-end=\"2898\" data-is-last-node=\"\" data-is-only-node=\"\"><span style=\"color: #000000;\">See aiakomplekt \u00fchendab <strong data-start=\"2766\" data-end=\"2839\">loodusliku puidu ilu, vastupidavuse ja Skandinaavia disaini elegantsi<\/strong>, pakkudes teile <strong data-start=\"2856\" data-end=\"2893\">mugavust ja stiili igal aastaajal<\/strong>! \ud83c\udf3f\u2728<\/span><\/p>\n","protected":false},"excerpt":{"rendered":"<p data-start=\"2218\" data-end=\"2317\"><span style=\"color: #000000;\"><strong data-start=\"2222\" data-end=\"2315\">See t\u00e4ispuidust aiam\u00f6\u00f6bli komplekt on ideaalne valik Teie aia v\u00f5i terrassi sisustamiseks.<\/strong><\/span><\/p>\n<p data-start=\"2318\" data-end=\"2538\"><span style=\"color: #000000;\">Kvaliteetne aiam\u00f6\u00f6bel on investeering mugavusse ja esteetikasse aastateks. Pakume teile <strong data-start=\"2406\" data-end=\"2426\">stabiilset lauda<\/strong>, <strong data-start=\"2428\" data-end=\"2451\">2 k\u00e4etugedega tooli<\/strong> ja <strong data-start=\"2455\" data-end=\"2475\">seljatoega pinki<\/strong>, mis \u00fchendavad <strong data-start=\"2491\" data-end=\"2535\">praktilisuse, elegantsi ja vastupidavuse<\/strong>.<\/span><\/p>\n<h4 data-start=\"2540\" data-end=\"2575\"><span style=\"color: #000000;\"><strong data-start=\"2544\" data-end=\"2573\">Miks valida see komplekt?<\/strong><\/span><\/h4>\n<p data-start=\"2577\" data-end=\"2706\"><span style=\"color: #000000;\">\u2714 <strong data-start=\"2579\" data-end=\"2622\">Valge\/Grafiit \u2013 Puhas, elegantne ja peen.<\/strong> See mudel paistab teie hoovis silma ning lisab kodu v\u00e4lisilmele stiilse aktsendi.<\/span><\/p>\n<p data-start=\"2708\" data-end=\"2849\"><span style=\"color: #000000;\">\u2714 <strong data-start=\"2710\" data-end=\"2739\">Kohandatav igas olukorras<\/strong> \u2013 Olgu see pere\u00f5htus\u00f6\u00f6k, aiapidu v\u00f5i rahulik puhkus \u2013 laud sobib kergesti erineva suurusega seltskondadele.<\/span><\/p>\n<p data-start=\"2851\" data-end=\"2976\"><span style=\"color: #000000;\">\u2714 <strong data-start=\"2853\" data-end=\"2877\">Loodusliku puidu ilu<\/strong> \u2013 Lisab teie aiale soojust ja hubasust, r\u00f5hutades Skandinaavia disaini kvaliteeti ja esteetikat.<\/span><\/p>\n<p data-start=\"2978\" data-end=\"3104\"><span style=\"color: #000000;\">\u2714 <strong data-start=\"2980\" data-end=\"3012\">Stabiilne ja praktiline laud<\/strong> \u2013 Lahtiv\u00f5etav konstruktsioon v\u00f5imaldab seda vajadusel h\u00f5lpsalt transportida ja hoiustada.<\/span><\/p>\n<p data-start=\"3106\" data-end=\"3249\" data-is-last-node=\"\" data-is-only-node=\"\"><span style=\"color: #000000;\">See komplekt on suurep\u00e4rane valik neile, kes hindavad <strong data-start=\"3160\" data-end=\"3205\">kvaliteeti, elegantsi ja funktsionaalsust<\/strong>. Tooge oma aeda <strong data-start=\"3222\" data-end=\"3244\">stiili ja mugavust<\/strong>! \ud83c\udf3f\u2728<\/span><\/p>\n","protected":false},"featured_media":27777,"template":"","meta":{"_acf_changed":false},"product_cat":[288,290,537,304],"product_tag":[],"acf":[],"yoast_head":"<!-- This site is optimized with the Yoast SEO plugin v23.0 - https:\/\/yoast.com\/wordpress\/plugins\/seo\/ -->\n<title>035.Aiam\u00f6\u00f6bli komplekt \u201cGarda&quot; Valge\/Grafiit - Folkland<\/title>\n<meta name=\"robots\" content=\"index, follow, max-snippet:-1, max-image-preview:large, max-video-preview:-1\" \/>\n<link rel=\"canonical\" href=\"https:\/\/www.folkland.lv\/et\/prece\/035-garda-valge-grafiit\/\" \/>\n<meta property=\"og:locale\" content=\"et_EE\" \/>\n<meta property=\"og:type\" content=\"article\" \/>\n<meta property=\"og:title\" content=\"035.Aiam\u00f6\u00f6bli komplekt \u201cGarda&quot; Valge\/Grafiit - Folkland\" \/>\n<meta property=\"og:description\" content=\"See t\u00e4ispuidust aiam\u00f6\u00f6bli komplekt on ideaalne valik Teie aia v\u00f5i terrassi sisustamiseks. Kvaliteetne aiam\u00f6\u00f6bel on investeering mugavusse ja esteetikasse aastateks. Pakume teile stabiilset lauda, 2 k\u00e4etugedega tooli ja seljatoega pinki, mis \u00fchendavad praktilisuse, elegantsi ja vastupidavuse.  Miks valida see komplekt? \u2714 Valge\/Grafiit \u2013 Puhas, elegantne ja peen. See mudel paistab teie hoovis silma ning lisab kodu v\u00e4lisilmele stiilse aktsendi. \u2714 Kohandatav igas olukorras \u2013 Olgu see pere\u00f5htus\u00f6\u00f6k, aiapidu v\u00f5i rahulik puhkus \u2013 laud sobib kergesti erineva suurusega seltskondadele. \u2714 Loodusliku puidu ilu \u2013 Lisab teie aiale soojust ja hubasust, r\u00f5hutades Skandinaavia disaini kvaliteeti ja esteetikat. \u2714 Stabiilne ja praktiline laud \u2013 Lahtiv\u00f5etav konstruktsioon v\u00f5imaldab seda vajadusel h\u00f5lpsalt transportida ja hoiustada. See komplekt on suurep\u00e4rane valik neile, kes hindavad kvaliteeti, elegantsi ja funktsionaalsust. Tooge oma aeda stiili ja mugavust! \ud83c\udf3f\u2728\" \/>\n<meta property=\"og:url\" content=\"https:\/\/www.folkland.lv\/et\/prece\/035-garda-valge-grafiit\/\" \/>\n<meta property=\"og:site_name\" content=\"Folkland\" \/>\n<meta property=\"article:modified_time\" content=\"2025-02-28T12:41:58+00:00\" \/>\n<meta property=\"og:image\" content=\"https:\/\/www.folkland.lv\/wp-content\/uploads\/2018\/12\/G7-600x400_result.jpg\" \/>\n\t<meta property=\"og:image:width\" content=\"900\" \/>\n\t<meta property=\"og:image:height\" content=\"900\" \/>\n\t<meta property=\"og:image:type\" content=\"image\/jpeg\" \/>\n<meta name=\"twitter:card\" content=\"summary_large_image\" \/>\n<meta name=\"twitter:label1\" content=\"Est. reading time\" \/>\n\t<meta name=\"twitter:data1\" content=\"2 minutit\" \/>\n<script type=\"application\/ld+json\" class=\"yoast-schema-graph\">{\"@context\":\"https:\/\/schema.org\",\"@graph\":[{\"@type\":\"WebPage\",\"@id\":\"https:\/\/www.folkland.lv\/et\/prece\/035-garda-valge-grafiit\/\",\"url\":\"https:\/\/www.folkland.lv\/et\/prece\/035-garda-valge-grafiit\/\",\"name\":\"035.Aiam\u00f6\u00f6bli komplekt \u201cGarda\\\" Valge\/Grafiit - Folkland\",\"isPartOf\":{\"@id\":\"https:\/\/www.folkland.lv\/#website\"},\"primaryImageOfPage\":{\"@id\":\"https:\/\/www.folkland.lv\/et\/prece\/035-garda-valge-grafiit\/#primaryimage\"},\"image\":{\"@id\":\"https:\/\/www.folkland.lv\/et\/prece\/035-garda-valge-grafiit\/#primaryimage\"},\"thumbnailUrl\":\"https:\/\/www.folkland.lv\/wp-content\/uploads\/2018\/12\/G7-600x400_result.jpg\",\"datePublished\":\"2020-11-25T10:00:47+00:00\",\"dateModified\":\"2025-02-28T12:41:58+00:00\",\"breadcrumb\":{\"@id\":\"https:\/\/www.folkland.lv\/et\/prece\/035-garda-valge-grafiit\/#breadcrumb\"},\"inLanguage\":\"et\",\"potentialAction\":[{\"@type\":\"ReadAction\",\"target\":[\"https:\/\/www.folkland.lv\/et\/prece\/035-garda-valge-grafiit\/\"]}]},{\"@type\":\"ImageObject\",\"inLanguage\":\"et\",\"@id\":\"https:\/\/www.folkland.lv\/et\/prece\/035-garda-valge-grafiit\/#primaryimage\",\"url\":\"https:\/\/www.folkland.lv\/wp-content\/uploads\/2018\/12\/G7-600x400_result.jpg\",\"contentUrl\":\"https:\/\/www.folkland.lv\/wp-content\/uploads\/2018\/12\/G7-600x400_result.jpg\",\"width\":900,\"height\":900},{\"@type\":\"BreadcrumbList\",\"@id\":\"https:\/\/www.folkland.lv\/et\/prece\/035-garda-valge-grafiit\/#breadcrumb\",\"itemListElement\":[{\"@type\":\"ListItem\",\"position\":1,\"name\":\"Algus\",\"item\":\"https:\/\/www.folkland.lv\/et\/\"},{\"@type\":\"ListItem\",\"position\":2,\"name\":\"Pood\",\"item\":\"https:\/\/www.folkland.lv\/et\/pood\/\"},{\"@type\":\"ListItem\",\"position\":3,\"name\":\"035.Aiam\u00f6\u00f6bli komplekt \u201cGarda&#8221; Valge\/Grafiit\"}]},{\"@type\":\"WebSite\",\"@id\":\"https:\/\/www.folkland.lv\/#website\",\"url\":\"https:\/\/www.folkland.lv\/\",\"name\":\"Folkland\",\"description\":\"\",\"potentialAction\":[{\"@type\":\"SearchAction\",\"target\":{\"@type\":\"EntryPoint\",\"urlTemplate\":\"https:\/\/www.folkland.lv\/?s={search_term_string}\"},\"query-input\":\"required name=search_term_string\"}],\"inLanguage\":\"et\"}]}<\/script>\n<!-- \/ Yoast SEO plugin. -->","yoast_head_json":{"title":"035.Aiam\u00f6\u00f6bli komplekt \u201cGarda\" Valge\/Grafiit - Folkland","robots":{"index":"index","follow":"follow","max-snippet":"max-snippet:-1","max-image-preview":"max-image-preview:large","max-video-preview":"max-video-preview:-1"},"canonical":"https:\/\/www.folkland.lv\/et\/prece\/035-garda-valge-grafiit\/","og_locale":"et_EE","og_type":"article","og_title":"035.Aiam\u00f6\u00f6bli komplekt \u201cGarda\" Valge\/Grafiit - Folkland","og_description":"See t\u00e4ispuidust aiam\u00f6\u00f6bli komplekt on ideaalne valik Teie aia v\u00f5i terrassi sisustamiseks. Kvaliteetne aiam\u00f6\u00f6bel on investeering mugavusse ja esteetikasse aastateks. Pakume teile stabiilset lauda, 2 k\u00e4etugedega tooli ja seljatoega pinki, mis \u00fchendavad praktilisuse, elegantsi ja vastupidavuse.  Miks valida see komplekt? \u2714 Valge\/Grafiit \u2013 Puhas, elegantne ja peen. See mudel paistab teie hoovis silma ning lisab kodu v\u00e4lisilmele stiilse aktsendi. \u2714 Kohandatav igas olukorras \u2013 Olgu see pere\u00f5htus\u00f6\u00f6k, aiapidu v\u00f5i rahulik puhkus \u2013 laud sobib kergesti erineva suurusega seltskondadele. \u2714 Loodusliku puidu ilu \u2013 Lisab teie aiale soojust ja hubasust, r\u00f5hutades Skandinaavia disaini kvaliteeti ja esteetikat. \u2714 Stabiilne ja praktiline laud \u2013 Lahtiv\u00f5etav konstruktsioon v\u00f5imaldab seda vajadusel h\u00f5lpsalt transportida ja hoiustada. See komplekt on suurep\u00e4rane valik neile, kes hindavad kvaliteeti, elegantsi ja funktsionaalsust. Tooge oma aeda stiili ja mugavust! \ud83c\udf3f\u2728","og_url":"https:\/\/www.folkland.lv\/et\/prece\/035-garda-valge-grafiit\/","og_site_name":"Folkland","article_modified_time":"2025-02-28T12:41:58+00:00","og_image":[{"width":900,"height":900,"url":"https:\/\/www.folkland.lv\/wp-content\/uploads\/2018\/12\/G7-600x400_result.jpg","type":"image\/jpeg"}],"twitter_card":"summary_large_image","twitter_misc":{"Est. reading time":"2 minutit"},"schema":{"@context":"https:\/\/schema.org","@graph":[{"@type":"WebPage","@id":"https:\/\/www.folkland.lv\/et\/prece\/035-garda-valge-grafiit\/","url":"https:\/\/www.folkland.lv\/et\/prece\/035-garda-valge-grafiit\/","name":"035.Aiam\u00f6\u00f6bli komplekt \u201cGarda\" Valge\/Grafiit - Folkland","isPartOf":{"@id":"https:\/\/www.folkland.lv\/#website"},"primaryImageOfPage":{"@id":"https:\/\/www.folkland.lv\/et\/prece\/035-garda-valge-grafiit\/#primaryimage"},"image":{"@id":"https:\/\/www.folkland.lv\/et\/prece\/035-garda-valge-grafiit\/#primaryimage"},"thumbnailUrl":"https:\/\/www.folkland.lv\/wp-content\/uploads\/2018\/12\/G7-600x400_result.jpg","datePublished":"2020-11-25T10:00:47+00:00","dateModified":"2025-02-28T12:41:58+00:00","breadcrumb":{"@id":"https:\/\/www.folkland.lv\/et\/prece\/035-garda-valge-grafiit\/#breadcrumb"},"inLanguage":"et","potentialAction":[{"@type":"ReadAction","target":["https:\/\/www.folkland.lv\/et\/prece\/035-garda-valge-grafiit\/"]}]},{"@type":"ImageObject","inLanguage":"et","@id":"https:\/\/www.folkland.lv\/et\/prece\/035-garda-valge-grafiit\/#primaryimage","url":"https:\/\/www.folkland.lv\/wp-content\/uploads\/2018\/12\/G7-600x400_result.jpg","contentUrl":"https:\/\/www.folkland.lv\/wp-content\/uploads\/2018\/12\/G7-600x400_result.jpg","width":900,"height":900},{"@type":"BreadcrumbList","@id":"https:\/\/www.folkland.lv\/et\/prece\/035-garda-valge-grafiit\/#breadcrumb","itemListElement":[{"@type":"ListItem","position":1,"name":"Algus","item":"https:\/\/www.folkland.lv\/et\/"},{"@type":"ListItem","position":2,"name":"Pood","item":"https:\/\/www.folkland.lv\/et\/pood\/"},{"@type":"ListItem","position":3,"name":"035.Aiam\u00f6\u00f6bli komplekt \u201cGarda&#8221; Valge\/Grafiit"}]},{"@type":"WebSite","@id":"https:\/\/www.folkland.lv\/#website","url":"https:\/\/www.folkland.lv\/","name":"Folkland","description":"","potentialAction":[{"@type":"SearchAction","target":{"@type":"EntryPoint","urlTemplate":"https:\/\/www.folkland.lv\/?s={search_term_string}"},"query-input":"required name=search_term_string"}],"inLanguage":"et"}]}},"_links":{"self":[{"href":"https:\/\/www.folkland.lv\/et\/wp-json\/wp\/v2\/product\/10104"}],"collection":[{"href":"https:\/\/www.folkland.lv\/et\/wp-json\/wp\/v2\/product"}],"about":[{"href":"https:\/\/www.folkland.lv\/et\/wp-json\/wp\/v2\/types\/product"}],"version-history":[{"count":2,"href":"https:\/\/www.folkland.lv\/et\/wp-json\/wp\/v2\/product\/10104\/revisions"}],"predecessor-version":[{"id":40862,"href":"https:\/\/www.folkland.lv\/et\/wp-json\/wp\/v2\/product\/10104\/revisions\/40862"}],"wp:featuredmedia":[{"embeddable":true,"href":"https:\/\/www.folkland.lv\/et\/wp-json\/wp\/v2\/media\/27777"}],"wp:attachment":[{"href":"https:\/\/www.folkland.lv\/et\/wp-json\/wp\/v2\/media?parent=10104"}],"wp:term":[{"taxonomy":"product_cat","embeddable":true,"href":"https:\/\/www.folkland.lv\/et\/wp-json\/wp\/v2\/product_cat?post=10104"},{"taxonomy":"product_tag","embeddable":true,"href":"https:\/\/www.folkland.lv\/et\/wp-json\/wp\/v2\/product_tag?post=10104"}],"curies":[{"name":"wp","href":"https:\/\/api.w.org\/{rel}","templated":true}]}}