{"id":10101,"date":"2018-12-21T14:52:45","date_gmt":"2020-11-25T10:01:11","guid":{"rendered":"https:\/\/www.folkland.lv\/?post_type=product&#038;p=10101"},"modified":"2025-02-28T12:37:29","modified_gmt":"2025-02-28T10:37:29","slug":"032-riva-grafiit","status":"publish","type":"product","link":"https:\/\/www.folkland.lv\/et\/prece\/032-riva-grafiit\/","title":{"rendered":"032.Aiam\u00f6\u00f6bli komplekt&#8221;Riva&#8221; Grafiit"},"content":{"rendered":"<h3 data-start=\"5732\" data-end=\"5761\"><span style=\"color: #000000;\">\ud83d\udccc Materjalid ja vastupidavus<\/span><\/h3>\n<p data-start=\"5763\" data-end=\"6231\"><span style=\"color: #000000;\">See laud ja toolid on valmistatud k\u00f5rgekvaliteetsest looduslikust m\u00e4nnipuust. Kuna puit on looduslik materjal, v\u00f5ivad ilmastikutingimuste (p\u00e4ike, vihm, tuul, lumi) m\u00f5jul tekkida v\u00e4ikesed muutused selle struktuuris, v\u00e4rvis ja vormis. Aja jooksul v\u00f5ivad ilmuda vaigu ja mikropraod, mis on loomulik protsess. Et m\u00f6\u00f6bel s\u00e4ilitaks oma ilu ja vastupidavuse, on soovitatav kaitsta seda muutuvate ilmastikutingimuste eest \u2013 katta see kotiriidega v\u00f5i asetada see varjualusesse.<\/span><\/p>\n<p data-start=\"6233\" data-end=\"6407\"><span style=\"color: #000000;\">Kuigi m\u00f6\u00f6bel on t\u00f6\u00f6deldud mitme kaitsekihiga, on see m\u00f5eldud kergelt vihmale vastu pidama, kuid pikaajaline kokkupuude niiskuse ja UV-kiirgusega v\u00f5ib m\u00f5jutada selle v\u00e4limust.<\/span><\/p>\n<h3 data-start=\"6409\" data-end=\"6434\"><span style=\"color: #000000;\">\ud83e\uddfc Hooldus ja ladustamine<\/span><\/h3>\n<p data-start=\"6436\" data-end=\"6674\"><span style=\"color: #000000;\">\u2714 Hooldus \u2013 T\u00e4nu puidu erikaitsele ei vaja see toode keerulist hooldust. Tolmu ja mustust saab kergesti p\u00fchkida niiske lapiga ja veega. Soovitatav on kord aastas, aiat\u00f6\u00f6d l\u00f5petades, v\u00e4rskendada kaitsekihte, et pikendada m\u00f6\u00f6bli kasutusiga.<\/span><\/p>\n<p data-start=\"6676\" data-end=\"6958\"><span style=\"color: #000000;\">\u2714 Ladustamine \u2013 Kui m\u00f6\u00f6blit ei kasutata pikemat aega, on soovitatav katta see kaitsekattega, et kaitsta seda p\u00e4ikese, vihma ja tuule eest. K\u00fclmal aastaajal on m\u00f6\u00f6bel k\u00f5ige parem hoida kuivas kohas, et tagada selle pikaealisus ja s\u00e4ilitada selle laitmatu v\u00e4limus j\u00e4rgmiseks hooajaks.<\/span><\/p>\n<h3 data-start=\"6960\" data-end=\"7843\"><span style=\"color: #000000;\">\ud83d\udccf Toote suurused ja spetsifikatsioonid<\/span><\/h3>\n<h4><span style=\"color: #000000;\"> Aialaua suurus:<\/span><\/h4>\n<p data-start=\"6960\" data-end=\"7843\"><span style=\"color: #000000;\"><strong> Pikkus<\/strong> \u2013 180 cm;<\/span><\/p>\n<p data-start=\"6960\" data-end=\"7843\"><span style=\"color: #000000;\"><strong> Laius<\/strong> \u2013 78 cm;<\/span><\/p>\n<p data-start=\"6960\" data-end=\"7843\"><span style=\"color: #000000;\"><strong> K\u00f5rgus<\/strong> \u2013 75 cm;<\/span><\/p>\n<p data-start=\"6960\" data-end=\"7843\"><span style=\"color: #000000;\"><strong> Kaal<\/strong> \u2013 19,0 kg;<\/span><\/p>\n<p data-start=\"6960\" data-end=\"7843\"><span style=\"color: #000000;\"><strong> Transportimissuurus<\/strong> \u2013 180 cm x 79 cm x H13 cm (laius x pikkus x k\u00f5rgus)<\/span><\/p>\n<p data-start=\"6960\" data-end=\"7843\"><span style=\"color: #000000;\"><strong> Transportimismaht<\/strong> \u2013 0,185 m\u00b3;<\/span><\/p>\n<p data-start=\"6960\" data-end=\"7843\"><span style=\"color: #000000;\"><strong> Tarnitakse lahtiselt \/ vajalik kokkupanek;<\/strong><\/span><\/p>\n<p data-start=\"6960\" data-end=\"7843\"><span style=\"color: #000000;\"><strong> Pakend<\/strong>: PVC kile, pappkast;<\/span><\/p>\n<h4 data-start=\"6960\" data-end=\"7843\"><span style=\"color: #000000;\"> Aiatooli suurus seljatoega:<\/span><\/h4>\n<p data-start=\"6960\" data-end=\"7843\"><span style=\"color: #000000;\"><strong> Pikkus<\/strong> \u2013 180 cm;<\/span><\/p>\n<p data-start=\"6960\" data-end=\"7843\"><span style=\"color: #000000;\"><strong> Laius<\/strong> \u2013 39 cm;<\/span><\/p>\n<p data-start=\"6960\" data-end=\"7843\"><span style=\"color: #000000;\"><strong> Kaal<\/strong> \u2013 16 kg;<\/span><\/p>\n<p data-start=\"6960\" data-end=\"7843\"><span style=\"color: #000000;\"><strong> Transportimissuurus<\/strong> \u2013 180 cm x 58 cm x H11 cm (laius x pikkus x k\u00f5rgus);<\/span><\/p>\n<p data-start=\"6960\" data-end=\"7843\"><span style=\"color: #000000;\"><strong> Transportimismaht<\/strong> \u2013 0,115 m\u00b3; <\/span><\/p>\n<p data-start=\"6960\" data-end=\"7843\"><span style=\"color: #000000;\"><strong>Tarnitakse lahtiselt \/ vajalik kokkupanek;<\/strong><\/span><\/p>\n<p data-start=\"6960\" data-end=\"7843\"><span style=\"color: #000000;\"><strong> Pakend<\/strong>: PVC kile, pappkast;<\/span><\/p>\n<p data-start=\"6960\" data-end=\"7843\"><span style=\"color: #000000;\"><strong> Transportimissuurus<\/strong> \u2013 58 cm x 181 cm x 11 cm (laius x pikkus x k\u00f5rgus)<\/span><\/p>\n<h4 data-start=\"6960\" data-end=\"7843\"><span style=\"color: #000000;\"> Aiatooli suurus ilma seljatoeta:<\/span><\/h4>\n<p data-start=\"6960\" data-end=\"7843\"><span style=\"color: #000000;\"><strong> Pikkus<\/strong> \u2013 180 cm;<\/span><\/p>\n<p data-start=\"6960\" data-end=\"7843\"><span style=\"color: #000000;\"><strong> Laius<\/strong> \u2013 39 cm;<\/span><\/p>\n<p data-start=\"6960\" data-end=\"7843\"><span style=\"color: #000000;\"><strong> K\u00f5rgus<\/strong> \u2013 43 cm;<\/span><\/p>\n<p data-start=\"6960\" data-end=\"7843\"><span style=\"color: #000000;\"><strong> Kaal<\/strong> \u2013 14 kg; <\/span><\/p>\n<p data-start=\"6960\" data-end=\"7843\"><span style=\"color: #000000;\"><strong>Transportimissuurus<\/strong> \u2013 180 cm x 41 cm x H13 cm (laius x pikkus x k\u00f5rgus);<\/span><\/p>\n<p data-start=\"6960\" data-end=\"7843\"><span style=\"color: #000000;\"><strong> Tarnitakse lahtiselt \/ vajalik kokkupanek;<\/strong><\/span><\/p>\n<p data-start=\"6960\" data-end=\"7843\"><span style=\"color: #000000;\"><strong> Pakend<\/strong>: PVC kile, pappkast;<\/span><\/p>\n<h4 data-start=\"6960\" data-end=\"7843\"><span style=\"color: #000000;\"> \ud83d\udce6 Komplektili koguparameetrid:<\/span><\/h4>\n<p data-start=\"7845\" data-end=\"7927\"><span style=\"color: #000000;\"><strong>Komplekti transportimissuurus<\/strong> \u2013 180 cm x 80 cm x H27 cm (pikkus x laius x k\u00f5rgus);<\/span><\/p>\n<p data-start=\"7929\" data-end=\"7975\"><span style=\"color: #000000;\"><strong>Komplekti transportimismaht<\/strong> \u2013 0,396 m\u00b3 \/ 50 kg<\/span><\/p>\n<h4 data-start=\"7977\" data-end=\"8003\"><span style=\"color: #000000;\">\ud83c\udfa8 Materjal ja viimistlus;<\/span><\/h4>\n<p data-start=\"8005\" data-end=\"8253\"><span style=\"color: #000000;\"><strong>Materjal<\/strong>: M\u00e4nnipuit;<\/span><\/p>\n<p data-start=\"8005\" data-end=\"8253\"><span style=\"color: #000000;\"><strong> Puidu t\u00f6\u00f6tlemine<\/strong>: Vivacolor Villa Akva \u2013 kvaliteetne matt veep\u00f5hine v\u00e4rv, mis tagab suurep\u00e4rase toonide ja l\u00e4ike vastupidavuse. Loodab mustuse- ja veekindla pinna, andes m\u00f6\u00f6blile elegantselt satiinse matt v\u00e4limuse;<\/span><\/p>\n<p data-start=\"8005\" data-end=\"8253\"><span style=\"color: #000000;\"><strong> V\u00e4rv<\/strong>: Grafiit;<\/span><\/p>\n<p data-start=\"8255\" data-end=\"8409\" data-is-last-node=\"\" data-is-only-node=\"\"><span style=\"color: #000000;\">See aia m\u00f6\u00f6bli komplekt \u00fchendab loodusliku puidu ilu, vastupidavuse ja Skandinaavia disaini elegantsi, pakkudes teile mugavust ja stiili igal hooajal! \ud83c\udf3f\u2728<\/span><\/p>\n","protected":false},"excerpt":{"rendered":"<p data-start=\"2431\" data-end=\"2483\"><span style=\"color: #000000;\"><strong data-start=\"2431\" data-end=\"2481\">Klassikaline ja vastupidav aiakomplekt &#8220;Riva&#8221;.<\/strong><\/span><\/p>\n<p data-start=\"2485\" data-end=\"2835\"><span style=\"color: #000000;\">Kas oled valmis vastu v\u00f5tma k\u00fclalisi ja s\u00f5pru hubases ja meeldivas atmosf\u00e4\u00e4ris? See <strong data-start=\"2569\" data-end=\"2602\">t\u00e4ispuidust aiam\u00f6\u00f6blikomplekt<\/strong>, mis on valmistatud <strong data-start=\"2623\" data-end=\"2652\">naturaalsest m\u00e4nnipuidust<\/strong> ja <strong data-start=\"2656\" data-end=\"2674\">toodetud L\u00e4tis<\/strong>, on suurep\u00e4rane valik nii aeda kui ka terrassile. T\u00e4nu klassikalisele disainile on see mitte ainult visuaalselt atraktiivne, vaid ka praktiline ja vastupidav.<\/span><\/p>\n<h4 data-start=\"2837\" data-end=\"2868\"><span style=\"color: #000000;\"><strong data-start=\"2837\" data-end=\"2866\">Miks valida see komplekt?<\/strong><\/span><\/h4>\n<p data-start=\"2870\" data-end=\"3025\"><span style=\"color: #000000;\">\u2714 <strong>V\u00e4rv<\/strong> \u2013 puhas, elegantne ja stiilne, see sobib loomulikult k\u00f5ikide v\u00e4rvitoonidega. Aias paigutatuna lisab see kodu v\u00e4lisilmele kauni aktsendi;<\/span><\/p>\n<p data-start=\"3027\" data-end=\"3173\"><span style=\"color: #000000;\">\u2714 <strong data-start=\"3029\" data-end=\"3057\">Mitmek\u00fclgne kasutamiseks<\/strong> \u2013 olgu see peres\u00f6\u00f6k, aiapidu v\u00f5i rahulik puhkus \u2013 laud kohandub h\u00f5lpsasti erinevate seltskondade ja olukordadega;<\/span><\/p>\n<p data-start=\"3175\" data-end=\"3311\"><span style=\"color: #000000;\">\u2714 <strong data-start=\"3177\" data-end=\"3200\">Klassikaline disain<\/strong> \u2013 sirged jooned ja stabiilne konstruktsioon sobivad suurep\u00e4raselt nii maamajja kui ka modernsele terrassile;<\/span><\/p>\n<p data-start=\"3313\" data-end=\"3447\"><span style=\"color: #000000;\">\u2714 <strong data-start=\"3315\" data-end=\"3344\">Looduslik ja soe materjal<\/strong> \u2013 t\u00e4ism\u00e4nnipuit sulandub harmooniliselt igasse v\u00e4likeskkonda, lisades sellele hubasust ja elegantsi.<\/span><\/p>\n<p data-start=\"3449\" data-end=\"3575\" data-is-last-node=\"\" data-is-only-node=\"\"><span style=\"color: #000000;\">See komplekt on ideaalne valik neile, kes hindavad kvaliteeti, elegantsi ja funktsionaalsust. Too oma aeda stiili ja mugavust!<\/span><\/p>\n","protected":false},"featured_media":28105,"template":"","meta":{"_acf_changed":false},"product_cat":[288,290,537,304],"product_tag":[],"acf":[],"yoast_head":"<!-- This site is optimized with the Yoast SEO plugin v23.0 - https:\/\/yoast.com\/wordpress\/plugins\/seo\/ -->\n<title>032.Aiam\u00f6\u00f6bli komplekt&quot;Riva&quot; Grafiit - Folkland<\/title>\n<meta name=\"robots\" content=\"index, follow, max-snippet:-1, max-image-preview:large, max-video-preview:-1\" \/>\n<link rel=\"canonical\" href=\"https:\/\/www.folkland.lv\/et\/prece\/032-riva-grafiit\/\" \/>\n<meta property=\"og:locale\" content=\"et_EE\" \/>\n<meta property=\"og:type\" content=\"article\" \/>\n<meta property=\"og:title\" content=\"032.Aiam\u00f6\u00f6bli komplekt&quot;Riva&quot; Grafiit - Folkland\" \/>\n<meta property=\"og:description\" content=\"Klassikaline ja vastupidav aiakomplekt &quot;Riva&quot;. Kas oled valmis vastu v\u00f5tma k\u00fclalisi ja s\u00f5pru hubases ja meeldivas atmosf\u00e4\u00e4ris? See t\u00e4ispuidust aiam\u00f6\u00f6blikomplekt, mis on valmistatud naturaalsest m\u00e4nnipuidust ja toodetud L\u00e4tis, on suurep\u00e4rane valik nii aeda kui ka terrassile. T\u00e4nu klassikalisele disainile on see mitte ainult visuaalselt atraktiivne, vaid ka praktiline ja vastupidav.  Miks valida see komplekt? \u2714 V\u00e4rv \u2013 puhas, elegantne ja stiilne, see sobib loomulikult k\u00f5ikide v\u00e4rvitoonidega. Aias paigutatuna lisab see kodu v\u00e4lisilmele kauni aktsendi; \u2714 Mitmek\u00fclgne kasutamiseks \u2013 olgu see peres\u00f6\u00f6k, aiapidu v\u00f5i rahulik puhkus \u2013 laud kohandub h\u00f5lpsasti erinevate seltskondade ja olukordadega; \u2714 Klassikaline disain \u2013 sirged jooned ja stabiilne konstruktsioon sobivad suurep\u00e4raselt nii maamajja kui ka modernsele terrassile; \u2714 Looduslik ja soe materjal \u2013 t\u00e4ism\u00e4nnipuit sulandub harmooniliselt igasse v\u00e4likeskkonda, lisades sellele hubasust ja elegantsi. See komplekt on ideaalne valik neile, kes hindavad kvaliteeti, elegantsi ja funktsionaalsust. Too oma aeda stiili ja mugavust!\" \/>\n<meta property=\"og:url\" content=\"https:\/\/www.folkland.lv\/et\/prece\/032-riva-grafiit\/\" \/>\n<meta property=\"og:site_name\" content=\"Folkland\" \/>\n<meta property=\"article:modified_time\" content=\"2025-02-28T10:37:29+00:00\" \/>\n<meta property=\"og:image\" content=\"https:\/\/www.folkland.lv\/wp-content\/uploads\/2018\/12\/riva-grafits-1-600x400_result.jpg\" \/>\n\t<meta property=\"og:image:width\" content=\"900\" \/>\n\t<meta property=\"og:image:height\" content=\"900\" \/>\n\t<meta property=\"og:image:type\" content=\"image\/jpeg\" \/>\n<meta name=\"twitter:card\" content=\"summary_large_image\" \/>\n<meta name=\"twitter:label1\" content=\"Est. reading time\" \/>\n\t<meta name=\"twitter:data1\" content=\"2 minutit\" \/>\n<script type=\"application\/ld+json\" class=\"yoast-schema-graph\">{\"@context\":\"https:\/\/schema.org\",\"@graph\":[{\"@type\":\"WebPage\",\"@id\":\"https:\/\/www.folkland.lv\/et\/prece\/032-riva-grafiit\/\",\"url\":\"https:\/\/www.folkland.lv\/et\/prece\/032-riva-grafiit\/\",\"name\":\"032.Aiam\u00f6\u00f6bli komplekt\\\"Riva\\\" Grafiit - Folkland\",\"isPartOf\":{\"@id\":\"https:\/\/www.folkland.lv\/#website\"},\"primaryImageOfPage\":{\"@id\":\"https:\/\/www.folkland.lv\/et\/prece\/032-riva-grafiit\/#primaryimage\"},\"image\":{\"@id\":\"https:\/\/www.folkland.lv\/et\/prece\/032-riva-grafiit\/#primaryimage\"},\"thumbnailUrl\":\"https:\/\/www.folkland.lv\/wp-content\/uploads\/2018\/12\/riva-grafits-1-600x400_result.jpg\",\"datePublished\":\"2020-11-25T10:01:11+00:00\",\"dateModified\":\"2025-02-28T10:37:29+00:00\",\"breadcrumb\":{\"@id\":\"https:\/\/www.folkland.lv\/et\/prece\/032-riva-grafiit\/#breadcrumb\"},\"inLanguage\":\"et\",\"potentialAction\":[{\"@type\":\"ReadAction\",\"target\":[\"https:\/\/www.folkland.lv\/et\/prece\/032-riva-grafiit\/\"]}]},{\"@type\":\"ImageObject\",\"inLanguage\":\"et\",\"@id\":\"https:\/\/www.folkland.lv\/et\/prece\/032-riva-grafiit\/#primaryimage\",\"url\":\"https:\/\/www.folkland.lv\/wp-content\/uploads\/2018\/12\/riva-grafits-1-600x400_result.jpg\",\"contentUrl\":\"https:\/\/www.folkland.lv\/wp-content\/uploads\/2018\/12\/riva-grafits-1-600x400_result.jpg\",\"width\":900,\"height\":900},{\"@type\":\"BreadcrumbList\",\"@id\":\"https:\/\/www.folkland.lv\/et\/prece\/032-riva-grafiit\/#breadcrumb\",\"itemListElement\":[{\"@type\":\"ListItem\",\"position\":1,\"name\":\"Algus\",\"item\":\"https:\/\/www.folkland.lv\/et\/\"},{\"@type\":\"ListItem\",\"position\":2,\"name\":\"Pood\",\"item\":\"https:\/\/www.folkland.lv\/et\/pood\/\"},{\"@type\":\"ListItem\",\"position\":3,\"name\":\"032.Aiam\u00f6\u00f6bli komplekt&#8221;Riva&#8221; Grafiit\"}]},{\"@type\":\"WebSite\",\"@id\":\"https:\/\/www.folkland.lv\/#website\",\"url\":\"https:\/\/www.folkland.lv\/\",\"name\":\"Folkland\",\"description\":\"\",\"potentialAction\":[{\"@type\":\"SearchAction\",\"target\":{\"@type\":\"EntryPoint\",\"urlTemplate\":\"https:\/\/www.folkland.lv\/?s={search_term_string}\"},\"query-input\":\"required name=search_term_string\"}],\"inLanguage\":\"et\"}]}<\/script>\n<!-- \/ Yoast SEO plugin. -->","yoast_head_json":{"title":"032.Aiam\u00f6\u00f6bli komplekt\"Riva\" Grafiit - Folkland","robots":{"index":"index","follow":"follow","max-snippet":"max-snippet:-1","max-image-preview":"max-image-preview:large","max-video-preview":"max-video-preview:-1"},"canonical":"https:\/\/www.folkland.lv\/et\/prece\/032-riva-grafiit\/","og_locale":"et_EE","og_type":"article","og_title":"032.Aiam\u00f6\u00f6bli komplekt\"Riva\" Grafiit - Folkland","og_description":"Klassikaline ja vastupidav aiakomplekt \"Riva\". Kas oled valmis vastu v\u00f5tma k\u00fclalisi ja s\u00f5pru hubases ja meeldivas atmosf\u00e4\u00e4ris? See t\u00e4ispuidust aiam\u00f6\u00f6blikomplekt, mis on valmistatud naturaalsest m\u00e4nnipuidust ja toodetud L\u00e4tis, on suurep\u00e4rane valik nii aeda kui ka terrassile. T\u00e4nu klassikalisele disainile on see mitte ainult visuaalselt atraktiivne, vaid ka praktiline ja vastupidav.  Miks valida see komplekt? \u2714 V\u00e4rv \u2013 puhas, elegantne ja stiilne, see sobib loomulikult k\u00f5ikide v\u00e4rvitoonidega. Aias paigutatuna lisab see kodu v\u00e4lisilmele kauni aktsendi; \u2714 Mitmek\u00fclgne kasutamiseks \u2013 olgu see peres\u00f6\u00f6k, aiapidu v\u00f5i rahulik puhkus \u2013 laud kohandub h\u00f5lpsasti erinevate seltskondade ja olukordadega; \u2714 Klassikaline disain \u2013 sirged jooned ja stabiilne konstruktsioon sobivad suurep\u00e4raselt nii maamajja kui ka modernsele terrassile; \u2714 Looduslik ja soe materjal \u2013 t\u00e4ism\u00e4nnipuit sulandub harmooniliselt igasse v\u00e4likeskkonda, lisades sellele hubasust ja elegantsi. See komplekt on ideaalne valik neile, kes hindavad kvaliteeti, elegantsi ja funktsionaalsust. Too oma aeda stiili ja mugavust!","og_url":"https:\/\/www.folkland.lv\/et\/prece\/032-riva-grafiit\/","og_site_name":"Folkland","article_modified_time":"2025-02-28T10:37:29+00:00","og_image":[{"width":900,"height":900,"url":"https:\/\/www.folkland.lv\/wp-content\/uploads\/2018\/12\/riva-grafits-1-600x400_result.jpg","type":"image\/jpeg"}],"twitter_card":"summary_large_image","twitter_misc":{"Est. reading time":"2 minutit"},"schema":{"@context":"https:\/\/schema.org","@graph":[{"@type":"WebPage","@id":"https:\/\/www.folkland.lv\/et\/prece\/032-riva-grafiit\/","url":"https:\/\/www.folkland.lv\/et\/prece\/032-riva-grafiit\/","name":"032.Aiam\u00f6\u00f6bli komplekt\"Riva\" Grafiit - Folkland","isPartOf":{"@id":"https:\/\/www.folkland.lv\/#website"},"primaryImageOfPage":{"@id":"https:\/\/www.folkland.lv\/et\/prece\/032-riva-grafiit\/#primaryimage"},"image":{"@id":"https:\/\/www.folkland.lv\/et\/prece\/032-riva-grafiit\/#primaryimage"},"thumbnailUrl":"https:\/\/www.folkland.lv\/wp-content\/uploads\/2018\/12\/riva-grafits-1-600x400_result.jpg","datePublished":"2020-11-25T10:01:11+00:00","dateModified":"2025-02-28T10:37:29+00:00","breadcrumb":{"@id":"https:\/\/www.folkland.lv\/et\/prece\/032-riva-grafiit\/#breadcrumb"},"inLanguage":"et","potentialAction":[{"@type":"ReadAction","target":["https:\/\/www.folkland.lv\/et\/prece\/032-riva-grafiit\/"]}]},{"@type":"ImageObject","inLanguage":"et","@id":"https:\/\/www.folkland.lv\/et\/prece\/032-riva-grafiit\/#primaryimage","url":"https:\/\/www.folkland.lv\/wp-content\/uploads\/2018\/12\/riva-grafits-1-600x400_result.jpg","contentUrl":"https:\/\/www.folkland.lv\/wp-content\/uploads\/2018\/12\/riva-grafits-1-600x400_result.jpg","width":900,"height":900},{"@type":"BreadcrumbList","@id":"https:\/\/www.folkland.lv\/et\/prece\/032-riva-grafiit\/#breadcrumb","itemListElement":[{"@type":"ListItem","position":1,"name":"Algus","item":"https:\/\/www.folkland.lv\/et\/"},{"@type":"ListItem","position":2,"name":"Pood","item":"https:\/\/www.folkland.lv\/et\/pood\/"},{"@type":"ListItem","position":3,"name":"032.Aiam\u00f6\u00f6bli komplekt&#8221;Riva&#8221; Grafiit"}]},{"@type":"WebSite","@id":"https:\/\/www.folkland.lv\/#website","url":"https:\/\/www.folkland.lv\/","name":"Folkland","description":"","potentialAction":[{"@type":"SearchAction","target":{"@type":"EntryPoint","urlTemplate":"https:\/\/www.folkland.lv\/?s={search_term_string}"},"query-input":"required name=search_term_string"}],"inLanguage":"et"}]}},"_links":{"self":[{"href":"https:\/\/www.folkland.lv\/et\/wp-json\/wp\/v2\/product\/10101"}],"collection":[{"href":"https:\/\/www.folkland.lv\/et\/wp-json\/wp\/v2\/product"}],"about":[{"href":"https:\/\/www.folkland.lv\/et\/wp-json\/wp\/v2\/types\/product"}],"version-history":[{"count":2,"href":"https:\/\/www.folkland.lv\/et\/wp-json\/wp\/v2\/product\/10101\/revisions"}],"predecessor-version":[{"id":40843,"href":"https:\/\/www.folkland.lv\/et\/wp-json\/wp\/v2\/product\/10101\/revisions\/40843"}],"wp:featuredmedia":[{"embeddable":true,"href":"https:\/\/www.folkland.lv\/et\/wp-json\/wp\/v2\/media\/28105"}],"wp:attachment":[{"href":"https:\/\/www.folkland.lv\/et\/wp-json\/wp\/v2\/media?parent=10101"}],"wp:term":[{"taxonomy":"product_cat","embeddable":true,"href":"https:\/\/www.folkland.lv\/et\/wp-json\/wp\/v2\/product_cat?post=10101"},{"taxonomy":"product_tag","embeddable":true,"href":"https:\/\/www.folkland.lv\/et\/wp-json\/wp\/v2\/product_tag?post=10101"}],"curies":[{"name":"wp","href":"https:\/\/api.w.org\/{rel}","templated":true}]}}