{"id":10044,"date":"2020-09-28T21:04:03","date_gmt":"2020-11-25T09:53:07","guid":{"rendered":"https:\/\/www.folkland.lv\/?post_type=product&#038;p=10044"},"modified":"2021-03-21T21:20:19","modified_gmt":"2021-03-21T19:20:19","slug":"028-picnic-ummargune-laud-valge","status":"publish","type":"product","link":"https:\/\/www.folkland.lv\/et\/prece\/028-picnic-ummargune-laud-valge\/","title":{"rendered":"028 PICNIC \u00dcMMARGUNE LAUD VALGE"},"content":{"rendered":"<p><span style=\"color: #ff0000;\">T\u00e4helepanu<\/span> \u2013 aiam\u00f6\u00f6bel on valmistatud naturaalsest m\u00e4nnipuidust. Puit on looduslik materjal ja v\u00e4liste tegurite (p\u00e4ike, vihm, tuul, lumi) otsene m\u00f5ju v\u00f5ib p\u00f5hjustada selle kuju, v\u00e4rvi ja tekstuuri muutumise ning vaigu tekkimise. Puidust lauda ja toole tuleb hoida halva ilma eest vaatamata sellele, et m\u00f6\u00f6bel on t\u00f6\u00f6deldud mitme kihi kaitsevahendiga ja talub kerget vihma. Kui see pikaks ajaks L\u00e4ti ilma meelevalda j\u00e4tta, v\u00f5ib v\u00e4rv maha tulla ja seet\u00f5ttu tuleb puitm\u00f6\u00f6blit v\u00e4liste tegurite otsese m\u00f5ju eest kaitsta, kattes selle presendiga v\u00f5i t\u00f5stes varju alla.<\/p>\n<p>Hooldus \u2013 tootel on t\u00e4iendav puidukaitse ja erihooldust see ei vaja. Kasutamise k\u00e4igus tekkiva mustuse ja tolmu v\u00f5ib \u00e4ra p\u00fchkida niiske pehme lapiga. Kaitsvat laki- ja v\u00e4rvikihti on soovitav aastas korra aiahooaja l\u00f5ppedes uuendada.<\/p>\n<p>Hoiustamine \u2013 kui te komplekti pikka aega ei kasuta, v\u00f5ite selle kaitseks otsese p\u00e4ikesevalguse ja vee eest kattega katta. Kui v\u00f5imalik, oleks komplekti talvel soovitav hoida kuivas kohas. See pikendab selle t\u00f6\u00f6iga ja j\u00e4rgmisel hooajal n\u00e4eb teie m\u00f6\u00f6bel v\u00e4lja nagu uus.<\/p>\n<p>Laua m\u00f5\u00f5dud :<br \/>\nL\u00e4bim\u00f5\u00f5t \u2013 70 cm<br \/>\nK\u00f5rgus \u2013 72cm<br \/>\nKaal \u2013 9,0kg<br \/>\nTranspordim\u00f5\u00f5dud\u2013 89cm x 77cm x H8,5cm (laius x pikkus x k\u00f5rgus);<br \/>\nTranspordimaht\u2013 0,057m3;<br \/>\nTarnitakse kokkupandud kujul \/ ei vaja kokkupanekut<br \/>\nPakend PVC-kile, kartongkarp<br \/>\nKarbi gabariitm\u00f5\u00f5tmed (pikkus 90cm x laius 63cm x k\u00f5rgus 9cm)<\/p>\n<p>Tooli m\u00f5\u00f5dud:<br \/>\nLaius \u2013 36 cm<br \/>\nS\u00fcgavus \u2013 31 cm<br \/>\nK\u00f5rgus \u2013 72 cm<br \/>\nKaal \u2013 6,3kg<br \/>\nTranspordim\u00f5\u00f5dud\u2013 37cm x 104cm x H21cm (laius x pikkus x k\u00f5rgus);<br \/>\nTranspordimaht\u2013 0,081m3;<br \/>\nTarnitakse kokkupandud kujul (Pakend PVC-kile, kartongkarbis);<br \/>\nKomplekti transpordim\u00f5\u00f5dud\u2013 104cm x 89cm x H30cm (pikkus x laius x k\u00f5rgus);<br \/>\nKomplekti transpordimaht\u20130,138 m3\/ 13 kg<br \/>\nMaterjal \u2013 T\u00e4ispuidust m\u00e4nd<br \/>\nPuidu t\u00f6\u00f6tlemine \u2013\u00a0Vivacolor Villa Akva\u00a0(modifitseeritud, veep\u00f5hine mattv\u00e4rv puitpindadele v\u00e4listingimustes. V\u00e4rv moodustab mustust ja vett h\u00fclgava pinna. Villa Akva tagab p\u00fcsiva v\u00e4rvi ja l\u00e4ike. Puit j\u00e4tab siidise mattpinna mulje);<br \/>\nV\u00e4rvitoon \u2013 Valge;<\/p>\n","protected":false},"excerpt":{"rendered":"<p>Komplekt \u201cPicnic\u201d \u00fcmmarguse lauaga Valge<br \/>\n\u00dcmmargune lihtsalt kokkupandav laud + 2 kokkupandavat tooli seljatoega<br \/>\nPuhkep\u00e4evane tunne v\u00f5ib tungida teie s\u00fcdamesse olles isegi \u00f5uemurul. Hingake s\u00fcgavalt sisse ja tunnetage selle l\u00e4henemist isegi hoovist v\u00e4ljumata. Vahel on ainus, mida j\u00f5u taastamiseks vaja, m\u00f5ni tund v\u00f5i isegi ainult m\u00f5ni minut puhkust igap\u00e4evasest \u00fcksluisusest.<br \/>\nMaterjal \u2013 t\u00e4ispuidust m\u00e4nd \u2013\u00a0see on elus ja soe materjal, mis sobib suurep\u00e4raselt igasse aia nurka;<br \/>\nPeen skandinaavia stiil ja kvaliteet;<br \/>\nK\u00e4esolev komplekt on loodud Teie aja ja ruumi s\u00e4\u00e4stmiseks;<br \/>\nSobib ideaalselt terassile, r\u00f5dule, v\u00e4iksema maja hoovi;<br \/>\nT\u00e4nu kergekaalulisusele, seda saab kiiresti paigaldada ja kompaktselt kokku voltida;<br \/>\nLeiab kergesti koha auto pakiruumis, et teiega piknikule kaasa s\u00f5ita.<br \/>\nLaud \u2013 \u00fcmmargune, kokkupandav, ei v\u00f5ta palju ruumi;<br \/>\nM\u00f5eldud kasutamiseks kaubanduses, messidel, esitlustel, bankettidel, kalaretkedel, v\u00e4ljas\u00f5itudel loodusesse jne.<\/p>\n","protected":false},"featured_media":28201,"template":"","meta":{"_acf_changed":false},"product_cat":[288,290,537,304],"product_tag":[],"acf":[],"yoast_head":"<!-- This site is optimized with the Yoast SEO plugin v23.0 - https:\/\/yoast.com\/wordpress\/plugins\/seo\/ -->\n<title>028 PICNIC \u00dcMMARGUNE LAUD VALGE - Folkland<\/title>\n<meta name=\"robots\" content=\"index, follow, max-snippet:-1, max-image-preview:large, max-video-preview:-1\" \/>\n<link rel=\"canonical\" href=\"https:\/\/www.folkland.lv\/et\/prece\/028-picnic-ummargune-laud-valge\/\" \/>\n<meta property=\"og:locale\" content=\"et_EE\" \/>\n<meta property=\"og:type\" content=\"article\" \/>\n<meta property=\"og:title\" content=\"028 PICNIC \u00dcMMARGUNE LAUD VALGE - Folkland\" \/>\n<meta property=\"og:description\" content=\"Komplekt \u201cPicnic\u201d \u00fcmmarguse lauaga Valge \u00dcmmargune lihtsalt kokkupandav laud + 2 kokkupandavat tooli seljatoega Puhkep\u00e4evane tunne v\u00f5ib tungida teie s\u00fcdamesse olles isegi \u00f5uemurul. Hingake s\u00fcgavalt sisse ja tunnetage selle l\u00e4henemist isegi hoovist v\u00e4ljumata. Vahel on ainus, mida j\u00f5u taastamiseks vaja, m\u00f5ni tund v\u00f5i isegi ainult m\u00f5ni minut puhkust igap\u00e4evasest \u00fcksluisusest. Materjal \u2013 t\u00e4ispuidust m\u00e4nd \u2013\u00a0see on elus ja soe materjal, mis sobib suurep\u00e4raselt igasse aia nurka; Peen skandinaavia stiil ja kvaliteet; K\u00e4esolev komplekt on loodud Teie aja ja ruumi s\u00e4\u00e4stmiseks; Sobib ideaalselt terassile, r\u00f5dule, v\u00e4iksema maja hoovi; T\u00e4nu kergekaalulisusele, seda saab kiiresti paigaldada ja kompaktselt kokku voltida; Leiab kergesti koha auto pakiruumis, et teiega piknikule kaasa s\u00f5ita. Laud \u2013 \u00fcmmargune, kokkupandav, ei v\u00f5ta palju ruumi; M\u00f5eldud kasutamiseks kaubanduses, messidel, esitlustel, bankettidel, kalaretkedel, v\u00e4ljas\u00f5itudel loodusesse jne.\" \/>\n<meta property=\"og:url\" content=\"https:\/\/www.folkland.lv\/et\/prece\/028-picnic-ummargune-laud-valge\/\" \/>\n<meta property=\"og:site_name\" content=\"Folkland\" \/>\n<meta property=\"article:modified_time\" content=\"2021-03-21T19:20:19+00:00\" \/>\n<meta property=\"og:image\" content=\"https:\/\/www.folkland.lv\/wp-content\/uploads\/2018\/12\/v25-600x400_result.jpg\" \/>\n\t<meta property=\"og:image:width\" content=\"900\" \/>\n\t<meta property=\"og:image:height\" content=\"900\" \/>\n\t<meta property=\"og:image:type\" content=\"image\/jpeg\" \/>\n<meta name=\"twitter:card\" content=\"summary_large_image\" \/>\n<meta name=\"twitter:label1\" content=\"Est. reading time\" \/>\n\t<meta name=\"twitter:data1\" content=\"2 minutit\" \/>\n<script type=\"application\/ld+json\" class=\"yoast-schema-graph\">{\"@context\":\"https:\/\/schema.org\",\"@graph\":[{\"@type\":\"WebPage\",\"@id\":\"https:\/\/www.folkland.lv\/et\/prece\/028-picnic-ummargune-laud-valge\/\",\"url\":\"https:\/\/www.folkland.lv\/et\/prece\/028-picnic-ummargune-laud-valge\/\",\"name\":\"028 PICNIC \u00dcMMARGUNE LAUD VALGE - Folkland\",\"isPartOf\":{\"@id\":\"https:\/\/www.folkland.lv\/#website\"},\"primaryImageOfPage\":{\"@id\":\"https:\/\/www.folkland.lv\/et\/prece\/028-picnic-ummargune-laud-valge\/#primaryimage\"},\"image\":{\"@id\":\"https:\/\/www.folkland.lv\/et\/prece\/028-picnic-ummargune-laud-valge\/#primaryimage\"},\"thumbnailUrl\":\"https:\/\/www.folkland.lv\/wp-content\/uploads\/2018\/12\/v25-600x400_result.jpg\",\"datePublished\":\"2020-11-25T09:53:07+00:00\",\"dateModified\":\"2021-03-21T19:20:19+00:00\",\"breadcrumb\":{\"@id\":\"https:\/\/www.folkland.lv\/et\/prece\/028-picnic-ummargune-laud-valge\/#breadcrumb\"},\"inLanguage\":\"et\",\"potentialAction\":[{\"@type\":\"ReadAction\",\"target\":[\"https:\/\/www.folkland.lv\/et\/prece\/028-picnic-ummargune-laud-valge\/\"]}]},{\"@type\":\"ImageObject\",\"inLanguage\":\"et\",\"@id\":\"https:\/\/www.folkland.lv\/et\/prece\/028-picnic-ummargune-laud-valge\/#primaryimage\",\"url\":\"https:\/\/www.folkland.lv\/wp-content\/uploads\/2018\/12\/v25-600x400_result.jpg\",\"contentUrl\":\"https:\/\/www.folkland.lv\/wp-content\/uploads\/2018\/12\/v25-600x400_result.jpg\",\"width\":900,\"height\":900},{\"@type\":\"BreadcrumbList\",\"@id\":\"https:\/\/www.folkland.lv\/et\/prece\/028-picnic-ummargune-laud-valge\/#breadcrumb\",\"itemListElement\":[{\"@type\":\"ListItem\",\"position\":1,\"name\":\"Algus\",\"item\":\"https:\/\/www.folkland.lv\/et\/\"},{\"@type\":\"ListItem\",\"position\":2,\"name\":\"Pood\",\"item\":\"https:\/\/www.folkland.lv\/et\/pood\/\"},{\"@type\":\"ListItem\",\"position\":3,\"name\":\"028 PICNIC \u00dcMMARGUNE LAUD VALGE\"}]},{\"@type\":\"WebSite\",\"@id\":\"https:\/\/www.folkland.lv\/#website\",\"url\":\"https:\/\/www.folkland.lv\/\",\"name\":\"Folkland\",\"description\":\"\",\"potentialAction\":[{\"@type\":\"SearchAction\",\"target\":{\"@type\":\"EntryPoint\",\"urlTemplate\":\"https:\/\/www.folkland.lv\/?s={search_term_string}\"},\"query-input\":\"required name=search_term_string\"}],\"inLanguage\":\"et\"}]}<\/script>\n<!-- \/ Yoast SEO plugin. -->","yoast_head_json":{"title":"028 PICNIC \u00dcMMARGUNE LAUD VALGE - Folkland","robots":{"index":"index","follow":"follow","max-snippet":"max-snippet:-1","max-image-preview":"max-image-preview:large","max-video-preview":"max-video-preview:-1"},"canonical":"https:\/\/www.folkland.lv\/et\/prece\/028-picnic-ummargune-laud-valge\/","og_locale":"et_EE","og_type":"article","og_title":"028 PICNIC \u00dcMMARGUNE LAUD VALGE - Folkland","og_description":"Komplekt \u201cPicnic\u201d \u00fcmmarguse lauaga Valge \u00dcmmargune lihtsalt kokkupandav laud + 2 kokkupandavat tooli seljatoega Puhkep\u00e4evane tunne v\u00f5ib tungida teie s\u00fcdamesse olles isegi \u00f5uemurul. Hingake s\u00fcgavalt sisse ja tunnetage selle l\u00e4henemist isegi hoovist v\u00e4ljumata. Vahel on ainus, mida j\u00f5u taastamiseks vaja, m\u00f5ni tund v\u00f5i isegi ainult m\u00f5ni minut puhkust igap\u00e4evasest \u00fcksluisusest. Materjal \u2013 t\u00e4ispuidust m\u00e4nd \u2013\u00a0see on elus ja soe materjal, mis sobib suurep\u00e4raselt igasse aia nurka; Peen skandinaavia stiil ja kvaliteet; K\u00e4esolev komplekt on loodud Teie aja ja ruumi s\u00e4\u00e4stmiseks; Sobib ideaalselt terassile, r\u00f5dule, v\u00e4iksema maja hoovi; T\u00e4nu kergekaalulisusele, seda saab kiiresti paigaldada ja kompaktselt kokku voltida; Leiab kergesti koha auto pakiruumis, et teiega piknikule kaasa s\u00f5ita. Laud \u2013 \u00fcmmargune, kokkupandav, ei v\u00f5ta palju ruumi; M\u00f5eldud kasutamiseks kaubanduses, messidel, esitlustel, bankettidel, kalaretkedel, v\u00e4ljas\u00f5itudel loodusesse jne.","og_url":"https:\/\/www.folkland.lv\/et\/prece\/028-picnic-ummargune-laud-valge\/","og_site_name":"Folkland","article_modified_time":"2021-03-21T19:20:19+00:00","og_image":[{"width":900,"height":900,"url":"https:\/\/www.folkland.lv\/wp-content\/uploads\/2018\/12\/v25-600x400_result.jpg","type":"image\/jpeg"}],"twitter_card":"summary_large_image","twitter_misc":{"Est. reading time":"2 minutit"},"schema":{"@context":"https:\/\/schema.org","@graph":[{"@type":"WebPage","@id":"https:\/\/www.folkland.lv\/et\/prece\/028-picnic-ummargune-laud-valge\/","url":"https:\/\/www.folkland.lv\/et\/prece\/028-picnic-ummargune-laud-valge\/","name":"028 PICNIC \u00dcMMARGUNE LAUD VALGE - Folkland","isPartOf":{"@id":"https:\/\/www.folkland.lv\/#website"},"primaryImageOfPage":{"@id":"https:\/\/www.folkland.lv\/et\/prece\/028-picnic-ummargune-laud-valge\/#primaryimage"},"image":{"@id":"https:\/\/www.folkland.lv\/et\/prece\/028-picnic-ummargune-laud-valge\/#primaryimage"},"thumbnailUrl":"https:\/\/www.folkland.lv\/wp-content\/uploads\/2018\/12\/v25-600x400_result.jpg","datePublished":"2020-11-25T09:53:07+00:00","dateModified":"2021-03-21T19:20:19+00:00","breadcrumb":{"@id":"https:\/\/www.folkland.lv\/et\/prece\/028-picnic-ummargune-laud-valge\/#breadcrumb"},"inLanguage":"et","potentialAction":[{"@type":"ReadAction","target":["https:\/\/www.folkland.lv\/et\/prece\/028-picnic-ummargune-laud-valge\/"]}]},{"@type":"ImageObject","inLanguage":"et","@id":"https:\/\/www.folkland.lv\/et\/prece\/028-picnic-ummargune-laud-valge\/#primaryimage","url":"https:\/\/www.folkland.lv\/wp-content\/uploads\/2018\/12\/v25-600x400_result.jpg","contentUrl":"https:\/\/www.folkland.lv\/wp-content\/uploads\/2018\/12\/v25-600x400_result.jpg","width":900,"height":900},{"@type":"BreadcrumbList","@id":"https:\/\/www.folkland.lv\/et\/prece\/028-picnic-ummargune-laud-valge\/#breadcrumb","itemListElement":[{"@type":"ListItem","position":1,"name":"Algus","item":"https:\/\/www.folkland.lv\/et\/"},{"@type":"ListItem","position":2,"name":"Pood","item":"https:\/\/www.folkland.lv\/et\/pood\/"},{"@type":"ListItem","position":3,"name":"028 PICNIC \u00dcMMARGUNE LAUD VALGE"}]},{"@type":"WebSite","@id":"https:\/\/www.folkland.lv\/#website","url":"https:\/\/www.folkland.lv\/","name":"Folkland","description":"","potentialAction":[{"@type":"SearchAction","target":{"@type":"EntryPoint","urlTemplate":"https:\/\/www.folkland.lv\/?s={search_term_string}"},"query-input":"required name=search_term_string"}],"inLanguage":"et"}]}},"_links":{"self":[{"href":"https:\/\/www.folkland.lv\/et\/wp-json\/wp\/v2\/product\/10044"}],"collection":[{"href":"https:\/\/www.folkland.lv\/et\/wp-json\/wp\/v2\/product"}],"about":[{"href":"https:\/\/www.folkland.lv\/et\/wp-json\/wp\/v2\/types\/product"}],"version-history":[{"count":0,"href":"https:\/\/www.folkland.lv\/et\/wp-json\/wp\/v2\/product\/10044\/revisions"}],"wp:featuredmedia":[{"embeddable":true,"href":"https:\/\/www.folkland.lv\/et\/wp-json\/wp\/v2\/media\/28201"}],"wp:attachment":[{"href":"https:\/\/www.folkland.lv\/et\/wp-json\/wp\/v2\/media?parent=10044"}],"wp:term":[{"taxonomy":"product_cat","embeddable":true,"href":"https:\/\/www.folkland.lv\/et\/wp-json\/wp\/v2\/product_cat?post=10044"},{"taxonomy":"product_tag","embeddable":true,"href":"https:\/\/www.folkland.lv\/et\/wp-json\/wp\/v2\/product_tag?post=10044"}],"curies":[{"name":"wp","href":"https:\/\/api.w.org\/{rel}","templated":true}]}}