{"id":33117,"date":"2021-12-30T14:01:34","date_gmt":"2021-12-30T12:01:34","guid":{"rendered":"https:\/\/www.folkland.lv\/meist\/"},"modified":"2021-12-30T14:01:34","modified_gmt":"2021-12-30T12:01:34","slug":"meist","status":"publish","type":"page","link":"https:\/\/www.folkland.lv\/et\/meist\/","title":{"rendered":"Meist"},"content":{"rendered":"<p>Folkland Home on pereettev\u00f5te, mis toodab aia-, terrassi- ja lastem\u00f6\u00f6blit. Meie tooted on kombinatsioon kaasaegse m\u00f6\u00f6bli tootmise uusimatest disaini- ja tehnoloogilistest trendidest. P\u00fc\u00fcame pidevalt parandada mugavust ja funktsionaalsust, et luua t\u00e4iuslikke tooteid, hingega loodud m\u00f6\u00f6blit. Ettev\u00f5te on enam kui 30 aasta jooksul kasvanud v\u00e4ikesest puut\u00f6\u00f6kojast \u00e4ratuntavaks kaubam\u00e4rgiks L\u00e4tis ja Baltikumis, aga ka Skandinaavias T\u00e4naseks on FOLKLAND HOME kaasaegne k\u00f5rgetele Euroopa standarditele vastav ettev\u00f5te, mis pakub laia valikut. Viimastel aastatel on meie kliendid suurendanud n\u00f5udlust sisem\u00f6\u00f6bli j\u00e4rele, mist\u00f5ttu pakume sisem\u00f6\u00f6blit oma partneritelt Euroopas.<\/p>\n<p>Folkland Home &#8211; pakub Sulle m\u00f6\u00f6blit, mis n\u00e4eb v\u00e4lja kaasaegne ja stiilne, kuid samas on ajatu klassika ja elegantsi h\u00f5ngu, mis Sind meeldivalt \u00fcllatab.<\/p>\n<p>See muudab teie viibimise veelgi mugavamaks.<\/p>\n<p>Kutsume teid ostlema!<\/p>\n","protected":false},"excerpt":{"rendered":"<p>Folkland Home on pereettev\u00f5te, mis toodab aia-, terrassi- ja lastem\u00f6\u00f6blit. Meie tooted on kombinatsioon kaasaegse m\u00f6\u00f6bli tootmise uusimatest disaini- ja<\/p>\n","protected":false},"author":1,"featured_media":0,"parent":0,"menu_order":0,"comment_status":"closed","ping_status":"closed","template":"","meta":{"_acf_changed":false,"footnotes":""},"acf":[],"yoast_head":"<!-- This site is optimized with the Yoast SEO plugin v23.0 - https:\/\/yoast.com\/wordpress\/plugins\/seo\/ -->\n<title>Meist - Folkland<\/title>\n<meta name=\"robots\" content=\"index, follow, max-snippet:-1, max-image-preview:large, max-video-preview:-1\" \/>\n<link rel=\"canonical\" href=\"https:\/\/www.folkland.lv\/meist\/\" \/>\n<meta property=\"og:locale\" content=\"et_EE\" \/>\n<meta property=\"og:type\" content=\"article\" \/>\n<meta property=\"og:title\" content=\"Meist - Folkland\" \/>\n<meta property=\"og:description\" content=\"Folkland Home on pereettev\u00f5te, mis toodab aia-, terrassi- ja lastem\u00f6\u00f6blit. Meie tooted on kombinatsioon kaasaegse m\u00f6\u00f6bli tootmise uusimatest disaini- ja\" \/>\n<meta property=\"og:url\" content=\"https:\/\/www.folkland.lv\/meist\/\" \/>\n<meta property=\"og:site_name\" content=\"Folkland\" \/>\n<meta name=\"twitter:card\" content=\"summary_large_image\" \/>\n<meta name=\"twitter:label1\" content=\"Est. reading time\" \/>\n\t<meta name=\"twitter:data1\" content=\"1 minut\" \/>\n<script type=\"application\/ld+json\" class=\"yoast-schema-graph\">{\"@context\":\"https:\/\/schema.org\",\"@graph\":[{\"@type\":\"WebPage\",\"@id\":\"https:\/\/www.folkland.lv\/meist\/\",\"url\":\"https:\/\/www.folkland.lv\/meist\/\",\"name\":\"Meist - Folkland\",\"isPartOf\":{\"@id\":\"https:\/\/www.folkland.lv\/#website\"},\"datePublished\":\"2021-12-30T12:01:34+00:00\",\"dateModified\":\"2021-12-30T12:01:34+00:00\",\"breadcrumb\":{\"@id\":\"https:\/\/www.folkland.lv\/meist\/#breadcrumb\"},\"inLanguage\":\"et\",\"potentialAction\":[{\"@type\":\"ReadAction\",\"target\":[\"https:\/\/www.folkland.lv\/meist\/\"]}]},{\"@type\":\"BreadcrumbList\",\"@id\":\"https:\/\/www.folkland.lv\/meist\/#breadcrumb\",\"itemListElement\":[{\"@type\":\"ListItem\",\"position\":1,\"name\":\"Algus\",\"item\":\"https:\/\/www.folkland.lv\/et\/\"},{\"@type\":\"ListItem\",\"position\":2,\"name\":\"Meist\"}]},{\"@type\":\"WebSite\",\"@id\":\"https:\/\/www.folkland.lv\/#website\",\"url\":\"https:\/\/www.folkland.lv\/\",\"name\":\"Folkland\",\"description\":\"\",\"potentialAction\":[{\"@type\":\"SearchAction\",\"target\":{\"@type\":\"EntryPoint\",\"urlTemplate\":\"https:\/\/www.folkland.lv\/?s={search_term_string}\"},\"query-input\":\"required name=search_term_string\"}],\"inLanguage\":\"et\"}]}<\/script>\n<!-- \/ Yoast SEO plugin. -->","yoast_head_json":{"title":"Meist - Folkland","robots":{"index":"index","follow":"follow","max-snippet":"max-snippet:-1","max-image-preview":"max-image-preview:large","max-video-preview":"max-video-preview:-1"},"canonical":"https:\/\/www.folkland.lv\/meist\/","og_locale":"et_EE","og_type":"article","og_title":"Meist - Folkland","og_description":"Folkland Home on pereettev\u00f5te, mis toodab aia-, terrassi- ja lastem\u00f6\u00f6blit. Meie tooted on kombinatsioon kaasaegse m\u00f6\u00f6bli tootmise uusimatest disaini- ja","og_url":"https:\/\/www.folkland.lv\/meist\/","og_site_name":"Folkland","twitter_card":"summary_large_image","twitter_misc":{"Est. reading time":"1 minut"},"schema":{"@context":"https:\/\/schema.org","@graph":[{"@type":"WebPage","@id":"https:\/\/www.folkland.lv\/meist\/","url":"https:\/\/www.folkland.lv\/meist\/","name":"Meist - Folkland","isPartOf":{"@id":"https:\/\/www.folkland.lv\/#website"},"datePublished":"2021-12-30T12:01:34+00:00","dateModified":"2021-12-30T12:01:34+00:00","breadcrumb":{"@id":"https:\/\/www.folkland.lv\/meist\/#breadcrumb"},"inLanguage":"et","potentialAction":[{"@type":"ReadAction","target":["https:\/\/www.folkland.lv\/meist\/"]}]},{"@type":"BreadcrumbList","@id":"https:\/\/www.folkland.lv\/meist\/#breadcrumb","itemListElement":[{"@type":"ListItem","position":1,"name":"Algus","item":"https:\/\/www.folkland.lv\/et\/"},{"@type":"ListItem","position":2,"name":"Meist"}]},{"@type":"WebSite","@id":"https:\/\/www.folkland.lv\/#website","url":"https:\/\/www.folkland.lv\/","name":"Folkland","description":"","potentialAction":[{"@type":"SearchAction","target":{"@type":"EntryPoint","urlTemplate":"https:\/\/www.folkland.lv\/?s={search_term_string}"},"query-input":"required name=search_term_string"}],"inLanguage":"et"}]}},"_links":{"self":[{"href":"https:\/\/www.folkland.lv\/et\/wp-json\/wp\/v2\/pages\/33117"}],"collection":[{"href":"https:\/\/www.folkland.lv\/et\/wp-json\/wp\/v2\/pages"}],"about":[{"href":"https:\/\/www.folkland.lv\/et\/wp-json\/wp\/v2\/types\/page"}],"author":[{"embeddable":true,"href":"https:\/\/www.folkland.lv\/et\/wp-json\/wp\/v2\/users\/1"}],"replies":[{"embeddable":true,"href":"https:\/\/www.folkland.lv\/et\/wp-json\/wp\/v2\/comments?post=33117"}],"version-history":[{"count":0,"href":"https:\/\/www.folkland.lv\/et\/wp-json\/wp\/v2\/pages\/33117\/revisions"}],"wp:attachment":[{"href":"https:\/\/www.folkland.lv\/et\/wp-json\/wp\/v2\/media?parent=33117"}],"curies":[{"name":"wp","href":"https:\/\/api.w.org\/{rel}","templated":true}]}}