{"id":10365,"date":"2021-03-01T12:13:29","date_gmt":"2021-03-01T10:13:29","guid":{"rendered":"https:\/\/www.folkland.lv\/reeglid\/"},"modified":"2021-12-30T14:05:10","modified_gmt":"2021-12-30T12:05:10","slug":"maarused","status":"publish","type":"page","link":"https:\/\/www.folkland.lv\/et\/maarused\/","title":{"rendered":"M\u00e4\u00e4rused"},"content":{"rendered":"<p>L\u00e4ti Vabariigi seadused s\u00e4testavad, et veebipoe omanik peab poe veebilehel \u00e4ra tooma kauba kohaletoimetamise ja tagastamise tingimused ning lepingust taganemise reeglid. Seda klauslit nimetatakse kauglepinguks (LV ministrite kabineti m\u00e4\u00e4rus).<\/p>\n<h3>Kaugleping<\/h3>\n<p>M\u00fc\u00fcja, kes selles veebipoes kaupu m\u00fc\u00fcb, edaspidi nimetatud m\u00fc\u00fcja ja tellimuse esitanud isik, edaspidi ostja s\u00f5lmivad j\u00e4rgmise kokkuleppe: m\u00fc\u00fcja kohustub kauba ostjale m\u00fc\u00fcma ja selle temani toimetama koosk\u00f5las tellimusega.<\/p>\n<h3>Tarnimine ja tasumine<\/h3>\n<p>Ostja, kes selle veebilehe kaudu tooteid tellib, m\u00e4rgib tellimusse tellitud toodete t\u00fc\u00fcbi ja koguse. Ostja saab kauba eest maksta, kasutades interneti makserakendusi v\u00f5i tasub m\u00fc\u00fcjale tema koostatud ja e-kirjaga saadetud arve alusel. Arve koostatakse elektrooniliselt ja see kehtib ilma allkirjata.<\/p>\n<p>M\u00fc\u00fcja toimetab kauba ostjale 20 p\u00e4eva jooksul alates makse laekumise hetkest. K\u00e4ttetoimetamise kuup\u00e4ev ja kellaaeg koosk\u00f5lastatakse ostjaga.<\/p>\n<h3>Lepingust taganemine<\/h3>\n<p>Ostjal on \u00f5igus t\u00fchistada tellimus 14 kalendrip\u00e4eva jooksul alates kauba k\u00e4ttesaamise hetkest. Selleks peab ta m\u00fc\u00fcjale saatma vastavasisulise kirja. Kui ostja seda soovib, saadab m\u00fc\u00fcja talle e-kirjaga tellimuse t\u00fchistamise ehk tagasil\u00fckkamiskirja vormi.<\/p>\n<p>Ostja on kohustatud tagastama kauba m\u00fc\u00fcjale 7 p\u00e4eva jooksul p\u00e4rast tagasil\u00fckkamiskirja saatmist. Kauba tagastamisel katab k\u00f5ik kauba tagastamisega seotud kulud ostja.<\/p>\n<p>&nbsp;<\/p>\n<p>Ostja ei saa tellimusest taganemise \u00f5igust kasutada, kui:<\/p>\n<ul>\n<li>tellitud kaubad ei kuulu tagastamisele nende kiire riknevuse t\u00f5ttu v\u00f5i saab neid kiiresti kasutada;<\/li>\n<li>tellitud tooted on valmistatud tellija individuaaltellimusel;<\/li>\n<li>ostja on audio- v\u00f5i videosalvesti v\u00f5i tarkvara pakendi avanud.<\/li>\n<\/ul>\n<p>&nbsp;<\/p>\n<p>L\u00e4ti Vabariigi tarbijakaitseseaduse \u00a7 12 osa 6 s\u00e4testab, et \u00abtarbija vastutab toote kvaliteedi ja ohutu s\u00e4ilimise eest keeldumise \u00f5iguse kehtivuse ajal\u00bb. M\u00fc\u00fcjal on \u00f5igus keelduda ostjalt toodet tagasi v\u00f5tmast, kui see on vigastatud, seda on kasutatud hooletult v\u00f5i kasutusjuhendit eirates v\u00f5i kui toote originaalpakend pole s\u00e4ilinud v\u00f5i on oluliselt kahjustatud.<\/p>\n<p>&nbsp;<\/p>\n<h3>Andmete t\u00f6\u00f6tlemine<\/h3>\n<p>Tellimuse vormistamiseks vajaliku teabe sisestamisega kinnitab ostja, et on tutvunud ja n\u00f5ustub, et m\u00fc\u00fcja kasutab tema esitatud andmeid tellimuse vastuv\u00f5tmiseks ja kauba kohaletoimetamiseks koosk\u00f5las L\u00e4ti Vabariigi \u00f5igusaktide n\u00f5uetega. Teabe sisestamisel n\u00f5ustub ostja, et tema tellimuse t\u00f6\u00f6tlemisega seotud teated saadetakse m\u00e4\u00e4ratud e-posti aadressile.<\/p>\n","protected":false},"excerpt":{"rendered":"<p>L\u00e4ti Vabariigi seadused s\u00e4testavad, et veebipoe omanik peab poe veebilehel \u00e4ra tooma kauba kohaletoimetamise ja tagastamise tingimused ning lepingust taganemise<\/p>\n","protected":false},"author":1,"featured_media":0,"parent":0,"menu_order":0,"comment_status":"closed","ping_status":"closed","template":"","meta":{"_acf_changed":false,"footnotes":""},"acf":[],"yoast_head":"<!-- This site is optimized with the Yoast SEO plugin v23.0 - https:\/\/yoast.com\/wordpress\/plugins\/seo\/ -->\n<title>M\u00e4\u00e4rused - Folkland<\/title>\n<meta name=\"robots\" content=\"index, follow, max-snippet:-1, max-image-preview:large, max-video-preview:-1\" \/>\n<link rel=\"canonical\" href=\"https:\/\/www.folkland.lv\/et\/maarused\/\" \/>\n<meta property=\"og:locale\" content=\"et_EE\" \/>\n<meta property=\"og:type\" content=\"article\" \/>\n<meta property=\"og:title\" content=\"M\u00e4\u00e4rused - Folkland\" \/>\n<meta property=\"og:description\" content=\"L\u00e4ti Vabariigi seadused s\u00e4testavad, et veebipoe omanik peab poe veebilehel \u00e4ra tooma kauba kohaletoimetamise ja tagastamise tingimused ning lepingust taganemise\" \/>\n<meta property=\"og:url\" content=\"https:\/\/www.folkland.lv\/et\/maarused\/\" \/>\n<meta property=\"og:site_name\" content=\"Folkland\" \/>\n<meta property=\"article:modified_time\" content=\"2021-12-30T12:05:10+00:00\" \/>\n<meta name=\"twitter:card\" content=\"summary_large_image\" \/>\n<meta name=\"twitter:label1\" content=\"Est. reading time\" \/>\n\t<meta name=\"twitter:data1\" content=\"2 minutit\" \/>\n<script type=\"application\/ld+json\" class=\"yoast-schema-graph\">{\"@context\":\"https:\/\/schema.org\",\"@graph\":[{\"@type\":\"WebPage\",\"@id\":\"https:\/\/www.folkland.lv\/et\/maarused\/\",\"url\":\"https:\/\/www.folkland.lv\/et\/maarused\/\",\"name\":\"M\u00e4\u00e4rused - Folkland\",\"isPartOf\":{\"@id\":\"https:\/\/www.folkland.lv\/#website\"},\"datePublished\":\"2021-03-01T10:13:29+00:00\",\"dateModified\":\"2021-12-30T12:05:10+00:00\",\"breadcrumb\":{\"@id\":\"https:\/\/www.folkland.lv\/et\/maarused\/#breadcrumb\"},\"inLanguage\":\"et\",\"potentialAction\":[{\"@type\":\"ReadAction\",\"target\":[\"https:\/\/www.folkland.lv\/et\/maarused\/\"]}]},{\"@type\":\"BreadcrumbList\",\"@id\":\"https:\/\/www.folkland.lv\/et\/maarused\/#breadcrumb\",\"itemListElement\":[{\"@type\":\"ListItem\",\"position\":1,\"name\":\"Algus\",\"item\":\"https:\/\/www.folkland.lv\/et\/\"},{\"@type\":\"ListItem\",\"position\":2,\"name\":\"M\u00e4\u00e4rused\"}]},{\"@type\":\"WebSite\",\"@id\":\"https:\/\/www.folkland.lv\/#website\",\"url\":\"https:\/\/www.folkland.lv\/\",\"name\":\"Folkland\",\"description\":\"\",\"potentialAction\":[{\"@type\":\"SearchAction\",\"target\":{\"@type\":\"EntryPoint\",\"urlTemplate\":\"https:\/\/www.folkland.lv\/?s={search_term_string}\"},\"query-input\":\"required name=search_term_string\"}],\"inLanguage\":\"et\"}]}<\/script>\n<!-- \/ Yoast SEO plugin. -->","yoast_head_json":{"title":"M\u00e4\u00e4rused - Folkland","robots":{"index":"index","follow":"follow","max-snippet":"max-snippet:-1","max-image-preview":"max-image-preview:large","max-video-preview":"max-video-preview:-1"},"canonical":"https:\/\/www.folkland.lv\/et\/maarused\/","og_locale":"et_EE","og_type":"article","og_title":"M\u00e4\u00e4rused - Folkland","og_description":"L\u00e4ti Vabariigi seadused s\u00e4testavad, et veebipoe omanik peab poe veebilehel \u00e4ra tooma kauba kohaletoimetamise ja tagastamise tingimused ning lepingust taganemise","og_url":"https:\/\/www.folkland.lv\/et\/maarused\/","og_site_name":"Folkland","article_modified_time":"2021-12-30T12:05:10+00:00","twitter_card":"summary_large_image","twitter_misc":{"Est. reading time":"2 minutit"},"schema":{"@context":"https:\/\/schema.org","@graph":[{"@type":"WebPage","@id":"https:\/\/www.folkland.lv\/et\/maarused\/","url":"https:\/\/www.folkland.lv\/et\/maarused\/","name":"M\u00e4\u00e4rused - Folkland","isPartOf":{"@id":"https:\/\/www.folkland.lv\/#website"},"datePublished":"2021-03-01T10:13:29+00:00","dateModified":"2021-12-30T12:05:10+00:00","breadcrumb":{"@id":"https:\/\/www.folkland.lv\/et\/maarused\/#breadcrumb"},"inLanguage":"et","potentialAction":[{"@type":"ReadAction","target":["https:\/\/www.folkland.lv\/et\/maarused\/"]}]},{"@type":"BreadcrumbList","@id":"https:\/\/www.folkland.lv\/et\/maarused\/#breadcrumb","itemListElement":[{"@type":"ListItem","position":1,"name":"Algus","item":"https:\/\/www.folkland.lv\/et\/"},{"@type":"ListItem","position":2,"name":"M\u00e4\u00e4rused"}]},{"@type":"WebSite","@id":"https:\/\/www.folkland.lv\/#website","url":"https:\/\/www.folkland.lv\/","name":"Folkland","description":"","potentialAction":[{"@type":"SearchAction","target":{"@type":"EntryPoint","urlTemplate":"https:\/\/www.folkland.lv\/?s={search_term_string}"},"query-input":"required name=search_term_string"}],"inLanguage":"et"}]}},"_links":{"self":[{"href":"https:\/\/www.folkland.lv\/et\/wp-json\/wp\/v2\/pages\/10365"}],"collection":[{"href":"https:\/\/www.folkland.lv\/et\/wp-json\/wp\/v2\/pages"}],"about":[{"href":"https:\/\/www.folkland.lv\/et\/wp-json\/wp\/v2\/types\/page"}],"author":[{"embeddable":true,"href":"https:\/\/www.folkland.lv\/et\/wp-json\/wp\/v2\/users\/1"}],"replies":[{"embeddable":true,"href":"https:\/\/www.folkland.lv\/et\/wp-json\/wp\/v2\/comments?post=10365"}],"version-history":[{"count":1,"href":"https:\/\/www.folkland.lv\/et\/wp-json\/wp\/v2\/pages\/10365\/revisions"}],"predecessor-version":[{"id":10808,"href":"https:\/\/www.folkland.lv\/et\/wp-json\/wp\/v2\/pages\/10365\/revisions\/10808"}],"wp:attachment":[{"href":"https:\/\/www.folkland.lv\/et\/wp-json\/wp\/v2\/media?parent=10365"}],"curies":[{"name":"wp","href":"https:\/\/api.w.org\/{rel}","templated":true}]}}