{"id":10364,"date":"2021-03-01T12:10:11","date_gmt":"2021-03-01T10:10:11","guid":{"rendered":"https:\/\/www.folkland.lv\/kohaletoimetamine\/"},"modified":"2021-12-30T14:02:23","modified_gmt":"2021-12-30T12:02:23","slug":"kohaletoimetamine","status":"publish","type":"page","link":"https:\/\/www.folkland.lv\/et\/kohaletoimetamine\/","title":{"rendered":"Kohaletoimetamine"},"content":{"rendered":"<ol>\n<li><strong>Kauba k\u00e4ttesaamine meie tehasest \u2013\u00a0 Indr\u0101nu t\u00e4nav 4, Valka linn, Valka kihelkond, LV-4701.<\/strong><\/li>\n<\/ol>\n<ul>\n<li>Tasuta v\u00e4ljastamine \u2013 1 p\u00e4eva jooksul (kui kaup on laos olemas).<\/li>\n<li>Teid teavitatakse Teie toote broneeringu kohta. Valitud toode broneeritakse k\u00e4ttesaamisega meie tehasest tellimuse numbri p\u00f5hjal ning t\u00e4htajaks\u2013 5 t\u00f6\u00f6p\u00e4eva, mille jooksul palume sellele j\u00e4rele tulla.<\/li>\n<li>K\u00e4esolev tarneviis on mugav, et saaksite broneerida valitud toote endale sobival ajal.<\/li>\n<\/ul>\n<ol start=\"2\">\n<li><strong> Kauba k\u00e4ttesaamine meie esindaja juurest Riias \u2013\u00a0 Ulbrokas t\u00e4nav 12\/K2, Riia.<\/strong><\/li>\n<\/ol>\n<ul>\n<li>Tasuta v\u00e4ljastamine igal n\u00e4dalavahetusel (RIIAS);<\/li>\n<li>Teiega v\u00f5tab \u00fchendust meie esindaja, et koosk\u00f5lastada p\u00e4ev ja kellaaeg kauba k\u00e4ttesaamiseks;<\/li>\n<li>Meie esindaja asub Riias:<\/li>\n<li>Neljap\u00e4ev 17:00 \u2013 20:00<\/li>\n<li>Reede 10:00 \u2013 18:00<\/li>\n<li>Eelneval kokkuleppel tuleb Teil kohale tulla m\u00e4\u00e4ratud aadressile ning oma tellimus vastu v\u00f5tta;<\/li>\n<\/ul>\n<ol start=\"3\">\n<li><strong> K\u00e4ttetoimetamine aadressile Balti riikides.<\/strong><\/li>\n<\/ol>\n<ul>\n<li>Tarne maksumus:\u00a0 Alates 6,50EUR kuni 50,00 EUR;<\/li>\n<li>Tarneaeg:\u00a0 1-3 t\u00f6\u00f6p\u00e4eva (kui Teie valitud toode on saadaval);<\/li>\n<li>Tarne koht: Kohaletoimetamine on tagatud tellimuses esitatud aadressile \u00fcle kogu L\u00e4ti\u2013 mistahes linnas, k\u00fclas v\u00f5i maakodus;<\/li>\n<li>T\u00e4pse k\u00e4ttetoimetamisaja koosk\u00f5lastamiseks v\u00f5tab kuller Teiega \u00fchendust.<\/li>\n<\/ul>\n<p>T\u00c4HELEPANU \u2013 tarne teenust osutame ainult maja v\u00f5i trepikoja ukseni, tuppa vedu teostab klient ise.<\/p>\n","protected":false},"excerpt":{"rendered":"<p>Kauba k\u00e4ttesaamine meie tehasest \u2013\u00a0 Indr\u0101nu t\u00e4nav 4, Valka linn, Valka kihelkond, LV-4701. Tasuta v\u00e4ljastamine \u2013 1 p\u00e4eva jooksul (kui<\/p>\n","protected":false},"author":1,"featured_media":0,"parent":0,"menu_order":0,"comment_status":"closed","ping_status":"closed","template":"","meta":{"_acf_changed":false,"footnotes":""},"acf":[],"yoast_head":"<!-- This site is optimized with the Yoast SEO plugin v23.0 - https:\/\/yoast.com\/wordpress\/plugins\/seo\/ -->\n<title>Kohaletoimetamine - Folkland<\/title>\n<meta name=\"robots\" content=\"index, follow, max-snippet:-1, max-image-preview:large, max-video-preview:-1\" \/>\n<link rel=\"canonical\" href=\"https:\/\/www.folkland.lv\/et\/kohaletoimetamine\/\" \/>\n<meta property=\"og:locale\" content=\"et_EE\" \/>\n<meta property=\"og:type\" content=\"article\" \/>\n<meta property=\"og:title\" content=\"Kohaletoimetamine - Folkland\" \/>\n<meta property=\"og:description\" content=\"Kauba k\u00e4ttesaamine meie tehasest \u2013\u00a0 Indr\u0101nu t\u00e4nav 4, Valka linn, Valka kihelkond, LV-4701. Tasuta v\u00e4ljastamine \u2013 1 p\u00e4eva jooksul (kui\" \/>\n<meta property=\"og:url\" content=\"https:\/\/www.folkland.lv\/et\/kohaletoimetamine\/\" \/>\n<meta property=\"og:site_name\" content=\"Folkland\" \/>\n<meta property=\"article:modified_time\" content=\"2021-12-30T12:02:23+00:00\" \/>\n<meta name=\"twitter:card\" content=\"summary_large_image\" \/>\n<meta name=\"twitter:label1\" content=\"Est. reading time\" \/>\n\t<meta name=\"twitter:data1\" content=\"1 minut\" \/>\n<script type=\"application\/ld+json\" class=\"yoast-schema-graph\">{\"@context\":\"https:\/\/schema.org\",\"@graph\":[{\"@type\":\"WebPage\",\"@id\":\"https:\/\/www.folkland.lv\/et\/kohaletoimetamine\/\",\"url\":\"https:\/\/www.folkland.lv\/et\/kohaletoimetamine\/\",\"name\":\"Kohaletoimetamine - Folkland\",\"isPartOf\":{\"@id\":\"https:\/\/www.folkland.lv\/#website\"},\"datePublished\":\"2021-03-01T10:10:11+00:00\",\"dateModified\":\"2021-12-30T12:02:23+00:00\",\"breadcrumb\":{\"@id\":\"https:\/\/www.folkland.lv\/et\/kohaletoimetamine\/#breadcrumb\"},\"inLanguage\":\"et\",\"potentialAction\":[{\"@type\":\"ReadAction\",\"target\":[\"https:\/\/www.folkland.lv\/et\/kohaletoimetamine\/\"]}]},{\"@type\":\"BreadcrumbList\",\"@id\":\"https:\/\/www.folkland.lv\/et\/kohaletoimetamine\/#breadcrumb\",\"itemListElement\":[{\"@type\":\"ListItem\",\"position\":1,\"name\":\"Algus\",\"item\":\"https:\/\/www.folkland.lv\/et\/\"},{\"@type\":\"ListItem\",\"position\":2,\"name\":\"Kohaletoimetamine\"}]},{\"@type\":\"WebSite\",\"@id\":\"https:\/\/www.folkland.lv\/#website\",\"url\":\"https:\/\/www.folkland.lv\/\",\"name\":\"Folkland\",\"description\":\"\",\"potentialAction\":[{\"@type\":\"SearchAction\",\"target\":{\"@type\":\"EntryPoint\",\"urlTemplate\":\"https:\/\/www.folkland.lv\/?s={search_term_string}\"},\"query-input\":\"required name=search_term_string\"}],\"inLanguage\":\"et\"}]}<\/script>\n<!-- \/ Yoast SEO plugin. -->","yoast_head_json":{"title":"Kohaletoimetamine - Folkland","robots":{"index":"index","follow":"follow","max-snippet":"max-snippet:-1","max-image-preview":"max-image-preview:large","max-video-preview":"max-video-preview:-1"},"canonical":"https:\/\/www.folkland.lv\/et\/kohaletoimetamine\/","og_locale":"et_EE","og_type":"article","og_title":"Kohaletoimetamine - Folkland","og_description":"Kauba k\u00e4ttesaamine meie tehasest \u2013\u00a0 Indr\u0101nu t\u00e4nav 4, Valka linn, Valka kihelkond, LV-4701. Tasuta v\u00e4ljastamine \u2013 1 p\u00e4eva jooksul (kui","og_url":"https:\/\/www.folkland.lv\/et\/kohaletoimetamine\/","og_site_name":"Folkland","article_modified_time":"2021-12-30T12:02:23+00:00","twitter_card":"summary_large_image","twitter_misc":{"Est. reading time":"1 minut"},"schema":{"@context":"https:\/\/schema.org","@graph":[{"@type":"WebPage","@id":"https:\/\/www.folkland.lv\/et\/kohaletoimetamine\/","url":"https:\/\/www.folkland.lv\/et\/kohaletoimetamine\/","name":"Kohaletoimetamine - Folkland","isPartOf":{"@id":"https:\/\/www.folkland.lv\/#website"},"datePublished":"2021-03-01T10:10:11+00:00","dateModified":"2021-12-30T12:02:23+00:00","breadcrumb":{"@id":"https:\/\/www.folkland.lv\/et\/kohaletoimetamine\/#breadcrumb"},"inLanguage":"et","potentialAction":[{"@type":"ReadAction","target":["https:\/\/www.folkland.lv\/et\/kohaletoimetamine\/"]}]},{"@type":"BreadcrumbList","@id":"https:\/\/www.folkland.lv\/et\/kohaletoimetamine\/#breadcrumb","itemListElement":[{"@type":"ListItem","position":1,"name":"Algus","item":"https:\/\/www.folkland.lv\/et\/"},{"@type":"ListItem","position":2,"name":"Kohaletoimetamine"}]},{"@type":"WebSite","@id":"https:\/\/www.folkland.lv\/#website","url":"https:\/\/www.folkland.lv\/","name":"Folkland","description":"","potentialAction":[{"@type":"SearchAction","target":{"@type":"EntryPoint","urlTemplate":"https:\/\/www.folkland.lv\/?s={search_term_string}"},"query-input":"required name=search_term_string"}],"inLanguage":"et"}]}},"_links":{"self":[{"href":"https:\/\/www.folkland.lv\/et\/wp-json\/wp\/v2\/pages\/10364"}],"collection":[{"href":"https:\/\/www.folkland.lv\/et\/wp-json\/wp\/v2\/pages"}],"about":[{"href":"https:\/\/www.folkland.lv\/et\/wp-json\/wp\/v2\/types\/page"}],"author":[{"embeddable":true,"href":"https:\/\/www.folkland.lv\/et\/wp-json\/wp\/v2\/users\/1"}],"replies":[{"embeddable":true,"href":"https:\/\/www.folkland.lv\/et\/wp-json\/wp\/v2\/comments?post=10364"}],"version-history":[{"count":1,"href":"https:\/\/www.folkland.lv\/et\/wp-json\/wp\/v2\/pages\/10364\/revisions"}],"predecessor-version":[{"id":33118,"href":"https:\/\/www.folkland.lv\/et\/wp-json\/wp\/v2\/pages\/10364\/revisions\/33118"}],"wp:attachment":[{"href":"https:\/\/www.folkland.lv\/et\/wp-json\/wp\/v2\/media?parent=10364"}],"curies":[{"name":"wp","href":"https:\/\/api.w.org\/{rel}","templated":true}]}}