{"id":9005,"date":"2019-11-14T09:36:25","date_gmt":"2020-10-02T15:47:16","guid":{"rendered":"https:\/\/www.folkland.lv\/?post_type=product&#038;p=9005"},"modified":"2020-10-02T18:47:16","modified_gmt":"2020-10-02T15:47:16","slug":"046-garden-terrace-childrens-swing-for-one-child-brown-yellow","status":"publish","type":"product","link":"https:\/\/www.folkland.lv\/en\/prece\/046-garden-terrace-childrens-swing-for-one-child-brown-yellow\/","title":{"rendered":"046 Garden\/Terrace children\u2019s swing for one child Brown\/Yellow"},"content":{"rendered":"<p><strong>Description<\/strong><\/p>\n<p><strong>Attention <\/strong>\u2013 Furniture is made out of natural pine wood, wood is a natural material which under the direct influence of external factors (sun, rain, wind, snow) can cause changes in shape, colour and structure, resin and micro cracks may also appear.<\/p>\n<p><strong>Care<\/strong> \u2013 This product has additional wood protection, no special care is required. You can clean the dirt and dust that was generated during operation with water and cloth. It is recommended to renew the protective paint layer once a year at the end of the garden season.<\/p>\n<p><strong>Storage<\/strong> \u2013 If the furniture is not used for a long time, it can be covered with a cover to hide it from direct sunlight, possible water and wind damage. In winter, the furniture preferably should be stored in a dry place, it will prolong its service life and in the new season it will look like brand new.<\/p>\n<p><strong>Product description:<\/strong><\/p>\n<ul>\n<li>Swing 97cm x 123cm x 153cm (width x length x height);<\/li>\n<li>Height-adjustable seat (width 30cm x deep 30cm x back height 34cm)<\/li>\n<li>Delivered disassembled;<\/li>\n<li>Included \u2013 schematic assembly instructions and fittings;<\/li>\n<li>Packaging \u2013 cardboard box;<\/li>\n<li>Product weight \u2013 15 kg;<\/li>\n<\/ul>\n<p><strong>Material<\/strong> \u2013 Pine \/ Spruce;<\/p>\n<p><strong>Wood treatment<\/strong> \u2013 Vivacolor Villa Akva (modified, matt water-based paint for wooden surfaces for outdoor use. The paint forms a dirt and water-repellent surface. Villa Akva provides excellent tone and gloss resistance).<\/p>\n<p><strong>Colour<\/strong> \u2013 Brown\/Yellow;<\/p>\n","protected":false},"excerpt":{"rendered":"<p><strong>Key facts:<\/strong><\/p>\n<ul>\n<li>Wood is an aesthetic, natural and durable material, it does not heat up in the sun, as it does with plastic or metal elements;<\/li>\n<li>This model has armrests and back support for more comfortable sitting;<\/li>\n<li>Additional wood protection has been implemented;<\/li>\n<li>The swing is made of solid pine wood, very light and easy to carry.<\/li>\n<li>Designed for children from 2-7 years.<\/li>\n<\/ul>\n","protected":false},"featured_media":6879,"template":"","meta":{"_acf_changed":false},"product_cat":[258],"product_tag":[],"acf":[],"yoast_head":"<!-- This site is optimized with the Yoast SEO plugin v23.0 - https:\/\/yoast.com\/wordpress\/plugins\/seo\/ -->\n<title>046 Garden\/Terrace children\u2019s swing for one child Brown\/Yellow - Folkland<\/title>\n<meta name=\"robots\" content=\"index, follow, max-snippet:-1, max-image-preview:large, max-video-preview:-1\" \/>\n<link rel=\"canonical\" href=\"https:\/\/www.folkland.lv\/en\/prece\/046-garden-terrace-childrens-swing-for-one-child-brown-yellow\/\" \/>\n<meta property=\"og:locale\" content=\"en_US\" \/>\n<meta property=\"og:type\" content=\"article\" \/>\n<meta property=\"og:title\" content=\"046 Garden\/Terrace children\u2019s swing for one child Brown\/Yellow - Folkland\" \/>\n<meta property=\"og:description\" content=\"Key facts:   Wood is an aesthetic, natural and durable material, it does not heat up in the sun, as it does with plastic or metal elements;  This model has armrests and back support for more comfortable sitting;  Additional wood protection has been implemented;  The swing is made of solid pine wood, very light and easy to carry.  Designed for children from 2-7 years.\" \/>\n<meta property=\"og:url\" content=\"https:\/\/www.folkland.lv\/en\/prece\/046-garden-terrace-childrens-swing-for-one-child-brown-yellow\/\" \/>\n<meta property=\"og:site_name\" content=\"Folkland\" \/>\n<meta property=\"og:image\" content=\"https:\/\/www.folkland.lv\/wp-content\/uploads\/2019\/11\/IMG_0650c.jpg\" \/>\n\t<meta property=\"og:image:width\" content=\"1100\" \/>\n\t<meta property=\"og:image:height\" content=\"1100\" \/>\n\t<meta property=\"og:image:type\" content=\"image\/jpeg\" \/>\n<meta name=\"twitter:card\" content=\"summary_large_image\" \/>\n<meta name=\"twitter:label1\" content=\"Est. reading time\" \/>\n\t<meta name=\"twitter:data1\" content=\"1 minute\" \/>\n<script type=\"application\/ld+json\" class=\"yoast-schema-graph\">{\"@context\":\"https:\/\/schema.org\",\"@graph\":[{\"@type\":\"WebPage\",\"@id\":\"https:\/\/www.folkland.lv\/en\/prece\/046-garden-terrace-childrens-swing-for-one-child-brown-yellow\/\",\"url\":\"https:\/\/www.folkland.lv\/en\/prece\/046-garden-terrace-childrens-swing-for-one-child-brown-yellow\/\",\"name\":\"046 Garden\/Terrace children\u2019s swing for one child Brown\/Yellow - Folkland\",\"isPartOf\":{\"@id\":\"https:\/\/www.folkland.lv\/#website\"},\"primaryImageOfPage\":{\"@id\":\"https:\/\/www.folkland.lv\/en\/prece\/046-garden-terrace-childrens-swing-for-one-child-brown-yellow\/#primaryimage\"},\"image\":{\"@id\":\"https:\/\/www.folkland.lv\/en\/prece\/046-garden-terrace-childrens-swing-for-one-child-brown-yellow\/#primaryimage\"},\"thumbnailUrl\":\"https:\/\/www.folkland.lv\/wp-content\/uploads\/2019\/11\/IMG_0650c.jpg\",\"datePublished\":\"2020-10-02T15:47:16+00:00\",\"dateModified\":\"2020-10-02T15:47:16+00:00\",\"breadcrumb\":{\"@id\":\"https:\/\/www.folkland.lv\/en\/prece\/046-garden-terrace-childrens-swing-for-one-child-brown-yellow\/#breadcrumb\"},\"inLanguage\":\"en-US\",\"potentialAction\":[{\"@type\":\"ReadAction\",\"target\":[\"https:\/\/www.folkland.lv\/en\/prece\/046-garden-terrace-childrens-swing-for-one-child-brown-yellow\/\"]}]},{\"@type\":\"ImageObject\",\"inLanguage\":\"en-US\",\"@id\":\"https:\/\/www.folkland.lv\/en\/prece\/046-garden-terrace-childrens-swing-for-one-child-brown-yellow\/#primaryimage\",\"url\":\"https:\/\/www.folkland.lv\/wp-content\/uploads\/2019\/11\/IMG_0650c.jpg\",\"contentUrl\":\"https:\/\/www.folkland.lv\/wp-content\/uploads\/2019\/11\/IMG_0650c.jpg\",\"width\":1100,\"height\":1100,\"caption\":\"B\u0113rnu \u0161\u016bpoles\"},{\"@type\":\"BreadcrumbList\",\"@id\":\"https:\/\/www.folkland.lv\/en\/prece\/046-garden-terrace-childrens-swing-for-one-child-brown-yellow\/#breadcrumb\",\"itemListElement\":[{\"@type\":\"ListItem\",\"position\":1,\"name\":\"Home\",\"item\":\"https:\/\/www.folkland.lv\/en\/\"},{\"@type\":\"ListItem\",\"position\":2,\"name\":\"Shop\",\"item\":\"https:\/\/www.folkland.lv\/en\/shop\/\"},{\"@type\":\"ListItem\",\"position\":3,\"name\":\"046 Garden\/Terrace children\u2019s swing for one child Brown\/Yellow\"}]},{\"@type\":\"WebSite\",\"@id\":\"https:\/\/www.folkland.lv\/#website\",\"url\":\"https:\/\/www.folkland.lv\/\",\"name\":\"Folkland\",\"description\":\"\",\"potentialAction\":[{\"@type\":\"SearchAction\",\"target\":{\"@type\":\"EntryPoint\",\"urlTemplate\":\"https:\/\/www.folkland.lv\/?s={search_term_string}\"},\"query-input\":\"required name=search_term_string\"}],\"inLanguage\":\"en-US\"}]}<\/script>\n<!-- \/ Yoast SEO plugin. -->","yoast_head_json":{"title":"046 Garden\/Terrace children\u2019s swing for one child Brown\/Yellow - Folkland","robots":{"index":"index","follow":"follow","max-snippet":"max-snippet:-1","max-image-preview":"max-image-preview:large","max-video-preview":"max-video-preview:-1"},"canonical":"https:\/\/www.folkland.lv\/en\/prece\/046-garden-terrace-childrens-swing-for-one-child-brown-yellow\/","og_locale":"en_US","og_type":"article","og_title":"046 Garden\/Terrace children\u2019s swing for one child Brown\/Yellow - Folkland","og_description":"Key facts:   Wood is an aesthetic, natural and durable material, it does not heat up in the sun, as it does with plastic or metal elements;  This model has armrests and back support for more comfortable sitting;  Additional wood protection has been implemented;  The swing is made of solid pine wood, very light and easy to carry.  Designed for children from 2-7 years.","og_url":"https:\/\/www.folkland.lv\/en\/prece\/046-garden-terrace-childrens-swing-for-one-child-brown-yellow\/","og_site_name":"Folkland","og_image":[{"width":1100,"height":1100,"url":"https:\/\/www.folkland.lv\/wp-content\/uploads\/2019\/11\/IMG_0650c.jpg","type":"image\/jpeg"}],"twitter_card":"summary_large_image","twitter_misc":{"Est. reading time":"1 minute"},"schema":{"@context":"https:\/\/schema.org","@graph":[{"@type":"WebPage","@id":"https:\/\/www.folkland.lv\/en\/prece\/046-garden-terrace-childrens-swing-for-one-child-brown-yellow\/","url":"https:\/\/www.folkland.lv\/en\/prece\/046-garden-terrace-childrens-swing-for-one-child-brown-yellow\/","name":"046 Garden\/Terrace children\u2019s swing for one child Brown\/Yellow - Folkland","isPartOf":{"@id":"https:\/\/www.folkland.lv\/#website"},"primaryImageOfPage":{"@id":"https:\/\/www.folkland.lv\/en\/prece\/046-garden-terrace-childrens-swing-for-one-child-brown-yellow\/#primaryimage"},"image":{"@id":"https:\/\/www.folkland.lv\/en\/prece\/046-garden-terrace-childrens-swing-for-one-child-brown-yellow\/#primaryimage"},"thumbnailUrl":"https:\/\/www.folkland.lv\/wp-content\/uploads\/2019\/11\/IMG_0650c.jpg","datePublished":"2020-10-02T15:47:16+00:00","dateModified":"2020-10-02T15:47:16+00:00","breadcrumb":{"@id":"https:\/\/www.folkland.lv\/en\/prece\/046-garden-terrace-childrens-swing-for-one-child-brown-yellow\/#breadcrumb"},"inLanguage":"en-US","potentialAction":[{"@type":"ReadAction","target":["https:\/\/www.folkland.lv\/en\/prece\/046-garden-terrace-childrens-swing-for-one-child-brown-yellow\/"]}]},{"@type":"ImageObject","inLanguage":"en-US","@id":"https:\/\/www.folkland.lv\/en\/prece\/046-garden-terrace-childrens-swing-for-one-child-brown-yellow\/#primaryimage","url":"https:\/\/www.folkland.lv\/wp-content\/uploads\/2019\/11\/IMG_0650c.jpg","contentUrl":"https:\/\/www.folkland.lv\/wp-content\/uploads\/2019\/11\/IMG_0650c.jpg","width":1100,"height":1100,"caption":"B\u0113rnu \u0161\u016bpoles"},{"@type":"BreadcrumbList","@id":"https:\/\/www.folkland.lv\/en\/prece\/046-garden-terrace-childrens-swing-for-one-child-brown-yellow\/#breadcrumb","itemListElement":[{"@type":"ListItem","position":1,"name":"Home","item":"https:\/\/www.folkland.lv\/en\/"},{"@type":"ListItem","position":2,"name":"Shop","item":"https:\/\/www.folkland.lv\/en\/shop\/"},{"@type":"ListItem","position":3,"name":"046 Garden\/Terrace children\u2019s swing for one child Brown\/Yellow"}]},{"@type":"WebSite","@id":"https:\/\/www.folkland.lv\/#website","url":"https:\/\/www.folkland.lv\/","name":"Folkland","description":"","potentialAction":[{"@type":"SearchAction","target":{"@type":"EntryPoint","urlTemplate":"https:\/\/www.folkland.lv\/?s={search_term_string}"},"query-input":"required name=search_term_string"}],"inLanguage":"en-US"}]}},"_links":{"self":[{"href":"https:\/\/www.folkland.lv\/en\/wp-json\/wp\/v2\/product\/9005"}],"collection":[{"href":"https:\/\/www.folkland.lv\/en\/wp-json\/wp\/v2\/product"}],"about":[{"href":"https:\/\/www.folkland.lv\/en\/wp-json\/wp\/v2\/types\/product"}],"version-history":[{"count":0,"href":"https:\/\/www.folkland.lv\/en\/wp-json\/wp\/v2\/product\/9005\/revisions"}],"wp:featuredmedia":[{"embeddable":true,"href":"https:\/\/www.folkland.lv\/en\/wp-json\/wp\/v2\/media\/6879"}],"wp:attachment":[{"href":"https:\/\/www.folkland.lv\/en\/wp-json\/wp\/v2\/media?parent=9005"}],"wp:term":[{"taxonomy":"product_cat","embeddable":true,"href":"https:\/\/www.folkland.lv\/en\/wp-json\/wp\/v2\/product_cat?post=9005"},{"taxonomy":"product_tag","embeddable":true,"href":"https:\/\/www.folkland.lv\/en\/wp-json\/wp\/v2\/product_tag?post=9005"}],"curies":[{"name":"wp","href":"https:\/\/api.w.org\/{rel}","templated":true}]}}