{"id":40233,"date":"2023-12-07T10:10:10","date_gmt":"2023-12-07T08:10:11","guid":{"rendered":"https:\/\/www.folkland.lv\/?post_type=product&#038;p=40233"},"modified":"2023-12-07T10:18:40","modified_gmt":"2023-12-07T08:18:40","slug":"406-childrens-bunk-bed-90-x-190-x-h204cm-white-natural","status":"publish","type":"product","link":"https:\/\/www.folkland.lv\/en\/prece\/406-childrens-bunk-bed-90-x-190-x-h204cm-white-natural\/","title":{"rendered":"406 Children&#8217;s bunk bed 90 x 190 x H204cm White\/Natural"},"content":{"rendered":"<h3>Bed dimensions:<\/h3>\n<ul style=\"list-style-type: circle;\">\n<li>Width &#8211; 90cm;<\/li>\n<li>Length &#8211; 190cm;<\/li>\n<li>Height to the roof &#8211; 204cm;<\/li>\n<li>Height to mattress &#8211; 20cm;<\/li>\n<li>Height between floors &#8211; 91cm;<\/li>\n<li>Stair width &#8211; 48cm;<\/li>\n<li>Boarding width 1st floor &#8211; 54cm;<\/li>\n<li>Boarding width 2nd floor &#8211; 39cm;<\/li>\n<li>Mattress support slats are included;<\/li>\n<li>Hardware and assembly instructions are included;<\/li>\n<li>The bed structure is equipped with special gaskets that exclude the possibility of wood &#8220;creaking&#8221;;<\/li>\n<li>This product requires assembly;<\/li>\n<li>Delivered disassembled (Packaging, cardboard box, PVC film)<\/li>\n<li>Package size: 1) 210cm x 90cm x 9cm 2) 180cm x 50cm x 22cm;<\/li>\n<li>Stable and safe construction;<\/li>\n<li>The bed drawer is equipped with wheels;<\/li>\n<li>Drawer boxes are made of solid pine;<\/li>\n<li>Material &#8211; Pine massif;<\/li>\n<li>Processing &#8211; ECO Color Green line Furniture (Specially designed for children&#8217;s lines) Shades &#8211; White\/natural;<\/li>\n<li>Production and delivery 1-2 weeks if not available in stock;<\/li>\n<\/ul>\n<p><strong>Mattresses:<\/strong><br \/>\nWhen choosing a mattress -&gt; you can choose here;<\/p>\n<p><strong>Bed clothes:<\/strong><br \/>\nBed linen specially designed for our Houses can be viewed here -&gt; you can choose here<\/p>\n","protected":false},"excerpt":{"rendered":"<h3>Children&#8217;s bunk bed with laundry box.<\/h3>\n<ul style=\"list-style-type: circle;\">\n<li>The main advantage of bunk beds is rational and economical filling of space, they are not only beautiful and comfortable furniture, but also very practical;<\/li>\n<li>Bunk beds are a multifunctional element of a children&#8217;s room;<\/li>\n<li>It is ideal for sleeping and relaxing, and frees up more space for games and entertainment.<\/li>\n<li>&#8220;Bed house&#8221; made in Latvia is an excellent solution for a modern children&#8217;s room;<\/li>\n<li>It is a new decoration concept for children&#8217;s bedrooms;<\/li>\n<li>Thanks to its attractive and light design, the bed will look great in any interior;<\/li>\n<li>The children&#8217;s bed has a stable and safe construction.<\/li>\n<\/ul>\n","protected":false},"featured_media":40366,"template":"","meta":{"_acf_changed":false},"product_cat":[200],"product_tag":[],"acf":[],"yoast_head":"<!-- This site is optimized with the Yoast SEO plugin v23.0 - https:\/\/yoast.com\/wordpress\/plugins\/seo\/ -->\n<title>406 Children&#039;s bunk bed 90 x 190 x H204cm White\/Natural - Folkland<\/title>\n<meta name=\"description\" content=\"The main advantage of bunk beds is rational and economical filling of space, they are not only beautiful and comfortable furniture, but also very practical;\" \/>\n<meta name=\"robots\" content=\"index, follow, max-snippet:-1, max-image-preview:large, max-video-preview:-1\" \/>\n<link rel=\"canonical\" href=\"https:\/\/www.folkland.lv\/en\/prece\/406-childrens-bunk-bed-90-x-190-x-h204cm-white-natural\/\" \/>\n<meta property=\"og:locale\" content=\"en_US\" \/>\n<meta property=\"og:type\" content=\"article\" \/>\n<meta property=\"og:title\" content=\"406 Children&#039;s bunk bed 90 x 190 x H204cm White\/Natural - Folkland\" \/>\n<meta property=\"og:description\" content=\"The main advantage of bunk beds is rational and economical filling of space, they are not only beautiful and comfortable furniture, but also very practical;\" \/>\n<meta property=\"og:url\" content=\"https:\/\/www.folkland.lv\/en\/prece\/406-childrens-bunk-bed-90-x-190-x-h204cm-white-natural\/\" \/>\n<meta property=\"og:site_name\" content=\"Folkland\" \/>\n<meta property=\"article:modified_time\" content=\"2023-12-07T08:18:40+00:00\" \/>\n<meta property=\"og:image\" content=\"https:\/\/www.folkland.lv\/wp-content\/uploads\/2023\/12\/Divstavu_namingulta_Balts_Lakots_4.jpg\" \/>\n\t<meta property=\"og:image:width\" content=\"1100\" \/>\n\t<meta property=\"og:image:height\" content=\"1650\" \/>\n\t<meta property=\"og:image:type\" content=\"image\/jpeg\" \/>\n<meta name=\"twitter:card\" content=\"summary_large_image\" \/>\n<meta name=\"twitter:label1\" content=\"Est. reading time\" \/>\n\t<meta name=\"twitter:data1\" content=\"1 minute\" \/>\n<script type=\"application\/ld+json\" class=\"yoast-schema-graph\">{\"@context\":\"https:\/\/schema.org\",\"@graph\":[{\"@type\":\"WebPage\",\"@id\":\"https:\/\/www.folkland.lv\/en\/prece\/406-childrens-bunk-bed-90-x-190-x-h204cm-white-natural\/\",\"url\":\"https:\/\/www.folkland.lv\/en\/prece\/406-childrens-bunk-bed-90-x-190-x-h204cm-white-natural\/\",\"name\":\"406 Children's bunk bed 90 x 190 x H204cm White\/Natural - Folkland\",\"isPartOf\":{\"@id\":\"https:\/\/www.folkland.lv\/#website\"},\"primaryImageOfPage\":{\"@id\":\"https:\/\/www.folkland.lv\/en\/prece\/406-childrens-bunk-bed-90-x-190-x-h204cm-white-natural\/#primaryimage\"},\"image\":{\"@id\":\"https:\/\/www.folkland.lv\/en\/prece\/406-childrens-bunk-bed-90-x-190-x-h204cm-white-natural\/#primaryimage\"},\"thumbnailUrl\":\"https:\/\/www.folkland.lv\/wp-content\/uploads\/2023\/12\/Divstavu_namingulta_Balts_Lakots_Title.jpg\",\"datePublished\":\"2023-12-07T08:10:11+00:00\",\"dateModified\":\"2023-12-07T08:18:40+00:00\",\"description\":\"The main advantage of bunk beds is rational and economical filling of space, they are not only beautiful and comfortable furniture, but also very practical;\",\"breadcrumb\":{\"@id\":\"https:\/\/www.folkland.lv\/en\/prece\/406-childrens-bunk-bed-90-x-190-x-h204cm-white-natural\/#breadcrumb\"},\"inLanguage\":\"en-US\",\"potentialAction\":[{\"@type\":\"ReadAction\",\"target\":[\"https:\/\/www.folkland.lv\/en\/prece\/406-childrens-bunk-bed-90-x-190-x-h204cm-white-natural\/\"]}]},{\"@type\":\"ImageObject\",\"inLanguage\":\"en-US\",\"@id\":\"https:\/\/www.folkland.lv\/en\/prece\/406-childrens-bunk-bed-90-x-190-x-h204cm-white-natural\/#primaryimage\",\"url\":\"https:\/\/www.folkland.lv\/wp-content\/uploads\/2023\/12\/Divstavu_namingulta_Balts_Lakots_Title.jpg\",\"contentUrl\":\"https:\/\/www.folkland.lv\/wp-content\/uploads\/2023\/12\/Divstavu_namingulta_Balts_Lakots_Title.jpg\",\"width\":1650,\"height\":1100,\"caption\":\"B\u0113rnu nami\u0146gulta divst\u0101vu\"},{\"@type\":\"BreadcrumbList\",\"@id\":\"https:\/\/www.folkland.lv\/en\/prece\/406-childrens-bunk-bed-90-x-190-x-h204cm-white-natural\/#breadcrumb\",\"itemListElement\":[{\"@type\":\"ListItem\",\"position\":1,\"name\":\"Home\",\"item\":\"https:\/\/www.folkland.lv\/en\/\"},{\"@type\":\"ListItem\",\"position\":2,\"name\":\"Shop\",\"item\":\"https:\/\/www.folkland.lv\/en\/shop\/\"},{\"@type\":\"ListItem\",\"position\":3,\"name\":\"406 Children&#8217;s bunk bed 90 x 190 x H204cm White\/Natural\"}]},{\"@type\":\"WebSite\",\"@id\":\"https:\/\/www.folkland.lv\/#website\",\"url\":\"https:\/\/www.folkland.lv\/\",\"name\":\"Folkland\",\"description\":\"\",\"potentialAction\":[{\"@type\":\"SearchAction\",\"target\":{\"@type\":\"EntryPoint\",\"urlTemplate\":\"https:\/\/www.folkland.lv\/?s={search_term_string}\"},\"query-input\":\"required name=search_term_string\"}],\"inLanguage\":\"en-US\"}]}<\/script>\n<!-- \/ Yoast SEO plugin. -->","yoast_head_json":{"title":"406 Children's bunk bed 90 x 190 x H204cm White\/Natural - Folkland","description":"The main advantage of bunk beds is rational and economical filling of space, they are not only beautiful and comfortable furniture, but also very practical;","robots":{"index":"index","follow":"follow","max-snippet":"max-snippet:-1","max-image-preview":"max-image-preview:large","max-video-preview":"max-video-preview:-1"},"canonical":"https:\/\/www.folkland.lv\/en\/prece\/406-childrens-bunk-bed-90-x-190-x-h204cm-white-natural\/","og_locale":"en_US","og_type":"article","og_title":"406 Children's bunk bed 90 x 190 x H204cm White\/Natural - Folkland","og_description":"The main advantage of bunk beds is rational and economical filling of space, they are not only beautiful and comfortable furniture, but also very practical;","og_url":"https:\/\/www.folkland.lv\/en\/prece\/406-childrens-bunk-bed-90-x-190-x-h204cm-white-natural\/","og_site_name":"Folkland","article_modified_time":"2023-12-07T08:18:40+00:00","og_image":[{"width":1100,"height":1650,"url":"https:\/\/www.folkland.lv\/wp-content\/uploads\/2023\/12\/Divstavu_namingulta_Balts_Lakots_4.jpg","type":"image\/jpeg"}],"twitter_card":"summary_large_image","twitter_misc":{"Est. reading time":"1 minute"},"schema":{"@context":"https:\/\/schema.org","@graph":[{"@type":"WebPage","@id":"https:\/\/www.folkland.lv\/en\/prece\/406-childrens-bunk-bed-90-x-190-x-h204cm-white-natural\/","url":"https:\/\/www.folkland.lv\/en\/prece\/406-childrens-bunk-bed-90-x-190-x-h204cm-white-natural\/","name":"406 Children's bunk bed 90 x 190 x H204cm White\/Natural - Folkland","isPartOf":{"@id":"https:\/\/www.folkland.lv\/#website"},"primaryImageOfPage":{"@id":"https:\/\/www.folkland.lv\/en\/prece\/406-childrens-bunk-bed-90-x-190-x-h204cm-white-natural\/#primaryimage"},"image":{"@id":"https:\/\/www.folkland.lv\/en\/prece\/406-childrens-bunk-bed-90-x-190-x-h204cm-white-natural\/#primaryimage"},"thumbnailUrl":"https:\/\/www.folkland.lv\/wp-content\/uploads\/2023\/12\/Divstavu_namingulta_Balts_Lakots_Title.jpg","datePublished":"2023-12-07T08:10:11+00:00","dateModified":"2023-12-07T08:18:40+00:00","description":"The main advantage of bunk beds is rational and economical filling of space, they are not only beautiful and comfortable furniture, but also very practical;","breadcrumb":{"@id":"https:\/\/www.folkland.lv\/en\/prece\/406-childrens-bunk-bed-90-x-190-x-h204cm-white-natural\/#breadcrumb"},"inLanguage":"en-US","potentialAction":[{"@type":"ReadAction","target":["https:\/\/www.folkland.lv\/en\/prece\/406-childrens-bunk-bed-90-x-190-x-h204cm-white-natural\/"]}]},{"@type":"ImageObject","inLanguage":"en-US","@id":"https:\/\/www.folkland.lv\/en\/prece\/406-childrens-bunk-bed-90-x-190-x-h204cm-white-natural\/#primaryimage","url":"https:\/\/www.folkland.lv\/wp-content\/uploads\/2023\/12\/Divstavu_namingulta_Balts_Lakots_Title.jpg","contentUrl":"https:\/\/www.folkland.lv\/wp-content\/uploads\/2023\/12\/Divstavu_namingulta_Balts_Lakots_Title.jpg","width":1650,"height":1100,"caption":"B\u0113rnu nami\u0146gulta divst\u0101vu"},{"@type":"BreadcrumbList","@id":"https:\/\/www.folkland.lv\/en\/prece\/406-childrens-bunk-bed-90-x-190-x-h204cm-white-natural\/#breadcrumb","itemListElement":[{"@type":"ListItem","position":1,"name":"Home","item":"https:\/\/www.folkland.lv\/en\/"},{"@type":"ListItem","position":2,"name":"Shop","item":"https:\/\/www.folkland.lv\/en\/shop\/"},{"@type":"ListItem","position":3,"name":"406 Children&#8217;s bunk bed 90 x 190 x H204cm White\/Natural"}]},{"@type":"WebSite","@id":"https:\/\/www.folkland.lv\/#website","url":"https:\/\/www.folkland.lv\/","name":"Folkland","description":"","potentialAction":[{"@type":"SearchAction","target":{"@type":"EntryPoint","urlTemplate":"https:\/\/www.folkland.lv\/?s={search_term_string}"},"query-input":"required name=search_term_string"}],"inLanguage":"en-US"}]}},"_links":{"self":[{"href":"https:\/\/www.folkland.lv\/en\/wp-json\/wp\/v2\/product\/40233"}],"collection":[{"href":"https:\/\/www.folkland.lv\/en\/wp-json\/wp\/v2\/product"}],"about":[{"href":"https:\/\/www.folkland.lv\/en\/wp-json\/wp\/v2\/types\/product"}],"version-history":[{"count":1,"href":"https:\/\/www.folkland.lv\/en\/wp-json\/wp\/v2\/product\/40233\/revisions"}],"predecessor-version":[{"id":40294,"href":"https:\/\/www.folkland.lv\/en\/wp-json\/wp\/v2\/product\/40233\/revisions\/40294"}],"wp:featuredmedia":[{"embeddable":true,"href":"https:\/\/www.folkland.lv\/en\/wp-json\/wp\/v2\/media\/40366"}],"wp:attachment":[{"href":"https:\/\/www.folkland.lv\/en\/wp-json\/wp\/v2\/media?parent=40233"}],"wp:term":[{"taxonomy":"product_cat","embeddable":true,"href":"https:\/\/www.folkland.lv\/en\/wp-json\/wp\/v2\/product_cat?post=40233"},{"taxonomy":"product_tag","embeddable":true,"href":"https:\/\/www.folkland.lv\/en\/wp-json\/wp\/v2\/product_tag?post=40233"}],"curies":[{"name":"wp","href":"https:\/\/api.w.org\/{rel}","templated":true}]}}