{"id":36001,"date":"2023-07-07T09:41:43","date_gmt":"2023-07-07T06:41:44","guid":{"rendered":"https:\/\/www.folkland.lv\/?post_type=product&#038;p=36001"},"modified":"2023-07-11T11:03:17","modified_gmt":"2023-07-11T08:03:17","slug":"single-wooden-bed-lacquered-copy","status":"publish","type":"product","link":"https:\/\/www.folkland.lv\/en\/prece\/single-wooden-bed-lacquered-copy\/","title":{"rendered":"Wooden single bed dark grey"},"content":{"rendered":"<p><strong>Tips for choosing a bed:<\/strong><\/p>\n<p>You need to choose your bed carefully, as the quality of your sleep depends on it;<br \/>\n100&#215;200 cm single beds are considered standard. However, the first thing to consider when choosing the size is your height or the height of your partner, with a margin of at least 10-15 centimetres.<br \/>\nThe classic shapes of beds are rectangular and square. They will fit easily into the interior and it is easy to find a mattress for them. There are also oval, round, curved and other shapes. But in this case you will have to deal with a range of problems related to room functionality, non-standard mattresses and bespoke bed linen;<br \/>\nA bed without a backrest is worth looking at if it is going to be very close to a wall. Then it is useful to finish the wall with a soft and practical material, but this requires extra effort;<br \/>\nIt is much easier to place a bed with a backrest, which creates physical and psychological feelings of comfort and protection. In addition, many people like to read a book or watch TV in bed, which implies a semi-sitting position. In this case, a high, continuous backrest is best suited.<\/p>\n<pre id=\"tw-target-text\" class=\"tw-data-text tw-text-large tw-ta\" dir=\"ltr\" data-placeholder=\"Translation\"><span class=\"Y2IQFc\" lang=\"en\" style=\"font-family: georgia, palatino, serif;\"><strong>\r\nSpecification:<\/strong>\r\n\r\nWidth - 80cm - 120cm;\r\nLength - 200cm;\r\nHeight - 21cm (up to the mattress);\r\nBackrest height - 82cm;\r\nMaterial - pine array;\r\nProcessing - Viva color aqua;\r\nMattress support slats are included;\r\nHardware and assembly instructions are included;\r\nThis product requires assembly;\r\nDelivered disassembled (Packaging, cardboard box, PVC film)\r\nProduction and delivery 1-2 weeks;\r\n\r\nThe price does not include - Mattress, bed linen, as well as other accessories.<\/span><\/pre>\n","protected":false},"excerpt":{"rendered":"<pre id=\"tw-target-text\" class=\"tw-data-text tw-text-large tw-ta\" dir=\"ltr\" data-placeholder=\"Translation\"><span class=\"Y2IQFc\" lang=\"en\" style=\"font-family: georgia, palatino, serif;\">Single wooden bed made of solid pine.\r\n\r\nSolid pine wood bed made in Latvia, from Latvian pine.\r\n\r\nThe design of the bed is very light and simple, therefore, it will fit well in the classic interior, as well as in country and holiday homes, camping sites.<\/span><\/pre>\n","protected":false},"featured_media":36025,"template":"","meta":{"_acf_changed":false},"product_cat":[452,199,209,214],"product_tag":[],"acf":[],"yoast_head":"<!-- This site is optimized with the Yoast SEO plugin v23.0 - https:\/\/yoast.com\/wordpress\/plugins\/seo\/ -->\n<title>Wooden single bed dark grey - Folkland<\/title>\n<meta name=\"robots\" content=\"index, follow, max-snippet:-1, max-image-preview:large, max-video-preview:-1\" \/>\n<link rel=\"canonical\" href=\"https:\/\/www.folkland.lv\/en\/prece\/single-wooden-bed-lacquered-copy\/\" \/>\n<meta property=\"og:locale\" content=\"en_US\" \/>\n<meta property=\"og:type\" content=\"article\" \/>\n<meta property=\"og:title\" content=\"Wooden single bed dark grey - Folkland\" \/>\n<meta property=\"og:description\" content=\"Single wooden bed made of solid pine.  Solid pine wood bed made in Latvia, from Latvian pine.  The design of the bed is very light and simple, therefore, it will fit well in the classic interior, as well as in country and holiday homes, camping sites.\" \/>\n<meta property=\"og:url\" content=\"https:\/\/www.folkland.lv\/en\/prece\/single-wooden-bed-lacquered-copy\/\" \/>\n<meta property=\"og:site_name\" content=\"Folkland\" \/>\n<meta property=\"article:modified_time\" content=\"2023-07-11T08:03:17+00:00\" \/>\n<meta property=\"og:image\" content=\"https:\/\/www.folkland.lv\/wp-content\/uploads\/2023\/07\/2035-1.jpg\" \/>\n\t<meta property=\"og:image:width\" content=\"1500\" \/>\n\t<meta property=\"og:image:height\" content=\"1500\" \/>\n\t<meta property=\"og:image:type\" content=\"image\/jpeg\" \/>\n<meta name=\"twitter:card\" content=\"summary_large_image\" \/>\n<meta name=\"twitter:label1\" content=\"Est. reading time\" \/>\n\t<meta name=\"twitter:data1\" content=\"2 minutes\" \/>\n<script type=\"application\/ld+json\" class=\"yoast-schema-graph\">{\"@context\":\"https:\/\/schema.org\",\"@graph\":[{\"@type\":\"WebPage\",\"@id\":\"https:\/\/www.folkland.lv\/en\/prece\/single-wooden-bed-lacquered-copy\/\",\"url\":\"https:\/\/www.folkland.lv\/en\/prece\/single-wooden-bed-lacquered-copy\/\",\"name\":\"Wooden single bed dark grey - Folkland\",\"isPartOf\":{\"@id\":\"https:\/\/www.folkland.lv\/#website\"},\"primaryImageOfPage\":{\"@id\":\"https:\/\/www.folkland.lv\/en\/prece\/single-wooden-bed-lacquered-copy\/#primaryimage\"},\"image\":{\"@id\":\"https:\/\/www.folkland.lv\/en\/prece\/single-wooden-bed-lacquered-copy\/#primaryimage\"},\"thumbnailUrl\":\"https:\/\/www.folkland.lv\/wp-content\/uploads\/2023\/07\/2035-1.jpg\",\"datePublished\":\"2023-07-07T06:41:44+00:00\",\"dateModified\":\"2023-07-11T08:03:17+00:00\",\"breadcrumb\":{\"@id\":\"https:\/\/www.folkland.lv\/en\/prece\/single-wooden-bed-lacquered-copy\/#breadcrumb\"},\"inLanguage\":\"en-US\",\"potentialAction\":[{\"@type\":\"ReadAction\",\"target\":[\"https:\/\/www.folkland.lv\/en\/prece\/single-wooden-bed-lacquered-copy\/\"]}]},{\"@type\":\"ImageObject\",\"inLanguage\":\"en-US\",\"@id\":\"https:\/\/www.folkland.lv\/en\/prece\/single-wooden-bed-lacquered-copy\/#primaryimage\",\"url\":\"https:\/\/www.folkland.lv\/wp-content\/uploads\/2023\/07\/2035-1.jpg\",\"contentUrl\":\"https:\/\/www.folkland.lv\/wp-content\/uploads\/2023\/07\/2035-1.jpg\",\"width\":1500,\"height\":1500,\"caption\":\"Produktbeschreibung: Unser komfortables Holzbett 90x200 cm begeistert vor allem durch seine nat\u00fcrliche Sch\u00f6nheit, dem zeitlosen Design und der stabilen Verarbeitung. Ob im Schlafzimmer, Jugendzimmer oder G\u00e4stezimmer - das Bett l\u00e4sst sich aufgrund seines dezenten Designs perfekt in jeden Schlafraum integrieren. Der Bettrahmen samt Kopfteil ist aus massiver Kiefer und wei\u00df lackiert. Passend zum Bettgestell gibt es ein Rolllattenrost kostenfrei dazu. Produktdetails: Einzelbett 90 x 200 cm Bettgestell mit Lattenrost abgerundete Kanten und Pfosten Material &amp; Farbe: massive Kiefer wei\u00df lackiert Ma\u00dfe: Liegefl\u00e4che: 90x200 cm Bett Au\u00dfenma\u00df (B x T x H): 94,5 x 204,5 x 66,7 cm H\u00f6he Kopfteil: 37,5 cm H\u00f6he Fu\u00dfteil: 30 cm Oberkante Bettseite: 30 cm Stauh\u00f6he unter dem Bett: 18 cm Einlegetiefe Matratze: 3,5 cm Materialst\u00e4rke: 20 mm Lieferdetails: Bettw\u00e4sche, Matratze und Dekoration sind nicht im Lieferumfang enthalten Lieferung erfolgt per Paketdienst Produkt wird zerlegt geliefert und muss montiert werden Aufbauanleitung, Zubeh\u00f6r zur Montage befinden sich im Paket\"},{\"@type\":\"BreadcrumbList\",\"@id\":\"https:\/\/www.folkland.lv\/en\/prece\/single-wooden-bed-lacquered-copy\/#breadcrumb\",\"itemListElement\":[{\"@type\":\"ListItem\",\"position\":1,\"name\":\"Home\",\"item\":\"https:\/\/www.folkland.lv\/en\/\"},{\"@type\":\"ListItem\",\"position\":2,\"name\":\"Shop\",\"item\":\"https:\/\/www.folkland.lv\/en\/shop\/\"},{\"@type\":\"ListItem\",\"position\":3,\"name\":\"Wooden single bed dark grey\"}]},{\"@type\":\"WebSite\",\"@id\":\"https:\/\/www.folkland.lv\/#website\",\"url\":\"https:\/\/www.folkland.lv\/\",\"name\":\"Folkland\",\"description\":\"\",\"potentialAction\":[{\"@type\":\"SearchAction\",\"target\":{\"@type\":\"EntryPoint\",\"urlTemplate\":\"https:\/\/www.folkland.lv\/?s={search_term_string}\"},\"query-input\":\"required name=search_term_string\"}],\"inLanguage\":\"en-US\"}]}<\/script>\n<!-- \/ Yoast SEO plugin. -->","yoast_head_json":{"title":"Wooden single bed dark grey - Folkland","robots":{"index":"index","follow":"follow","max-snippet":"max-snippet:-1","max-image-preview":"max-image-preview:large","max-video-preview":"max-video-preview:-1"},"canonical":"https:\/\/www.folkland.lv\/en\/prece\/single-wooden-bed-lacquered-copy\/","og_locale":"en_US","og_type":"article","og_title":"Wooden single bed dark grey - Folkland","og_description":"Single wooden bed made of solid pine.  Solid pine wood bed made in Latvia, from Latvian pine.  The design of the bed is very light and simple, therefore, it will fit well in the classic interior, as well as in country and holiday homes, camping sites.","og_url":"https:\/\/www.folkland.lv\/en\/prece\/single-wooden-bed-lacquered-copy\/","og_site_name":"Folkland","article_modified_time":"2023-07-11T08:03:17+00:00","og_image":[{"width":1500,"height":1500,"url":"https:\/\/www.folkland.lv\/wp-content\/uploads\/2023\/07\/2035-1.jpg","type":"image\/jpeg"}],"twitter_card":"summary_large_image","twitter_misc":{"Est. reading time":"2 minutes"},"schema":{"@context":"https:\/\/schema.org","@graph":[{"@type":"WebPage","@id":"https:\/\/www.folkland.lv\/en\/prece\/single-wooden-bed-lacquered-copy\/","url":"https:\/\/www.folkland.lv\/en\/prece\/single-wooden-bed-lacquered-copy\/","name":"Wooden single bed dark grey - Folkland","isPartOf":{"@id":"https:\/\/www.folkland.lv\/#website"},"primaryImageOfPage":{"@id":"https:\/\/www.folkland.lv\/en\/prece\/single-wooden-bed-lacquered-copy\/#primaryimage"},"image":{"@id":"https:\/\/www.folkland.lv\/en\/prece\/single-wooden-bed-lacquered-copy\/#primaryimage"},"thumbnailUrl":"https:\/\/www.folkland.lv\/wp-content\/uploads\/2023\/07\/2035-1.jpg","datePublished":"2023-07-07T06:41:44+00:00","dateModified":"2023-07-11T08:03:17+00:00","breadcrumb":{"@id":"https:\/\/www.folkland.lv\/en\/prece\/single-wooden-bed-lacquered-copy\/#breadcrumb"},"inLanguage":"en-US","potentialAction":[{"@type":"ReadAction","target":["https:\/\/www.folkland.lv\/en\/prece\/single-wooden-bed-lacquered-copy\/"]}]},{"@type":"ImageObject","inLanguage":"en-US","@id":"https:\/\/www.folkland.lv\/en\/prece\/single-wooden-bed-lacquered-copy\/#primaryimage","url":"https:\/\/www.folkland.lv\/wp-content\/uploads\/2023\/07\/2035-1.jpg","contentUrl":"https:\/\/www.folkland.lv\/wp-content\/uploads\/2023\/07\/2035-1.jpg","width":1500,"height":1500,"caption":"Produktbeschreibung: Unser komfortables Holzbett 90x200 cm begeistert vor allem durch seine nat\u00fcrliche Sch\u00f6nheit, dem zeitlosen Design und der stabilen Verarbeitung. Ob im Schlafzimmer, Jugendzimmer oder G\u00e4stezimmer - das Bett l\u00e4sst sich aufgrund seines dezenten Designs perfekt in jeden Schlafraum integrieren. Der Bettrahmen samt Kopfteil ist aus massiver Kiefer und wei\u00df lackiert. Passend zum Bettgestell gibt es ein Rolllattenrost kostenfrei dazu. Produktdetails: Einzelbett 90 x 200 cm Bettgestell mit Lattenrost abgerundete Kanten und Pfosten Material &amp; Farbe: massive Kiefer wei\u00df lackiert Ma\u00dfe: Liegefl\u00e4che: 90x200 cm Bett Au\u00dfenma\u00df (B x T x H): 94,5 x 204,5 x 66,7 cm H\u00f6he Kopfteil: 37,5 cm H\u00f6he Fu\u00dfteil: 30 cm Oberkante Bettseite: 30 cm Stauh\u00f6he unter dem Bett: 18 cm Einlegetiefe Matratze: 3,5 cm Materialst\u00e4rke: 20 mm Lieferdetails: Bettw\u00e4sche, Matratze und Dekoration sind nicht im Lieferumfang enthalten Lieferung erfolgt per Paketdienst Produkt wird zerlegt geliefert und muss montiert werden Aufbauanleitung, Zubeh\u00f6r zur Montage befinden sich im Paket"},{"@type":"BreadcrumbList","@id":"https:\/\/www.folkland.lv\/en\/prece\/single-wooden-bed-lacquered-copy\/#breadcrumb","itemListElement":[{"@type":"ListItem","position":1,"name":"Home","item":"https:\/\/www.folkland.lv\/en\/"},{"@type":"ListItem","position":2,"name":"Shop","item":"https:\/\/www.folkland.lv\/en\/shop\/"},{"@type":"ListItem","position":3,"name":"Wooden single bed dark grey"}]},{"@type":"WebSite","@id":"https:\/\/www.folkland.lv\/#website","url":"https:\/\/www.folkland.lv\/","name":"Folkland","description":"","potentialAction":[{"@type":"SearchAction","target":{"@type":"EntryPoint","urlTemplate":"https:\/\/www.folkland.lv\/?s={search_term_string}"},"query-input":"required name=search_term_string"}],"inLanguage":"en-US"}]}},"_links":{"self":[{"href":"https:\/\/www.folkland.lv\/en\/wp-json\/wp\/v2\/product\/36001"}],"collection":[{"href":"https:\/\/www.folkland.lv\/en\/wp-json\/wp\/v2\/product"}],"about":[{"href":"https:\/\/www.folkland.lv\/en\/wp-json\/wp\/v2\/types\/product"}],"version-history":[{"count":2,"href":"https:\/\/www.folkland.lv\/en\/wp-json\/wp\/v2\/product\/36001\/revisions"}],"predecessor-version":[{"id":36186,"href":"https:\/\/www.folkland.lv\/en\/wp-json\/wp\/v2\/product\/36001\/revisions\/36186"}],"wp:featuredmedia":[{"embeddable":true,"href":"https:\/\/www.folkland.lv\/en\/wp-json\/wp\/v2\/media\/36025"}],"wp:attachment":[{"href":"https:\/\/www.folkland.lv\/en\/wp-json\/wp\/v2\/media?parent=36001"}],"wp:term":[{"taxonomy":"product_cat","embeddable":true,"href":"https:\/\/www.folkland.lv\/en\/wp-json\/wp\/v2\/product_cat?post=36001"},{"taxonomy":"product_tag","embeddable":true,"href":"https:\/\/www.folkland.lv\/en\/wp-json\/wp\/v2\/product_tag?post=36001"}],"curies":[{"name":"wp","href":"https:\/\/api.w.org\/{rel}","templated":true}]}}