{"id":33213,"date":"2021-09-14T13:28:27","date_gmt":"2021-09-14T10:28:27","guid":{"rendered":"https:\/\/www.folkland.lv\/prece\/atputas-kresls-eriso-6\/"},"modified":"2022-09-13T13:43:49","modified_gmt":"2022-09-13T10:43:49","slug":"atputas-kresls-eriso-6","status":"publish","type":"product","link":"https:\/\/www.folkland.lv\/en\/prece\/atputas-kresls-eriso-6\/","title":{"rendered":"Atp\u016btas kr\u0113sls ERISO 6"},"content":{"rendered":"<h3>Inform\u0101cija par produktu:<\/h3>\n<div class=\"ty-product-feature\">\n<p><span class=\"ty-product-feature__label\"><strong>Garums<\/strong>: 800 mm;<\/span><\/p>\n<div class=\"ty-product-feature__value\"><\/div>\n<\/div>\n<div class=\"ty-product-feature\">\n<p><span class=\"ty-product-feature__label\"><strong>Dzi\u013cums<\/strong>: 750 mm;<\/span><\/p>\n<div class=\"ty-product-feature__value\"><\/div>\n<\/div>\n<div class=\"ty-product-feature\"><span class=\"ty-product-feature__label\"><strong>Augstums<\/strong>: 750 mm;<\/span><\/div>\n<div><\/div>\n<div><\/div>\n<div><strong>k\u0101ju daudzums<\/strong>: 4;<\/div>\n<div><\/div>\n<div><strong>K\u0101ju materi\u0101ls:\u00a0<\/strong>Koks;<\/div>\n<div><\/div>\n<div class=\"ty-product-feature\">\n<div><strong>Apdares materi\u0101ls:<\/strong> Audums;<\/div>\n<\/div>\n<div><\/div>\n<div class=\"ty-product-feature\"><span class=\"ty-product-feature__label\"><strong>Kr\u0101sa<\/strong>: Kr\u0113ma;<\/span><\/div>\n<div><\/div>\n<div><strong><span class=\"ty-product-feature__label\">Izgatavot\u0101js:\u00a0<\/span><\/strong>Konsimo (Eiropa);<\/div>\n","protected":false},"excerpt":{"rendered":"<p>Katru dienu dom\u0101jot par komfortu un \u0113rt\u012bb\u0101m, ERISO kolekcijas m\u012bkst\u0101s m\u0113beles ir lab\u0101ko speci\u0101listu darba rezult\u0101ts. V\u0101jas, siltas kr\u0101sas kombin\u0101cij\u0101 ar koka k\u0101j\u0101m lieliski iek\u013caujas modernaj\u0101 skandin\u0101vu aran\u017e\u0113juma stil\u0101. Ne tikai neticami \u0113rti, bet ar\u012b dro\u0161i atzveltnes kr\u0113sli ir izgatavoti tikai no p\u0101rbaud\u012btiem, iztur\u012bgiem materi\u0101liem. Skandin\u0101vu m\u0113beles no kolekcijas <strong>ERISO<\/strong> ir priek\u0161likums silt\u0101 minim\u0101lisma cien\u012bt\u0101jiem. Tie labi darbosies ne tikai atp\u016btas telp\u0101s, bet ar\u012b viesu istab\u0101s un pat viesn\u012bc\u0101s, restor\u0101nos un uzgaid\u0101maj\u0101s telp\u0101s. Tie rada p\u0101rsteidzo\u0161u \u0123imenes atmosf\u0113ru interjer\u0101 &#8211; vi\u0146i uzticami pilda savu funkciju pat daudzus gadus.<\/p>\n<p>Skandin\u0101vu <strong>ERISO<\/strong> m\u0113beles lieliski sader ar cit\u0101m \u0161\u012bs tendences kolekcij\u0101m, kuras izstr\u0101d\u0101ju\u0161i m\u016bsu speci\u0101listi. Konsimo varat stil\u012bgi iek\u0101rtot visu savu dz\u012bves telpu!<\/p>\n","protected":false},"featured_media":25783,"template":"","meta":{"_acf_changed":false},"product_cat":[457,480,482],"product_tag":[],"acf":[],"yoast_head":"<!-- This site is optimized with the Yoast SEO plugin v23.0 - https:\/\/yoast.com\/wordpress\/plugins\/seo\/ -->\n<title>Atp\u016btas kr\u0113sls ERISO 6 - Folkland<\/title>\n<meta name=\"robots\" content=\"index, follow, max-snippet:-1, max-image-preview:large, max-video-preview:-1\" \/>\n<link rel=\"canonical\" href=\"https:\/\/www.folkland.lv\/en\/prece\/atputas-kresls-eriso-6\/\" \/>\n<meta property=\"og:locale\" content=\"en_US\" \/>\n<meta property=\"og:type\" content=\"article\" \/>\n<meta property=\"og:title\" content=\"Atp\u016btas kr\u0113sls ERISO 6 - Folkland\" \/>\n<meta property=\"og:description\" content=\"Katru dienu dom\u0101jot par komfortu un \u0113rt\u012bb\u0101m, ERISO kolekcijas m\u012bkst\u0101s m\u0113beles ir lab\u0101ko speci\u0101listu darba rezult\u0101ts. V\u0101jas, siltas kr\u0101sas kombin\u0101cij\u0101 ar koka k\u0101j\u0101m lieliski iek\u013caujas modernaj\u0101 skandin\u0101vu aran\u017e\u0113juma stil\u0101. Ne tikai neticami \u0113rti, bet ar\u012b dro\u0161i atzveltnes kr\u0113sli ir izgatavoti tikai no p\u0101rbaud\u012btiem, iztur\u012bgiem materi\u0101liem. Skandin\u0101vu m\u0113beles no kolekcijas ERISO ir priek\u0161likums silt\u0101 minim\u0101lisma cien\u012bt\u0101jiem. Tie labi darbosies ne tikai atp\u016btas telp\u0101s, bet ar\u012b viesu istab\u0101s un pat viesn\u012bc\u0101s, restor\u0101nos un uzgaid\u0101maj\u0101s telp\u0101s. Tie rada p\u0101rsteidzo\u0161u \u0123imenes atmosf\u0113ru interjer\u0101 - vi\u0146i uzticami pilda savu funkciju pat daudzus gadus.  Skandin\u0101vu ERISO m\u0113beles lieliski sader ar cit\u0101m \u0161\u012bs tendences kolekcij\u0101m, kuras izstr\u0101d\u0101ju\u0161i m\u016bsu speci\u0101listi. Konsimo varat stil\u012bgi iek\u0101rtot visu savu dz\u012bves telpu!\" \/>\n<meta property=\"og:url\" content=\"https:\/\/www.folkland.lv\/en\/prece\/atputas-kresls-eriso-6\/\" \/>\n<meta property=\"og:site_name\" content=\"Folkland\" \/>\n<meta property=\"article:modified_time\" content=\"2022-09-13T10:43:49+00:00\" \/>\n<meta property=\"og:image\" content=\"https:\/\/www.folkland.lv\/wp-content\/uploads\/2021\/09\/1040202700_01_f_1-950x633_result.jpg\" \/>\n\t<meta property=\"og:image:width\" content=\"900\" \/>\n\t<meta property=\"og:image:height\" content=\"900\" \/>\n\t<meta property=\"og:image:type\" content=\"image\/jpeg\" \/>\n<meta name=\"twitter:card\" content=\"summary_large_image\" \/>\n<meta name=\"twitter:label1\" content=\"Est. reading time\" \/>\n\t<meta name=\"twitter:data1\" content=\"1 minute\" \/>\n<script type=\"application\/ld+json\" class=\"yoast-schema-graph\">{\"@context\":\"https:\/\/schema.org\",\"@graph\":[{\"@type\":\"WebPage\",\"@id\":\"https:\/\/www.folkland.lv\/en\/prece\/atputas-kresls-eriso-6\/\",\"url\":\"https:\/\/www.folkland.lv\/en\/prece\/atputas-kresls-eriso-6\/\",\"name\":\"Atp\u016btas kr\u0113sls ERISO 6 - Folkland\",\"isPartOf\":{\"@id\":\"https:\/\/www.folkland.lv\/#website\"},\"primaryImageOfPage\":{\"@id\":\"https:\/\/www.folkland.lv\/en\/prece\/atputas-kresls-eriso-6\/#primaryimage\"},\"image\":{\"@id\":\"https:\/\/www.folkland.lv\/en\/prece\/atputas-kresls-eriso-6\/#primaryimage\"},\"thumbnailUrl\":\"https:\/\/www.folkland.lv\/wp-content\/uploads\/2021\/09\/1040202700_01_f_1-950x633_result.jpg\",\"datePublished\":\"2021-09-14T10:28:27+00:00\",\"dateModified\":\"2022-09-13T10:43:49+00:00\",\"breadcrumb\":{\"@id\":\"https:\/\/www.folkland.lv\/en\/prece\/atputas-kresls-eriso-6\/#breadcrumb\"},\"inLanguage\":\"en-US\",\"potentialAction\":[{\"@type\":\"ReadAction\",\"target\":[\"https:\/\/www.folkland.lv\/en\/prece\/atputas-kresls-eriso-6\/\"]}]},{\"@type\":\"ImageObject\",\"inLanguage\":\"en-US\",\"@id\":\"https:\/\/www.folkland.lv\/en\/prece\/atputas-kresls-eriso-6\/#primaryimage\",\"url\":\"https:\/\/www.folkland.lv\/wp-content\/uploads\/2021\/09\/1040202700_01_f_1-950x633_result.jpg\",\"contentUrl\":\"https:\/\/www.folkland.lv\/wp-content\/uploads\/2021\/09\/1040202700_01_f_1-950x633_result.jpg\",\"width\":900,\"height\":900},{\"@type\":\"BreadcrumbList\",\"@id\":\"https:\/\/www.folkland.lv\/en\/prece\/atputas-kresls-eriso-6\/#breadcrumb\",\"itemListElement\":[{\"@type\":\"ListItem\",\"position\":1,\"name\":\"Home\",\"item\":\"https:\/\/www.folkland.lv\/en\/\"},{\"@type\":\"ListItem\",\"position\":2,\"name\":\"Shop\",\"item\":\"https:\/\/www.folkland.lv\/en\/shop\/\"},{\"@type\":\"ListItem\",\"position\":3,\"name\":\"Atp\u016btas kr\u0113sls ERISO 6\"}]},{\"@type\":\"WebSite\",\"@id\":\"https:\/\/www.folkland.lv\/#website\",\"url\":\"https:\/\/www.folkland.lv\/\",\"name\":\"Folkland\",\"description\":\"\",\"potentialAction\":[{\"@type\":\"SearchAction\",\"target\":{\"@type\":\"EntryPoint\",\"urlTemplate\":\"https:\/\/www.folkland.lv\/?s={search_term_string}\"},\"query-input\":\"required name=search_term_string\"}],\"inLanguage\":\"en-US\"}]}<\/script>\n<!-- \/ Yoast SEO plugin. -->","yoast_head_json":{"title":"Atp\u016btas kr\u0113sls ERISO 6 - Folkland","robots":{"index":"index","follow":"follow","max-snippet":"max-snippet:-1","max-image-preview":"max-image-preview:large","max-video-preview":"max-video-preview:-1"},"canonical":"https:\/\/www.folkland.lv\/en\/prece\/atputas-kresls-eriso-6\/","og_locale":"en_US","og_type":"article","og_title":"Atp\u016btas kr\u0113sls ERISO 6 - Folkland","og_description":"Katru dienu dom\u0101jot par komfortu un \u0113rt\u012bb\u0101m, ERISO kolekcijas m\u012bkst\u0101s m\u0113beles ir lab\u0101ko speci\u0101listu darba rezult\u0101ts. V\u0101jas, siltas kr\u0101sas kombin\u0101cij\u0101 ar koka k\u0101j\u0101m lieliski iek\u013caujas modernaj\u0101 skandin\u0101vu aran\u017e\u0113juma stil\u0101. Ne tikai neticami \u0113rti, bet ar\u012b dro\u0161i atzveltnes kr\u0113sli ir izgatavoti tikai no p\u0101rbaud\u012btiem, iztur\u012bgiem materi\u0101liem. Skandin\u0101vu m\u0113beles no kolekcijas ERISO ir priek\u0161likums silt\u0101 minim\u0101lisma cien\u012bt\u0101jiem. Tie labi darbosies ne tikai atp\u016btas telp\u0101s, bet ar\u012b viesu istab\u0101s un pat viesn\u012bc\u0101s, restor\u0101nos un uzgaid\u0101maj\u0101s telp\u0101s. Tie rada p\u0101rsteidzo\u0161u \u0123imenes atmosf\u0113ru interjer\u0101 - vi\u0146i uzticami pilda savu funkciju pat daudzus gadus.  Skandin\u0101vu ERISO m\u0113beles lieliski sader ar cit\u0101m \u0161\u012bs tendences kolekcij\u0101m, kuras izstr\u0101d\u0101ju\u0161i m\u016bsu speci\u0101listi. Konsimo varat stil\u012bgi iek\u0101rtot visu savu dz\u012bves telpu!","og_url":"https:\/\/www.folkland.lv\/en\/prece\/atputas-kresls-eriso-6\/","og_site_name":"Folkland","article_modified_time":"2022-09-13T10:43:49+00:00","og_image":[{"width":900,"height":900,"url":"https:\/\/www.folkland.lv\/wp-content\/uploads\/2021\/09\/1040202700_01_f_1-950x633_result.jpg","type":"image\/jpeg"}],"twitter_card":"summary_large_image","twitter_misc":{"Est. reading time":"1 minute"},"schema":{"@context":"https:\/\/schema.org","@graph":[{"@type":"WebPage","@id":"https:\/\/www.folkland.lv\/en\/prece\/atputas-kresls-eriso-6\/","url":"https:\/\/www.folkland.lv\/en\/prece\/atputas-kresls-eriso-6\/","name":"Atp\u016btas kr\u0113sls ERISO 6 - Folkland","isPartOf":{"@id":"https:\/\/www.folkland.lv\/#website"},"primaryImageOfPage":{"@id":"https:\/\/www.folkland.lv\/en\/prece\/atputas-kresls-eriso-6\/#primaryimage"},"image":{"@id":"https:\/\/www.folkland.lv\/en\/prece\/atputas-kresls-eriso-6\/#primaryimage"},"thumbnailUrl":"https:\/\/www.folkland.lv\/wp-content\/uploads\/2021\/09\/1040202700_01_f_1-950x633_result.jpg","datePublished":"2021-09-14T10:28:27+00:00","dateModified":"2022-09-13T10:43:49+00:00","breadcrumb":{"@id":"https:\/\/www.folkland.lv\/en\/prece\/atputas-kresls-eriso-6\/#breadcrumb"},"inLanguage":"en-US","potentialAction":[{"@type":"ReadAction","target":["https:\/\/www.folkland.lv\/en\/prece\/atputas-kresls-eriso-6\/"]}]},{"@type":"ImageObject","inLanguage":"en-US","@id":"https:\/\/www.folkland.lv\/en\/prece\/atputas-kresls-eriso-6\/#primaryimage","url":"https:\/\/www.folkland.lv\/wp-content\/uploads\/2021\/09\/1040202700_01_f_1-950x633_result.jpg","contentUrl":"https:\/\/www.folkland.lv\/wp-content\/uploads\/2021\/09\/1040202700_01_f_1-950x633_result.jpg","width":900,"height":900},{"@type":"BreadcrumbList","@id":"https:\/\/www.folkland.lv\/en\/prece\/atputas-kresls-eriso-6\/#breadcrumb","itemListElement":[{"@type":"ListItem","position":1,"name":"Home","item":"https:\/\/www.folkland.lv\/en\/"},{"@type":"ListItem","position":2,"name":"Shop","item":"https:\/\/www.folkland.lv\/en\/shop\/"},{"@type":"ListItem","position":3,"name":"Atp\u016btas kr\u0113sls ERISO 6"}]},{"@type":"WebSite","@id":"https:\/\/www.folkland.lv\/#website","url":"https:\/\/www.folkland.lv\/","name":"Folkland","description":"","potentialAction":[{"@type":"SearchAction","target":{"@type":"EntryPoint","urlTemplate":"https:\/\/www.folkland.lv\/?s={search_term_string}"},"query-input":"required name=search_term_string"}],"inLanguage":"en-US"}]}},"_links":{"self":[{"href":"https:\/\/www.folkland.lv\/en\/wp-json\/wp\/v2\/product\/33213"}],"collection":[{"href":"https:\/\/www.folkland.lv\/en\/wp-json\/wp\/v2\/product"}],"about":[{"href":"https:\/\/www.folkland.lv\/en\/wp-json\/wp\/v2\/types\/product"}],"version-history":[{"count":1,"href":"https:\/\/www.folkland.lv\/en\/wp-json\/wp\/v2\/product\/33213\/revisions"}],"predecessor-version":[{"id":33217,"href":"https:\/\/www.folkland.lv\/en\/wp-json\/wp\/v2\/product\/33213\/revisions\/33217"}],"wp:featuredmedia":[{"embeddable":true,"href":"https:\/\/www.folkland.lv\/en\/wp-json\/wp\/v2\/media\/25783"}],"wp:attachment":[{"href":"https:\/\/www.folkland.lv\/en\/wp-json\/wp\/v2\/media?parent=33213"}],"wp:term":[{"taxonomy":"product_cat","embeddable":true,"href":"https:\/\/www.folkland.lv\/en\/wp-json\/wp\/v2\/product_cat?post=33213"},{"taxonomy":"product_tag","embeddable":true,"href":"https:\/\/www.folkland.lv\/en\/wp-json\/wp\/v2\/product_tag?post=33213"}],"curies":[{"name":"wp","href":"https:\/\/api.w.org\/{rel}","templated":true}]}}