{"id":11041,"date":"2021-04-13T09:05:47","date_gmt":"2021-04-13T06:10:45","guid":{"rendered":"https:\/\/www.folkland.lv\/?post_type=product&#038;p=11041"},"modified":"2021-04-13T09:10:45","modified_gmt":"2021-04-13T06:10:45","slug":"013-sandbox-150-x-150-x-h30cm-white-graphite","status":"publish","type":"product","link":"https:\/\/www.folkland.lv\/en\/prece\/013-sandbox-150-x-150-x-h30cm-white-graphite\/","title":{"rendered":"013 Sandbox 150 x 150 x H30cm White\/Graphite"},"content":{"rendered":"<p><strong>Description<\/strong><\/p>\n<p><strong>Attention <\/strong>\u2013 Furniture is made out of natural pine wood, wood is a natural material which under the direct influence of external factors (sun, rain, wind, snow) can cause changes in shape, colour and structure, resin and micro cracks may also appear.<\/p>\n<p><strong>Care<\/strong> \u2013 This product has additional wood protection, no special care is required. You can clean the dirt and dust that was generated during operation with water and cloth. It is recommended to renew the protective paint layer once a year at the end of the garden season.<\/p>\n<p><strong>Storage<\/strong> \u2013 If the furniture is not used for a long time, it can be covered with a cover to hide it from direct sunlight, possible water and wind damage. In winter, the furniture preferably should be stored in a dry place, it will prolong its service life and in the new season it will look like brand new.<\/p>\n<p><strong>Product information:<\/strong><\/p>\n<ul>\n<li>Sandbox dimensions 150cm x 150cm x 30cm (width x length x height);<\/li>\n<li>Material \u2013 Pine \/ spruce;<\/li>\n<li>Colour \u2013 White\/Graphite;<\/li>\n<li><strong>Wood<\/strong><strong> protection<\/strong> \u2013 Vivacolor Villa Akva (modified, matt water-based paint for wooden surfaces in exterior works. The paint forms a dirt and water-repellent surface. Villa Akva provides excellent shade and gloss resistance);<\/li>\n<li>Delivered disassembled \/ assembly required;<\/li>\n<li>Included \u2013 schematic assembly instructions and fittings;<\/li>\n<li>Packaging \u2013 cardboard box;<\/li>\n<li>Package size \u2013 47cm x 152cm x 15cm (width x length x height);<\/li>\n<li>Weight \u2013 42 kg;<\/li>\n<\/ul>\n","protected":false},"excerpt":{"rendered":"<p><strong>Key facts:<\/strong><\/p>\n<ul>\n<li>Wood is an aesthetic, natural and durable material, it does not heat up in the sun, as it does with plastic boxes;<\/li>\n<li>The sandbox is equipped with transformable lid to keep the sand clean;<\/li>\n<li>When the cover is open, it transforms into a seat;<\/li>\n<li>This model has a back support for more comfortable sitting;<\/li>\n<li>Additional wood protection has been implemented;<\/li>\n<\/ul>\n","protected":false},"featured_media":28342,"template":"","meta":{"_acf_changed":false},"product_cat":[452,198,202],"product_tag":[],"acf":[],"yoast_head":"<!-- This site is optimized with the Yoast SEO plugin v23.0 - https:\/\/yoast.com\/wordpress\/plugins\/seo\/ -->\n<title>013 Sandbox 150 x 150 x H30cm White\/Graphite - Folkland<\/title>\n<meta name=\"robots\" content=\"index, follow, max-snippet:-1, max-image-preview:large, max-video-preview:-1\" \/>\n<link rel=\"canonical\" href=\"https:\/\/www.folkland.lv\/en\/prece\/013-sandbox-150-x-150-x-h30cm-white-graphite\/\" \/>\n<meta property=\"og:locale\" content=\"en_US\" \/>\n<meta property=\"og:type\" content=\"article\" \/>\n<meta property=\"og:title\" content=\"013 Sandbox 150 x 150 x H30cm White\/Graphite - Folkland\" \/>\n<meta property=\"og:description\" content=\"Key facts:   Wood is an aesthetic, natural and durable material, it does not heat up in the sun, as it does with plastic boxes;  The sandbox is equipped with transformable lid to keep the sand clean;  When the cover is open, it transforms into a seat;  This model has a back support for more comfortable sitting;  Additional wood protection has been implemented;\" \/>\n<meta property=\"og:url\" content=\"https:\/\/www.folkland.lv\/en\/prece\/013-sandbox-150-x-150-x-h30cm-white-graphite\/\" \/>\n<meta property=\"og:site_name\" content=\"Folkland\" \/>\n<meta property=\"og:image\" content=\"https:\/\/www.folkland.lv\/wp-content\/uploads\/2019\/03\/150x150-CC-600x400_result.jpg\" \/>\n\t<meta property=\"og:image:width\" content=\"900\" \/>\n\t<meta property=\"og:image:height\" content=\"900\" \/>\n\t<meta property=\"og:image:type\" content=\"image\/jpeg\" \/>\n<meta name=\"twitter:card\" content=\"summary_large_image\" \/>\n<meta name=\"twitter:label1\" content=\"Est. reading time\" \/>\n\t<meta name=\"twitter:data1\" content=\"1 minute\" \/>\n<script type=\"application\/ld+json\" class=\"yoast-schema-graph\">{\"@context\":\"https:\/\/schema.org\",\"@graph\":[{\"@type\":\"WebPage\",\"@id\":\"https:\/\/www.folkland.lv\/en\/prece\/013-sandbox-150-x-150-x-h30cm-white-graphite\/\",\"url\":\"https:\/\/www.folkland.lv\/en\/prece\/013-sandbox-150-x-150-x-h30cm-white-graphite\/\",\"name\":\"013 Sandbox 150 x 150 x H30cm White\/Graphite - Folkland\",\"isPartOf\":{\"@id\":\"https:\/\/www.folkland.lv\/#website\"},\"primaryImageOfPage\":{\"@id\":\"https:\/\/www.folkland.lv\/en\/prece\/013-sandbox-150-x-150-x-h30cm-white-graphite\/#primaryimage\"},\"image\":{\"@id\":\"https:\/\/www.folkland.lv\/en\/prece\/013-sandbox-150-x-150-x-h30cm-white-graphite\/#primaryimage\"},\"thumbnailUrl\":\"https:\/\/www.folkland.lv\/wp-content\/uploads\/2019\/03\/150x150-CC-600x400_result.jpg\",\"datePublished\":\"2021-04-13T06:10:45+00:00\",\"dateModified\":\"2021-04-13T06:10:45+00:00\",\"breadcrumb\":{\"@id\":\"https:\/\/www.folkland.lv\/en\/prece\/013-sandbox-150-x-150-x-h30cm-white-graphite\/#breadcrumb\"},\"inLanguage\":\"en-US\",\"potentialAction\":[{\"@type\":\"ReadAction\",\"target\":[\"https:\/\/www.folkland.lv\/en\/prece\/013-sandbox-150-x-150-x-h30cm-white-graphite\/\"]}]},{\"@type\":\"ImageObject\",\"inLanguage\":\"en-US\",\"@id\":\"https:\/\/www.folkland.lv\/en\/prece\/013-sandbox-150-x-150-x-h30cm-white-graphite\/#primaryimage\",\"url\":\"https:\/\/www.folkland.lv\/wp-content\/uploads\/2019\/03\/150x150-CC-600x400_result.jpg\",\"contentUrl\":\"https:\/\/www.folkland.lv\/wp-content\/uploads\/2019\/03\/150x150-CC-600x400_result.jpg\",\"width\":900,\"height\":900,\"caption\":\"Smil\u0161u kaste ar salok\u0101mu v\u0101ku, smilts t\u012br\u012bbas saglab\u0101\u0161anai. Atverot v\u0101ku, tas transform\u0113jas par s\u0113dekl\u012bti.\"},{\"@type\":\"BreadcrumbList\",\"@id\":\"https:\/\/www.folkland.lv\/en\/prece\/013-sandbox-150-x-150-x-h30cm-white-graphite\/#breadcrumb\",\"itemListElement\":[{\"@type\":\"ListItem\",\"position\":1,\"name\":\"Home\",\"item\":\"https:\/\/www.folkland.lv\/en\/\"},{\"@type\":\"ListItem\",\"position\":2,\"name\":\"Shop\",\"item\":\"https:\/\/www.folkland.lv\/en\/shop\/\"},{\"@type\":\"ListItem\",\"position\":3,\"name\":\"013 Sandbox 150 x 150 x H30cm White\/Graphite\"}]},{\"@type\":\"WebSite\",\"@id\":\"https:\/\/www.folkland.lv\/#website\",\"url\":\"https:\/\/www.folkland.lv\/\",\"name\":\"Folkland\",\"description\":\"\",\"potentialAction\":[{\"@type\":\"SearchAction\",\"target\":{\"@type\":\"EntryPoint\",\"urlTemplate\":\"https:\/\/www.folkland.lv\/?s={search_term_string}\"},\"query-input\":\"required name=search_term_string\"}],\"inLanguage\":\"en-US\"}]}<\/script>\n<!-- \/ Yoast SEO plugin. -->","yoast_head_json":{"title":"013 Sandbox 150 x 150 x H30cm White\/Graphite - Folkland","robots":{"index":"index","follow":"follow","max-snippet":"max-snippet:-1","max-image-preview":"max-image-preview:large","max-video-preview":"max-video-preview:-1"},"canonical":"https:\/\/www.folkland.lv\/en\/prece\/013-sandbox-150-x-150-x-h30cm-white-graphite\/","og_locale":"en_US","og_type":"article","og_title":"013 Sandbox 150 x 150 x H30cm White\/Graphite - Folkland","og_description":"Key facts:   Wood is an aesthetic, natural and durable material, it does not heat up in the sun, as it does with plastic boxes;  The sandbox is equipped with transformable lid to keep the sand clean;  When the cover is open, it transforms into a seat;  This model has a back support for more comfortable sitting;  Additional wood protection has been implemented;","og_url":"https:\/\/www.folkland.lv\/en\/prece\/013-sandbox-150-x-150-x-h30cm-white-graphite\/","og_site_name":"Folkland","og_image":[{"width":900,"height":900,"url":"https:\/\/www.folkland.lv\/wp-content\/uploads\/2019\/03\/150x150-CC-600x400_result.jpg","type":"image\/jpeg"}],"twitter_card":"summary_large_image","twitter_misc":{"Est. reading time":"1 minute"},"schema":{"@context":"https:\/\/schema.org","@graph":[{"@type":"WebPage","@id":"https:\/\/www.folkland.lv\/en\/prece\/013-sandbox-150-x-150-x-h30cm-white-graphite\/","url":"https:\/\/www.folkland.lv\/en\/prece\/013-sandbox-150-x-150-x-h30cm-white-graphite\/","name":"013 Sandbox 150 x 150 x H30cm White\/Graphite - Folkland","isPartOf":{"@id":"https:\/\/www.folkland.lv\/#website"},"primaryImageOfPage":{"@id":"https:\/\/www.folkland.lv\/en\/prece\/013-sandbox-150-x-150-x-h30cm-white-graphite\/#primaryimage"},"image":{"@id":"https:\/\/www.folkland.lv\/en\/prece\/013-sandbox-150-x-150-x-h30cm-white-graphite\/#primaryimage"},"thumbnailUrl":"https:\/\/www.folkland.lv\/wp-content\/uploads\/2019\/03\/150x150-CC-600x400_result.jpg","datePublished":"2021-04-13T06:10:45+00:00","dateModified":"2021-04-13T06:10:45+00:00","breadcrumb":{"@id":"https:\/\/www.folkland.lv\/en\/prece\/013-sandbox-150-x-150-x-h30cm-white-graphite\/#breadcrumb"},"inLanguage":"en-US","potentialAction":[{"@type":"ReadAction","target":["https:\/\/www.folkland.lv\/en\/prece\/013-sandbox-150-x-150-x-h30cm-white-graphite\/"]}]},{"@type":"ImageObject","inLanguage":"en-US","@id":"https:\/\/www.folkland.lv\/en\/prece\/013-sandbox-150-x-150-x-h30cm-white-graphite\/#primaryimage","url":"https:\/\/www.folkland.lv\/wp-content\/uploads\/2019\/03\/150x150-CC-600x400_result.jpg","contentUrl":"https:\/\/www.folkland.lv\/wp-content\/uploads\/2019\/03\/150x150-CC-600x400_result.jpg","width":900,"height":900,"caption":"Smil\u0161u kaste ar salok\u0101mu v\u0101ku, smilts t\u012br\u012bbas saglab\u0101\u0161anai. Atverot v\u0101ku, tas transform\u0113jas par s\u0113dekl\u012bti."},{"@type":"BreadcrumbList","@id":"https:\/\/www.folkland.lv\/en\/prece\/013-sandbox-150-x-150-x-h30cm-white-graphite\/#breadcrumb","itemListElement":[{"@type":"ListItem","position":1,"name":"Home","item":"https:\/\/www.folkland.lv\/en\/"},{"@type":"ListItem","position":2,"name":"Shop","item":"https:\/\/www.folkland.lv\/en\/shop\/"},{"@type":"ListItem","position":3,"name":"013 Sandbox 150 x 150 x H30cm White\/Graphite"}]},{"@type":"WebSite","@id":"https:\/\/www.folkland.lv\/#website","url":"https:\/\/www.folkland.lv\/","name":"Folkland","description":"","potentialAction":[{"@type":"SearchAction","target":{"@type":"EntryPoint","urlTemplate":"https:\/\/www.folkland.lv\/?s={search_term_string}"},"query-input":"required name=search_term_string"}],"inLanguage":"en-US"}]}},"_links":{"self":[{"href":"https:\/\/www.folkland.lv\/en\/wp-json\/wp\/v2\/product\/11041"}],"collection":[{"href":"https:\/\/www.folkland.lv\/en\/wp-json\/wp\/v2\/product"}],"about":[{"href":"https:\/\/www.folkland.lv\/en\/wp-json\/wp\/v2\/types\/product"}],"version-history":[{"count":1,"href":"https:\/\/www.folkland.lv\/en\/wp-json\/wp\/v2\/product\/11041\/revisions"}],"predecessor-version":[{"id":11046,"href":"https:\/\/www.folkland.lv\/en\/wp-json\/wp\/v2\/product\/11041\/revisions\/11046"}],"wp:featuredmedia":[{"embeddable":true,"href":"https:\/\/www.folkland.lv\/en\/wp-json\/wp\/v2\/media\/28342"}],"wp:attachment":[{"href":"https:\/\/www.folkland.lv\/en\/wp-json\/wp\/v2\/media?parent=11041"}],"wp:term":[{"taxonomy":"product_cat","embeddable":true,"href":"https:\/\/www.folkland.lv\/en\/wp-json\/wp\/v2\/product_cat?post=11041"},{"taxonomy":"product_tag","embeddable":true,"href":"https:\/\/www.folkland.lv\/en\/wp-json\/wp\/v2\/product_tag?post=11041"}],"curies":[{"name":"wp","href":"https:\/\/api.w.org\/{rel}","templated":true}]}}